{"id":22274,"date":"2024-11-18T12:44:42","date_gmt":"2024-11-18T12:44:42","guid":{"rendered":"https:\/\/flaxmanlaw.wpenginepowered.com\/colisiones-por-girar-a-la-izquierda-en-miami-lakes-abogados-de-accidentes-de-coche-en-el-condado-de-miami-dade\/"},"modified":"2024-11-18T12:44:42","modified_gmt":"2024-11-18T12:44:42","slug":"colisiones-por-girar-a-la-izquierda-en-miami-lakes-abogados-de-accidentes-de-coche-en-el-condado-de-miami-dade","status":"publish","type":"page","link":"https:\/\/flaxmanlaw.com\/es\/colisiones-por-girar-a-la-izquierda-en-miami-lakes-abogados-de-accidentes-de-coche-en-el-condado-de-miami-dade\/","title":{"rendered":"Colisiones por girar a la izquierda en Miami Lakes | Abogados de accidentes de coche en el condado de Miami-Dade"},"content":{"rendered":"<div class=\"bodytext\">\n<h2>Colisiones por girar a la izquierda en Miami Lakes<\/h1><\/h2>\n<div class=\"description\">\n<p>Por desgracia, las colisiones por giro a la izquierda en Florida y Miami Lakes son demasiado frecuentes, cuestan demasiadas vidas y provocan demasiadas lesiones cada a\u00f1o. En la mayor\u00eda de los casos, se trata de accidentes de intersecci\u00f3n evitables, causados por conductores que no se toman la molestia de comprobar si hay tr\u00e1fico en sentido contrario o no ceden el paso. <\/p>\n<p>Los abogados del Grupo Legal Flaxman han trabajado en miles de casos de accidentes de tr\u00e1fico y lesiones personales. Estamos orgullosos de nuestro historial de recuperar m\u00e1s de 100 millones de d\u00f3lares a favor de los demandantes y estamos orgullosos de nuestro compromiso total con los clientes. Trabajamos las veinticuatro horas del d\u00eda para prestar asistencia y asesoramiento jur\u00eddico a los clientes. Nuestro objetivo es siempre buscar la justicia y la plena indemnizaci\u00f3n en nombre de los perjudicados. Si desea saber c\u00f3mo nuestro equipo de abogados puede ayudarle en su caso, contacte hoy mismo al Grupo Legal Flaxman para una evaluaci\u00f3n gratuita de su caso.    <\/p>\n<p><strong class=\"heading4\">No Cometas Estos Errores Tras un Accidente por Girar a la Izquierda en Miami Lakes o en tu Comunidad<\/strong><\/p>\n<p>Los minutos, d\u00edas y semanas siguientes a un accidente de coche pueden ser devastadores. Puede que sufras graves dolores y lesiones como consecuencia del accidente, que tengas que lidiar con el complicado proceso del seguro y que est\u00e9s asustado y alterado. Por desgracia, en este tipo de escenario es f\u00e1cil que se produzcan errores. Sin embargo, si has sufrido lesiones graves en un accidente de tr\u00e1fico, no querr\u00e1s cometer esos errores:   <\/p>\n<p><strong>1) No recibir asesoramiento m\u00e9dico.<\/strong>  Aunque no parezcas tener ning\u00fan s\u00edntoma, es importante obtener asesoramiento m\u00e9dico tras el accidente. Sobre todo si te has golpeado la cabeza, es importante que te hagan una evaluaci\u00f3n m\u00e9dica inmediata. Algunos traumatismos craneoencef\u00e1licos potencialmente mortales, lesiones por dolor cr\u00f3nico, lesiones de espalda, latigazo cervical, lesiones de tejidos blandos y otras lesiones graves no siempre presentan s\u00edntomas de inmediato, pero aun as\u00ed pueden ser devastadoras. Pedir consejo m\u00e9dico puede ayudarte a obtener un diagn\u00f3stico y a iniciar inmediatamente el tratamiento necesario. Obtener asesoramiento m\u00e9dico inmediato tambi\u00e9n garantiza que un m\u00e9dico pueda documentar tus lesiones para que quede claro que tu accidente las caus\u00f3.    <\/p>\n<p><strong>2) No recibir asesoramiento jur\u00eddico.<\/strong>  Muchas personas dan por sentado que su compa\u00f1\u00eda de seguros de autom\u00f3vil les proteger\u00e1 tras una colisi\u00f3n y nunca se molestan en buscar asesoramiento jur\u00eddico. Por desgracia, puede ser un error muy caro. Las compa\u00f1\u00edas de seguros miran ante todo por sus accionistas. Su principal objetivo es el beneficio. Por desgracia, las compa\u00f1\u00edas de seguros pueden obtener los mayores beneficios si no pagan la indemnizaci\u00f3n m\u00e1xima posible en cada caso.    <\/p>\n<p>Si has resultado lesionado en un accidente de tr\u00e1fico, contacta con el Grupo Legal Flaxman, un bufete de servicios integrales en Florida del Sur. Nuestros abogados comprenden la devastaci\u00f3n que puede causar una colisi\u00f3n de tr\u00e1fico grave, pero tambi\u00e9n comprendemos los pasos que deben darse para proteger los derechos del demandante y para mejorar sus posibilidades de obtener la m\u00e1xima compensaci\u00f3n por sus lesiones. Nuestro bufete de abogados de servicios integrales trabaja con expertos en reconstrucci\u00f3n de accidentes, ingenieros, peritos y otros profesionales para ayudar a construir casos s\u00f3lidos. Como somos un bufete de servicios integrales, tambi\u00e9n podemos ocuparnos de todos los detalles de tu caso, desde la consulta inicial hasta la diligencia debida para conseguir la cantidad m\u00e1s justa posible en las negociaciones o en los tribunales. <a href=\"contacta con nosotros.html\">Ponte en contacto con nosotros hoy mismo<\/a> para una revisi\u00f3n gratuita de tu caso.   <\/p>\n<\/p><\/div>\n<\/p><\/div>\n","protected":false},"excerpt":{"rendered":"<p>Sin honorarios a menos que ganemos. Llama al 866-352-9626 para una &#8230; <\/p>\n","protected":false},"author":3,"featured_media":0,"parent":0,"menu_order":0,"comment_status":"closed","ping_status":"closed","template":"template-practice-areas.php","meta":{"footnotes":""},"class_list":["post-22274","page","type-page","status-publish","hentry"],"featured_image_src":null,"featured_image_src_square":null,"_links":{"self":[{"href":"https:\/\/flaxmanlaw.com\/es\/wp-json\/wp\/v2\/pages\/22274","targetHints":{"allow":["GET"]}}],"collection":[{"href":"https:\/\/flaxmanlaw.com\/es\/wp-json\/wp\/v2\/pages"}],"about":[{"href":"https:\/\/flaxmanlaw.com\/es\/wp-json\/wp\/v2\/types\/page"}],"author":[{"embeddable":true,"href":"https:\/\/flaxmanlaw.com\/es\/wp-json\/wp\/v2\/users\/3"}],"replies":[{"embeddable":true,"href":"https:\/\/flaxmanlaw.com\/es\/wp-json\/wp\/v2\/comments?post=22274"}],"version-history":[{"count":0,"href":"https:\/\/flaxmanlaw.com\/es\/wp-json\/wp\/v2\/pages\/22274\/revisions"}],"wp:attachment":[{"href":"https:\/\/flaxmanlaw.com\/es\/wp-json\/wp\/v2\/media?parent=22274"}],"curies":[{"name":"wp","href":"https:\/\/api.w.org\/{rel}","templated":true}]}}