{"id":22277,"date":"2024-11-18T12:44:44","date_gmt":"2024-11-18T12:44:44","guid":{"rendered":"https:\/\/flaxmanlaw.wpenginepowered.com\/miami-springs-fallo-mecanico-abogados-de-accidentes-de-coche-del-condado-de-miami-dade\/"},"modified":"2024-11-18T12:44:44","modified_gmt":"2024-11-18T12:44:44","slug":"miami-springs-fallo-mecanico-abogados-de-accidentes-de-coche-del-condado-de-miami-dade","status":"publish","type":"page","link":"https:\/\/flaxmanlaw.com\/es\/miami-springs-fallo-mecanico-abogados-de-accidentes-de-coche-del-condado-de-miami-dade\/","title":{"rendered":"Miami Springs Fallo Mec\u00e1nico | Abogados de Accidentes de Coche del Condado de Miami-Dade"},"content":{"rendered":"<div class=\"bodytext\">\n<h2>Fallo Mec\u00e1nico Miami Springs<\/h1><\/h2>\n<div class=\"description\">\n<p>Casi todos los componentes de un coche pueden sufrir fallos mec\u00e1nicos. Los limpiaparabrisas, los airbags, los faros delanteros y traseros, el sistema de direcci\u00f3n, los neum\u00e1ticos, los frenos y otros componentes pueden fallar o no actuar como esperas. Cuando esto ocurre mientras conduces, puede provocar un accidente devastador, sobre todo si circulas por una autopista muy transitada.  <\/p>\n<p>Si has resultado lesionado en un accidente automovil\u00edstico en Miami Springs causado por una falla mec\u00e1nica o si sospechas que la falla de una placa mec\u00e1nica jug\u00f3 un papel en tus lesiones, <a href=\"contacta con nosotros.html\">contacta<\/a> al Grupo Legal Flaxman para programar una evaluaci\u00f3n gratuita de tu caso y averiguar qu\u00e9 se puede hacer en tu caso para asegurar que puedas buscar una compensaci\u00f3n justa por tus lesiones.<\/p>\n<p><strong class=\"heading4\">Las lesiones por colisi\u00f3n pueden provocar preocupaciones econ\u00f3micas<\/strong><\/p>\n<p>Es posible que tengas que hacer frente a bastantes gastos tras tu accidente de coche si \u00e9ste ha sido causado por un fallo mec\u00e1nico:<\/p>\n<ul>\n<li>Facturas m\u00e9dicas<\/li>\n<li>Gastos m\u00e9dicos de larga duraci\u00f3n, como rehabilitaci\u00f3n y cuidados a domicilio<\/li>\n<li>El coste de hacer tu casa y tu coche accesibles mientras te curas<\/li>\n<li>Gastos m\u00e9dicos imprevistos, como el coste de aparatos ortop\u00e9dicos, pr\u00f3tesis y otros dispositivos<\/li>\n<li>Medicaci\u00f3n<\/li>\n<li>Transporte de ida y vuelta a las citas m\u00e9dicas<\/li>\n<li>Sustituci\u00f3n de cualquier bien que estuviera en el veh\u00edculo en el momento del accidente y que se haya estropeado (esto puede incluir ordenadores port\u00e1tiles, c\u00e1maras y dispositivos m\u00f3viles, por ejemplo).<\/li>\n<li>Gastos de reparaci\u00f3n o sustituci\u00f3n del coche<\/li>\n<li>Sustituci\u00f3n de salarios perdidos<\/li>\n<li>Sustituci\u00f3n de las oportunidades de ingresos perdidas<\/li>\n<\/ul>\n<p>Cuanto m\u00e1s tarden en curar tus lesiones y cuanto m\u00e1s graves sean \u00e9stas, m\u00e1s gastos tendr\u00e1s probablemente.<\/p>\n<p><strong class=\"heading4\">C\u00f3mo los fallos mec\u00e1nicos provocan colisiones de tr\u00e1fico en Miami Springs<\/strong><\/p>\n<p>Hay muchas formas en que un fallo mec\u00e1nico puede provocar un <a href=\"accidentes-coche.html\">accidente de coche<\/a>:<\/p>\n<ul>\n<li>Tus frenos pueden dejar de funcionar, provocando que choques por detr\u00e1s con el coche que te precede<\/li>\n<li>Un airbag puede desplegarse demasiado pronto, da\u00f1\u00e1ndote o caus\u00e1ndote lesiones faciales<\/li>\n<li>Un airbag o un cintur\u00f3n de seguridad pueden no funcionar correctamente, provocando traumatismos craneales y lesiones cerebrales<\/li>\n<li>El coche puede estar sobrecargado, y puede volcar o hacerte perder el control del veh\u00edculo en determinadas situaciones<\/li>\n<li>Tus neum\u00e1ticos pueden reventar o no funcionar correctamente, haci\u00e9ndote perder el control en un accidente de tr\u00e1fico<\/li>\n<li>Los frenos pueden no actuar adecuadamente, haciendo que tu coche gire sin control o no se detenga para evitar un accidente<\/li>\n<\/ul>\n<p><a href=\"charles-flaxman.html\">Charles Flaxman<\/a>, del Grupo Legal Flaxman, trabaj\u00f3 durante 10 a\u00f1os en la industria de los seguros y durante m\u00e1s de 25 a\u00f1os como abogado litigante. Su experiencia en la industria aseguradora le ha permitido apreciar las t\u00e1cticas que las aseguradoras utilizan para subvaluar o negar las reclamaciones. Entiende exactamente las leyes de seguros que afectan a tu reclamaci\u00f3n y esto puede ayudarle cuando negocia con las compa\u00f1\u00edas de seguros en tu nombre. Ha trabajado con miles de demandantes por lesiones personales en todo el Sur de Florida y conoce el sistema judicial local, as\u00ed como las leyes que podr\u00edan afectar a tu caso. Para hablar con Charles Flaxman o con cualquiera de los otros abogados <a href=\"index.html\">del Grupo Legal Flaxman<\/a>, llame hoy mismo a la firma de servicios integrales para concertar una cita gratuita.    <\/p>\n<\/p><\/div>\n<\/p><\/div>\n","protected":false},"excerpt":{"rendered":"<p>Sin honorarios a menos que ganemos. Llama al 866-352-9626 para una &#8230; <\/p>\n","protected":false},"author":3,"featured_media":0,"parent":0,"menu_order":0,"comment_status":"closed","ping_status":"closed","template":"template-practice-areas.php","meta":{"footnotes":""},"class_list":["post-22277","page","type-page","status-publish","hentry"],"featured_image_src":null,"featured_image_src_square":null,"_links":{"self":[{"href":"https:\/\/flaxmanlaw.com\/es\/wp-json\/wp\/v2\/pages\/22277","targetHints":{"allow":["GET"]}}],"collection":[{"href":"https:\/\/flaxmanlaw.com\/es\/wp-json\/wp\/v2\/pages"}],"about":[{"href":"https:\/\/flaxmanlaw.com\/es\/wp-json\/wp\/v2\/types\/page"}],"author":[{"embeddable":true,"href":"https:\/\/flaxmanlaw.com\/es\/wp-json\/wp\/v2\/users\/3"}],"replies":[{"embeddable":true,"href":"https:\/\/flaxmanlaw.com\/es\/wp-json\/wp\/v2\/comments?post=22277"}],"version-history":[{"count":0,"href":"https:\/\/flaxmanlaw.com\/es\/wp-json\/wp\/v2\/pages\/22277\/revisions"}],"wp:attachment":[{"href":"https:\/\/flaxmanlaw.com\/es\/wp-json\/wp\/v2\/media?parent=22277"}],"curies":[{"name":"wp","href":"https:\/\/api.w.org\/{rel}","templated":true}]}}