{"id":22278,"date":"2024-11-18T12:44:44","date_gmt":"2024-11-18T12:44:44","guid":{"rendered":"https:\/\/flaxmanlaw.wpenginepowered.com\/abuso-en-residencias-de-ancianos-en-miami-springs-abogados-de-negligencia-de-ancianos-en-el-condado-de-miami-dade\/"},"modified":"2024-11-18T12:44:44","modified_gmt":"2024-11-18T12:44:44","slug":"abuso-en-residencias-de-ancianos-en-miami-springs-abogados-de-negligencia-de-ancianos-en-el-condado-de-miami-dade","status":"publish","type":"page","link":"https:\/\/flaxmanlaw.com\/es\/abuso-en-residencias-de-ancianos-en-miami-springs-abogados-de-negligencia-de-ancianos-en-el-condado-de-miami-dade\/","title":{"rendered":"Abuso en residencias de ancianos en Miami Springs | Abogados de negligencia de ancianos en el condado de Miami-Dade"},"content":{"rendered":"<div class=\"bodytext\">\n<h2>Abuso en residencias de ancianos de Miami Springs<\/h1><\/h2>\n<div class=\"description\">\n<p>Miami Springs, situada en el condado de Miami-Dade, en el sur de Florida, es una comunidad planificada con muchos espacios verdes y una arquitectura maravillosa. La comunidad es conocida por su arquitectura de estilo Pueblo y Misi\u00f3n, as\u00ed como por su historia de la aviaci\u00f3n. Esta ciudad singularmente triangular fue conocida en su d\u00eda como sede de l\u00edderes de la industria de la aviaci\u00f3n y fue cuartel general de algunas aerol\u00edneas. Hoy, esa historia sigue presente aunque muchas empresas relacionadas con la aviaci\u00f3n de la comunidad hayan cerrado o se hayan trasladado.   <\/p>\n<p>En Miami Springs y en toda Florida, la poblaci\u00f3n est\u00e1 encaneciendo. Las estad\u00edsticas muestran que el n\u00famero de residentes ancianos en Florida y en todo el pa\u00eds est\u00e1 creciendo. Esto significa que aumenta el n\u00famero de residentes ancianos en residencias de ancianos. Por desgracia, tambi\u00e9n puede significar un aumento de los casos de <a href=\"abuso en residencias de ancianos.html\">residencia de ancianos y de abusos y negligencias en Miami Springs<\/a>. Aunque muchas residencias de ancianos y centros de vida asistida prestan cuidados de alto nivel a sus pacientes y residentes, algunos centros no prestan los cuidados b\u00e1sicos ni proporcionan un entorno seguro. La falta de personal, sobre todo, ha asolado el sector, con personal mal formado y demasiado poco personal en muchos centros asistenciales. Cuando el personal est\u00e1 mal formado o cuando hay demasiado poco personal para las tareas, los malos tratos y la negligencia pueden ser habituales. Por desgracia, puede ser dif\u00edcil determinar d\u00f3nde se producen abusos y negligencias en residencias de ancianos. En muchos casos, las v\u00edctimas de malos tratos y negligencia a ancianos de Miami Springs tienen miedo o verg\u00fcenza de revelar los malos tratos. En algunos casos tr\u00e1gicos, no se cree a las v\u00edctimas de malos tratos cuando denuncian los malos tratos o la negligencia.         <\/p>\n<p>En la mayor\u00eda de los casos, son los familiares astutos quienes advierten los signos de maltrato y abandono de ancianos en Miami Springs. Las familias deben estar siempre alerta ante los s\u00edntomas habituales de negligencia y maltrato en residencias de ancianos. Estos s\u00edntomas incluyen:  <\/p>\n<ul>\n<li>supervisi\u00f3n deficiente<\/li>\n<li>\u00falceras por presi\u00f3n<\/li>\n<li>huesos rotos<\/li>\n<li>desnutrici\u00f3n o p\u00e9rdida de peso inexplicable<\/li>\n<li>signos de abuso mental o sexual<\/li>\n<li>moratones<\/li>\n<li>aislamiento<\/li>\n<li>sujeciones ilegales o sobresedaci\u00f3n<\/li>\n<li>abuso verbal<\/li>\n<li>sepsis<\/li>\n<li>Accidentes por resbal\u00f3n y ca\u00edda en Miami Springs<\/li>\n<li>errores m\u00e9dicos<\/li>\n<li>lesiones inexplicables o urgencias m\u00e9dicas<\/li>\n<li>mala higiene<\/li>\n<li>p\u00e9rdida inexplicable de recursos econ\u00f3micos u objetos personales<\/li>\n<li>retraimiento o cambios repentinos de personalidad<\/li>\n<li>Lesiones por quemaduras en Miami Springs<\/li>\n<\/ul>\n<p>Si usted cree que su ser querido anciano ha sido v\u00edctima de abuso o negligencia en un asilo de ancianos en Miami Springs, contacte de inmediato al <a href=\"index.html\">Grupo Legal<\/a> Flaxman. El equipo legal del Grupo Legal Flaxman ha visto de primera mano la devastaci\u00f3n que el abuso y negligencia de ancianos puede causar. El compasivo personal puede ofrecerle consultas gratuitas y sin compromiso, que pueden ayudarle a responder a las preguntas que usted pueda tener sobre sus derechos y opciones. El equipo jur\u00eddico del Grupo Legal Flaxman puede investigar posibles casos de abuso, puede ayudarle a determinar el mejor curso de acci\u00f3n, y puede ayudarle a informarse sobre sus derechos y opciones para que pueda tomar la decisi\u00f3n correcta en su caso. El Grupo Legal Flaxman tambi\u00e9n est\u00e1 dispuesto a trabajar en base a honorarios de contingencia, lo que significa que si usted decide levantar una demanda legal, no tendr\u00e1 que pagar costos legales hasta que el Grupo Legal Flaxman recupere una compensaci\u00f3n en su nombre. Cuanto m\u00e1s se prolongue el abuso y la negligencia, m\u00e1s probabilidades habr\u00e1 de que se produzcan lesiones graves o muertes. Si crees que un ser querido anciano sufre abusos o negligencia, el momento de actuar es ahora. <a href=\"contacta con nosotros.html\">Contacta<\/a> hoy mismo <a href=\"contacta con nosotros.html\">con<\/a> el Grupo Legal Flaxman. El tel\u00e9fono del Grupo Legal Flaxman est\u00e1 atendido las 24 horas del d\u00eda, siete d\u00edas a la semana, para que siempre puedas contactar a un operador en vivo para recibir ayuda.       <\/p>\n<\/p><\/div>\n<\/p><\/div>\n","protected":false},"excerpt":{"rendered":"<p>Sin honorarios a menos que ganemos. Llama al 866-352-9626 para una &#8230; <\/p>\n","protected":false},"author":3,"featured_media":0,"parent":0,"menu_order":0,"comment_status":"closed","ping_status":"closed","template":"template-practice-areas.php","meta":{"footnotes":""},"class_list":["post-22278","page","type-page","status-publish","hentry"],"featured_image_src":null,"featured_image_src_square":null,"_links":{"self":[{"href":"https:\/\/flaxmanlaw.com\/es\/wp-json\/wp\/v2\/pages\/22278","targetHints":{"allow":["GET"]}}],"collection":[{"href":"https:\/\/flaxmanlaw.com\/es\/wp-json\/wp\/v2\/pages"}],"about":[{"href":"https:\/\/flaxmanlaw.com\/es\/wp-json\/wp\/v2\/types\/page"}],"author":[{"embeddable":true,"href":"https:\/\/flaxmanlaw.com\/es\/wp-json\/wp\/v2\/users\/3"}],"replies":[{"embeddable":true,"href":"https:\/\/flaxmanlaw.com\/es\/wp-json\/wp\/v2\/comments?post=22278"}],"version-history":[{"count":0,"href":"https:\/\/flaxmanlaw.com\/es\/wp-json\/wp\/v2\/pages\/22278\/revisions"}],"wp:attachment":[{"href":"https:\/\/flaxmanlaw.com\/es\/wp-json\/wp\/v2\/media?parent=22278"}],"curies":[{"name":"wp","href":"https:\/\/api.w.org\/{rel}","templated":true}]}}