{"id":22279,"date":"2024-11-18T12:44:44","date_gmt":"2024-11-18T12:44:44","guid":{"rendered":"https:\/\/flaxmanlaw.wpenginepowered.com\/miami-springs-supervision-inadecuada-abogados-de-abusos-en-residencias-de-ancianos-del-condado-de-miami-dade\/"},"modified":"2024-11-18T12:44:44","modified_gmt":"2024-11-18T12:44:44","slug":"miami-springs-supervision-inadecuada-abogados-de-abusos-en-residencias-de-ancianos-del-condado-de-miami-dade","status":"publish","type":"page","link":"https:\/\/flaxmanlaw.com\/es\/miami-springs-supervision-inadecuada-abogados-de-abusos-en-residencias-de-ancianos-del-condado-de-miami-dade\/","title":{"rendered":"Miami Springs Supervisi\u00f3n inadecuada | Abogados de abusos en residencias de ancianos del condado de Miami-Dade"},"content":{"rendered":"<div class=\"bodytext\">\n<h2>Miami Springs Supervisi\u00f3n inadecuada<\/h1><\/h2>\n<div class=\"description\">\n<p>A menudo, los residentes y pacientes de centros de vida asistida y residencias de ancianos de Miami Springs y otras comunidades se encuentran en una situaci\u00f3n en la que no se les puede dejar solos durante largos periodos de tiempo. Pueden padecer enfermedades, como la demencia, que les hacen vulnerables a accidentes con peatones, resbalones y ca\u00eddas, y otros problemas. En algunos casos, los residentes pueden estar tan d\u00e9biles que no pueden realizar sin peligro ni siquiera tareas sencillas como asearse o ba\u00f1arse. La supervisi\u00f3n tambi\u00e9n puede ser importante en las ocupaciones de mayor riesgo y en las guarder\u00edas.   <\/p>\n<p>Se espera que las residencias de ancianos y los centros de vida asistida, as\u00ed como otros entornos asistenciales, proporcionen la supervisi\u00f3n necesaria para mantener a salvo a residentes y pacientes. Cuando el personal no lo hace, puede exig\u00edrsele responsabilidades si su negligencia provoca da\u00f1os o lesiones a los pacientes y residentes. Si un ser querido ha resultado lesionado por abuso o negligencia en un asilo de ancianos en Miami Springs o en Florida del Sur, no dudes en contactar al Grupo Legal Flaxman para recibir una consulta gratuita y sin compromiso para averiguar si tienes una demanda.  <\/p>\n<p><strong class=\"heading4\">Muchos Peligros son Posibles con una Supervisi\u00f3n Negligente en Miami Springs o en tu Comunidad<\/strong><\/p>\n<p>Proporcionar una supervisi\u00f3n adecuada es vital en situaciones en las que hay ni\u00f1os implicados o en situaciones de cuidado a largo plazo. La supervisi\u00f3n tambi\u00e9n puede ser una parte importante de las ocupaciones de mayor riesgo. Sin una supervisi\u00f3n adecuada, pueden producirse muchos tipos de lesiones y accidentes, entre ellos:  <\/p>\n<ul>\n<li>Ahogamiento y casi ahogamiento<\/li>\n<li>Accidentes por resbalones y ca\u00eddas<\/li>\n<li>Lesiones en la cabeza<\/li>\n<li>Negligencia m\u00e9dica<\/li>\n<li>Abandono y maltrato<\/li>\n<li>Lesiones en centros de vida asistida, residencias y residencias de ancianos<\/li>\n<li>Deshidrataci\u00f3n y desnutrici\u00f3n<\/li>\n<li>Lesiones laborales<\/li>\n<li>Residentes de residencias de ancianos que deambulan por el tr\u00e1fico u otras situaciones peligrosas<\/li>\n<li>Quemaduras<\/li>\n<li>Lesiones en la cabeza<\/li>\n<li>Lesiones medulares<\/li>\n<li>Fracturas<\/li>\n<li>Maltrato<\/li>\n<\/ul>\n<p>Se espera que la supervisi\u00f3n proteja a las personas de todos estos peligros. En residencias, residencias de ancianos, centros de vida asistida y otros entornos asistenciales, la supervisi\u00f3n tiene por objeto proteger a los residentes para que no se hagan da\u00f1o a s\u00ed mismos ni sean da\u00f1ados por otros. En las situaciones de cuidado de ni\u00f1os, la supervisi\u00f3n tiene por objeto proporcionar un mayor nivel de seguridad a los ni\u00f1os, que pueden no comprender qu\u00e9 tareas y situaciones constituyen un peligro. En algunas ocupaciones de mayor riesgo, la supervisi\u00f3n en el trabajo puede evitar lesiones laborales y mantener a salvo a los visitantes de un lugar de trabajo.   <\/p>\n<p>Cuando los responsables son negligentes a la hora de proporcionar supervisores bien formados y en n\u00famero suficiente, pueden producirse lesiones graves e incluso muertes. En estas situaciones, es importante responsabilizar a las partes implicadas para garantizar que otros no resulten heridos por imprudencia. Presentar una demanda judicial tambi\u00e9n puede ayudar a las partes lesionadas y a sus familias a conseguir dinero para pagar las facturas del hospital, los cuidados y otros gastos relacionados con sus lesiones.  <\/p>\n<p><strong class=\"heading4\">\u00bfTienes derecho a reclamar en tu caso?<\/strong><\/p>\n<p>Si un ser querido ha resultado lesionado en un asilo de ancianos o en un centro de vida asistida, al menos querr\u00e1s consultar con un abogado de lesiones personales <a href=\"index.html\">del Grupo Legal Flaxman<\/a> para averiguar si tienes una demanda u otras opciones que puedan ayudarte a ayudar a tu familiar o amigo. Nuestros abogados han manejado miles de casos de lesiones personales y tienen sesenta a\u00f1os de experiencia legal combinada. Podemos revisar tus opciones y los recursos locales que pueden ayudarte a ti y a tu familia durante este tiempo.  <\/p>\n<\/p><\/div>\n<\/p><\/div>\n","protected":false},"excerpt":{"rendered":"<p>Sin honorarios a menos que ganemos. Llama al 866-352-9626 para una &#8230; <\/p>\n","protected":false},"author":3,"featured_media":0,"parent":0,"menu_order":0,"comment_status":"closed","ping_status":"closed","template":"template-practice-areas.php","meta":{"footnotes":""},"class_list":["post-22279","page","type-page","status-publish","hentry"],"featured_image_src":null,"featured_image_src_square":null,"_links":{"self":[{"href":"https:\/\/flaxmanlaw.com\/es\/wp-json\/wp\/v2\/pages\/22279","targetHints":{"allow":["GET"]}}],"collection":[{"href":"https:\/\/flaxmanlaw.com\/es\/wp-json\/wp\/v2\/pages"}],"about":[{"href":"https:\/\/flaxmanlaw.com\/es\/wp-json\/wp\/v2\/types\/page"}],"author":[{"embeddable":true,"href":"https:\/\/flaxmanlaw.com\/es\/wp-json\/wp\/v2\/users\/3"}],"replies":[{"embeddable":true,"href":"https:\/\/flaxmanlaw.com\/es\/wp-json\/wp\/v2\/comments?post=22279"}],"version-history":[{"count":0,"href":"https:\/\/flaxmanlaw.com\/es\/wp-json\/wp\/v2\/pages\/22279\/revisions"}],"wp:attachment":[{"href":"https:\/\/flaxmanlaw.com\/es\/wp-json\/wp\/v2\/media?parent=22279"}],"curies":[{"name":"wp","href":"https:\/\/api.w.org\/{rel}","templated":true}]}}