{"id":22280,"date":"2024-11-18T12:44:44","date_gmt":"2024-11-18T12:44:44","guid":{"rendered":"https:\/\/flaxmanlaw.wpenginepowered.com\/miami-springs-perder-el-control-en-las-curvas-abogados-de-accidentes-de-motocicleta-del-condado-de-miami-dade\/"},"modified":"2024-11-18T12:44:44","modified_gmt":"2024-11-18T12:44:44","slug":"miami-springs-perder-el-control-en-las-curvas-abogados-de-accidentes-de-motocicleta-del-condado-de-miami-dade","status":"publish","type":"page","link":"https:\/\/flaxmanlaw.com\/es\/miami-springs-perder-el-control-en-las-curvas-abogados-de-accidentes-de-motocicleta-del-condado-de-miami-dade\/","title":{"rendered":"Miami Springs Perder el Control en las Curvas | Abogados de Accidentes de Motocicleta del Condado de Miami-Dade"},"content":{"rendered":"<div class=\"bodytext\">\n<h2>Miami Springs Pierde el Control en los Giros<\/h1><\/h2>\n<div class=\"description\">\n<p>Las colisiones de motocicletas en Miami Springs y Florida pueden incluir muchos tipos de choques. Pueden ser colisiones frontales con conductores de camiones, por ejemplo, o colisiones laterales con conductores distra\u00eddos. Un tipo muy com\u00fan de accidente de moto implica perder el control en los giros. Esto puede ocurrir si un motorista se inclina demasiado en la curva o frena incorrectamente durante un giro. En algunos casos, este tipo de colisiones se deben a un mal dise\u00f1o de la carretera o a conductores que hacen que el motorista se desv\u00ede de su trayectoria.    <\/p>\n<p>Si has resultado lesionado en un accidente de motocicleta en cualquier parte de Florida del Sur, siempre puedes llamar al Grupo Legal Flaxman al 866-352-9626 para programar una revisi\u00f3n gratuita de tu caso y poder hablar sobre tu posible caso con un abogado de lesiones personales.<\/p>\n<p><strong class=\"heading4\">Presentar Una Reclamaci\u00f3n Al Seguro En Miami Springs O En Tu Comunidad Tras Perder El Control En Las Curvas<\/strong><\/p>\n<p>Florida es un estado sin culpa. Esto significa que, en caso de accidente, es probable que tu compa\u00f1\u00eda de seguros se haga cargo de las lesiones, o que la compa\u00f1\u00eda de seguros del conductor culpable se haga cargo del coste de las lesiones. <\/p>\n<p>Sin embargo, si pierdes el control en un giro y resultas herido, es probable que est\u00e9s implicado en un accidente de moto en Miami Springs tu comunidad. Aunque puedas presentar una reclamaci\u00f3n a tu aseguradora para solicitar una indemnizaci\u00f3n por todas o algunas de tus p\u00e9rdidas, en estos casos puede ser un poco m\u00e1s dif\u00edcil conseguir una indemnizaci\u00f3n justa. La compa\u00f1\u00eda de seguros puede suponer que t\u00fa has provocado el accidente o que eres el motorista culpable, y eso puede dificultarte la b\u00fasqueda de una indemnizaci\u00f3n.  <\/p>\n<p>Para asegurarte de que esto no ocurra y de que obtengas la m\u00e1xima indemnizaci\u00f3n disponible, <a href=\"contacta con nosotros.html\">ponte en contacto con<\/a> un abogado especializado en lesiones personales para explorar tus opciones. No querr\u00e1s encontrarte en la situaci\u00f3n de estar en apuros econ\u00f3micos adem\u00e1s de gravemente lesionado f\u00edsicamente. Aunque tengas un seguro excelente, es importante que consultes con un abogado de lesiones personales para asegurarte de que entiendes exactamente cu\u00e1nto pueden costarte tus lesiones y exactamente por cu\u00e1nto dinero de indemnizaci\u00f3n deber\u00edas luchar. Es posible que puedas negociar con tu aseguradora o presentar una demanda judicial para obtener una indemnizaci\u00f3n m\u00e1s justa.   <\/p>\n<p><strong class=\"heading4\">\u00bfNecesitas hablar con un abogado especializado en accidentes de moto?<\/strong><\/p>\n<p>Si has sufrido lesiones, siempre puedes hablar sobre tu caso con Charles Flaxman, del Grupo Legal Flaxman, o con uno de nuestros abogados o asistentes legales del Grupo Legal Flaxman. Nuestro equipo de abogados y expertos legales cree que todos merecen asesor\u00eda legal si han sufrido lesiones. Nuestro equipo est\u00e1 disponible las veinticuatro horas del d\u00eda, los siete d\u00edas de la semana, a trav\u00e9s de nuestra l\u00ednea telef\u00f3nica 866-352-9626. Siempre puedes obtener asesoramiento jur\u00eddico y conocer los recursos de que dispones. Nuestro bufete de servicios integrales tambi\u00e9n cuenta con los recursos necesarios para negociar con las aseguradoras o llevar tu reclamaci\u00f3n ante los tribunales. Para saber m\u00e1s, llama hoy mismo <a href=\"index.html\">al Grupo Legal Flaxman<\/a> o utiliza el sitio web para contactarnos y obtener una revisi\u00f3n gratuita de tu caso.     <\/p>\n<\/p><\/div>\n<\/p><\/div>\n","protected":false},"excerpt":{"rendered":"<p>Sin honorarios a menos que ganemos. Llama al 866-352-9626 para una &#8230; <\/p>\n","protected":false},"author":3,"featured_media":0,"parent":0,"menu_order":0,"comment_status":"closed","ping_status":"closed","template":"template-practice-areas.php","meta":{"footnotes":""},"class_list":["post-22280","page","type-page","status-publish","hentry"],"featured_image_src":null,"featured_image_src_square":null,"_links":{"self":[{"href":"https:\/\/flaxmanlaw.com\/es\/wp-json\/wp\/v2\/pages\/22280","targetHints":{"allow":["GET"]}}],"collection":[{"href":"https:\/\/flaxmanlaw.com\/es\/wp-json\/wp\/v2\/pages"}],"about":[{"href":"https:\/\/flaxmanlaw.com\/es\/wp-json\/wp\/v2\/types\/page"}],"author":[{"embeddable":true,"href":"https:\/\/flaxmanlaw.com\/es\/wp-json\/wp\/v2\/users\/3"}],"replies":[{"embeddable":true,"href":"https:\/\/flaxmanlaw.com\/es\/wp-json\/wp\/v2\/comments?post=22280"}],"version-history":[{"count":0,"href":"https:\/\/flaxmanlaw.com\/es\/wp-json\/wp\/v2\/pages\/22280\/revisions"}],"wp:attachment":[{"href":"https:\/\/flaxmanlaw.com\/es\/wp-json\/wp\/v2\/media?parent=22280"}],"curies":[{"name":"wp","href":"https:\/\/api.w.org\/{rel}","templated":true}]}}