{"id":22281,"date":"2024-11-18T12:44:44","date_gmt":"2024-11-18T12:44:44","guid":{"rendered":"https:\/\/flaxmanlaw.wpenginepowered.com\/miami-springs-accidentes-de-moto-con-visibilidad-limitada-abogados-de-lesiones-de-moto-del-condado-de-miami-dade\/"},"modified":"2024-11-18T12:44:44","modified_gmt":"2024-11-18T12:44:44","slug":"miami-springs-accidentes-de-moto-con-visibilidad-limitada-abogados-de-lesiones-de-moto-del-condado-de-miami-dade","status":"publish","type":"page","link":"https:\/\/flaxmanlaw.com\/es\/miami-springs-accidentes-de-moto-con-visibilidad-limitada-abogados-de-lesiones-de-moto-del-condado-de-miami-dade\/","title":{"rendered":"Miami Springs Accidentes de Moto con Visibilidad Limitada | Abogados de Lesiones de Moto del Condado de Miami-Dade"},"content":{"rendered":"<div class=\"bodytext\">\n<h2>Accidentes de Motocicleta con Visibilidad Limitada en Miami Springs<\/h1><\/h2>\n<div class=\"description\">\n<p>Un accidente de moto puede ocurrir en cualquier momento y lugar. Sin embargo, los accidentes de moto son m\u00e1s probables en situaciones de escasa visibilidad. En calles mal iluminadas por la noche y con mal tiempo, los motoristas pueden simplemente no ver lo suficiente para evitar peligros graves y colisiones. Tampoco es raro que se produzcan accidentes de motocicleta de un solo veh\u00edculo en Miami Springs y Florida debido a la escasa visibilidad causada por un dise\u00f1o ineficaz de la carretera y otros problemas.   <\/p>\n<p>En el Grupo Legal Flaxman, comprendemos que un accidente de motocicleta puede ser abrumador para las v\u00edctimas de lesiones y sus seres queridos. Si usted ha resultado lesionado, probablemente tenga preguntas y a nuestra firma legal le gustar\u00eda ser de ayuda. Si desea hablar con un abogado de lesiones personales sobre su caso sin costo alguno, contacte hoy mismo al Grupo Legal Flaxman para una consulta gratuita sobre accidentes.  <\/p>\n<p><strong class=\"heading4\">\u00bfQu\u00e9 causa los accidentes de tr\u00e1fico con visibilidad limitada en Miami Springs y Florida?<\/strong><\/p>\n<p>Puede haber una serie de problemas que confluyen para causar accidentes de moto con visibilidad limitada en Florida:<\/p>\n<ul>\n<li>Mal dise\u00f1o de las carreteras<\/li>\n<li>Iluminaci\u00f3n deficiente de las carreteras<\/li>\n<li>Conductores distra\u00eddos<\/li>\n<li>Conductores fatigados<\/li>\n<li>Conductores ebrios<\/li>\n<li>Motocicletas sin equipo reflectante o faros adecuados<\/li>\n<li>Fallo mec\u00e1nico<\/li>\n<\/ul>\n<p>Sea cual sea la causa de tu accidente de moto, es importante obtener una evaluaci\u00f3n completa de la causa de la colisi\u00f3n. Obtener respuestas no s\u00f3lo te aporta tranquilidad, sino que tambi\u00e9n puede ayudarte a perseguir a todas las partes responsables mediante una reclamaci\u00f3n al seguro o una causa judicial. <\/p>\n<p><strong class=\"heading4\">Los accidentes de monociclo provocan lesiones graves<\/strong><\/p>\n<p>Si tienes un accidente mientras conduces tu motocicleta, puedes arriesgarte a sufrir lesiones m\u00e1s graves que si condujeras un cami\u00f3n o un turismo. Simplemente tienes menos capas de protecci\u00f3n entre t\u00fa y la carretera o entre t\u00fa y otro veh\u00edculo. Mientras que en un coche el cintur\u00f3n de seguridad y el airbag evitar\u00e1n que salgas despedido por el interior del veh\u00edculo o expulsado del mismo, en un accidente de moto es bastante frecuente salir despedido de la motocicleta y sufrir lesiones graves. Adem\u00e1s, las lesiones por aplastamiento son bastante frecuentes en este tipo de colisi\u00f3n si una motocicleta cae encima del motorista o si \u00e9ste queda atrapado debajo de otro veh\u00edculo. Las lesiones m\u00e1s frecuentes en los accidentes de moto pueden ser:    <\/p>\n<ul>\n<li>Fracturas<\/li>\n<li>Latigazo cervical<\/li>\n<li>Lesiones de tejidos blandos<\/li>\n<li>Lesiones en la cabeza<\/li>\n<li>Laceraciones y quemaduras de carretera<\/li>\n<li>Lesiones medulares<\/li>\n<li>Amputaciones<\/li>\n<li>Lesiones por aplastamiento<\/li>\n<li>Lesiones faciales<\/li>\n<\/ul>\n<p>Las muertes tambi\u00e9n son bastante frecuentes en los accidentes de moto, simplemente porque los motoristas tienen menos capas que los protejan en comparaci\u00f3n con los pasajeros de otros coches.<\/p>\n<p>Ya que los accidentes de motocicleta pueden ser complejos, usted querr\u00e1 una firma de abogados que pueda manejar las leyes y casos espec\u00edficos de conducci\u00f3n en Florida del Sur. Si usted desea hablar con un equipo legal que cuenta con m\u00e1s de 60 a\u00f1os de experiencia combinada en la corte, contacte <a href=\"contacta con nosotros.html\">al Grupo Legal Flaxman<\/a> para una consulta gratuita de su caso. Nuestra firma legal ha estado en el negocio por m\u00e1s de 35 a\u00f1os y nuestros abogados tienen m\u00e1s de seis d\u00e9cadas de experiencia combinada. Nuestros abogados son compasivos con los clientes mientras persiguen agresivamente la justicia en la sala del tribunal. Tu consulta inicial con nosotros es gratuita y sin compromiso.    <\/p>\n<\/p><\/div>\n<\/p><\/div>\n","protected":false},"excerpt":{"rendered":"<p>Sin honorarios a menos que ganemos. Llama al 866-352-9626 para una &#8230; <\/p>\n","protected":false},"author":3,"featured_media":0,"parent":0,"menu_order":0,"comment_status":"closed","ping_status":"closed","template":"template-practice-areas.php","meta":{"footnotes":""},"class_list":["post-22281","page","type-page","status-publish","hentry"],"featured_image_src":null,"featured_image_src_square":null,"_links":{"self":[{"href":"https:\/\/flaxmanlaw.com\/es\/wp-json\/wp\/v2\/pages\/22281","targetHints":{"allow":["GET"]}}],"collection":[{"href":"https:\/\/flaxmanlaw.com\/es\/wp-json\/wp\/v2\/pages"}],"about":[{"href":"https:\/\/flaxmanlaw.com\/es\/wp-json\/wp\/v2\/types\/page"}],"author":[{"embeddable":true,"href":"https:\/\/flaxmanlaw.com\/es\/wp-json\/wp\/v2\/users\/3"}],"replies":[{"embeddable":true,"href":"https:\/\/flaxmanlaw.com\/es\/wp-json\/wp\/v2\/comments?post=22281"}],"version-history":[{"count":0,"href":"https:\/\/flaxmanlaw.com\/es\/wp-json\/wp\/v2\/pages\/22281\/revisions"}],"wp:attachment":[{"href":"https:\/\/flaxmanlaw.com\/es\/wp-json\/wp\/v2\/media?parent=22281"}],"curies":[{"name":"wp","href":"https:\/\/api.w.org\/{rel}","templated":true}]}}