{"id":22283,"date":"2024-11-18T12:44:44","date_gmt":"2024-11-18T12:44:44","guid":{"rendered":"https:\/\/flaxmanlaw.wpenginepowered.com\/colisiones-por-girar-a-la-izquierda-en-miami-springs-abogados-de-accidentes-de-coche-en-el-condado-de-miami-dade\/"},"modified":"2024-11-18T12:44:44","modified_gmt":"2024-11-18T12:44:44","slug":"colisiones-por-girar-a-la-izquierda-en-miami-springs-abogados-de-accidentes-de-coche-en-el-condado-de-miami-dade","status":"publish","type":"page","link":"https:\/\/flaxmanlaw.com\/es\/colisiones-por-girar-a-la-izquierda-en-miami-springs-abogados-de-accidentes-de-coche-en-el-condado-de-miami-dade\/","title":{"rendered":"Colisiones por girar a la izquierda en Miami Springs | Abogados de accidentes de coche en el condado de Miami-Dade"},"content":{"rendered":"<div class=\"bodytext\">\n<h2>Colisiones por girar a la izquierda en Miami Springs<\/h1><\/h2>\n<div class=\"description\">\n<p>Las colisiones por giro a la izquierda suelen ser accidentes en intersecciones de Miami Springs y otras ciudades de Florida. Estos accidentes de tr\u00e1fico suelen producirse porque un motorista no cede el paso o realiza un giro de forma incorrecta. Desgraciadamente, los giros a la izquierda pueden ser un riesgo porque obligan a los conductores a atravesar otros carriles de tr\u00e1fico. Sin embargo, se espera que los conductores tengan cuidado al girar y respeten las normas de circulaci\u00f3n.   <\/p>\n<p>Cuando los automovilistas conducen imprudentemente, pueden ser considerados responsables si sus acciones provocan un accidente de tr\u00e1fico y lesiones. Si usted ha resultado lesionado en un accidente de tr\u00e1fico y le gustar\u00eda saber si tiene una demanda o cu\u00e1nto puede valer su demanda, contacte al Grupo Legal Flaxman para una evaluaci\u00f3n gratuita de su caso. El Grupo Legal Flaxman es una firma de servicios integrales ubicada en Florida del Sur. Nuestros abogados cuentan con m\u00e1s de 60 a\u00f1os de experiencia combinada y ya han logrado acuerdos y victorias judiciales a favor de miles de demandantes por accidentes automovil\u00edsticos y lesiones personales.   <\/p>\n<p><strong class=\"heading4\">\u00bfUn defecto de producto en Miami Springs o Florida provoc\u00f3 una colisi\u00f3n por giro a la izquierda?<\/strong><\/p>\n<p>La mayor\u00eda de las colisiones por giro a la izquierda se deben a una conducci\u00f3n negligente o temeraria, como la de un conductor que no cede el paso. Sin embargo, en algunos casos los defectos de los productos pueden provocar colisiones por giro a la izquierda. Por ejemplo, si tus luces de se\u00f1alizaci\u00f3n no funcionan correctamente o si tu pedal de freno u otros sistemas mec\u00e1nicos de tu veh\u00edculo no reaccionan adecuadamente, pueden contribuir a una colisi\u00f3n.  <\/p>\n<p>Si los defectos del producto de tu coche o de otro veh\u00edculo provocaron una colisi\u00f3n, el fabricante del coche puede ser considerado parcialmente responsable de tus lesiones. Por supuesto, puede ser dif\u00edcil saber exactamente qu\u00e9 cadena de acontecimientos condujo a una colisi\u00f3n. Por eso es importante consultar a un abogado especializado en lesiones personales. Un abogado puede iniciar una investigaci\u00f3n sobre el accidente y ayudarte a obtener las respuestas que mereces, al tiempo que te ayuda a reclamar una indemnizaci\u00f3n justa por tus p\u00e9rdidas econ\u00f3micas.   <\/p>\n<p><strong class=\"heading4\">Proteger tus derechos tras un accidente de tr\u00e1fico<\/strong><\/p>\n<p>Si te has visto implicado en un accidente de tr\u00e1fico grave, querr\u00e1s proteger tus derechos para asegurarte de que tienes buenas posibilidades de obtener una indemnizaci\u00f3n por tus lesiones. Proteger tus derechos puede garantizar que no renuncies inadvertidamente a tus opciones de obtener una indemnizaci\u00f3n que pueda ayudarte a pagar los salarios perdidos, las facturas m\u00e9dicas y otros gastos. <\/p>\n<p>Hay varias formas de proteger tus derechos. Una de las m\u00e1s importantes es consultar con un abogado de lesiones personales lo antes posible tras un accidente de tr\u00e1fico. Los abogados de lesiones personales del Grupo Legal Flaxman tienen l\u00edneas telef\u00f3nicas en el 866-352-9626 que atienden las 24 horas del d\u00eda, los siete d\u00edas de la semana, para que siempre puedas <a href=\"contacta con nosotros.html\">contactarlos<\/a> si has resultado lesionado. Nuestros abogados pueden reunirse en nuestras oficinas de Homestead, Hollywood o Miami. Si est\u00e1s demasiado lesionado para desplazarte, podemos ir a tu casa, lugar de trabajo o habitaci\u00f3n de hospital. En algunos casos, incluso podemos ofrecerte asesoramiento y asistencia por tel\u00e9fono.     <\/p>\n<\/p><\/div>\n<\/p><\/div>\n","protected":false},"excerpt":{"rendered":"<p>Sin honorarios a menos que ganemos. Llama al 866-352-9626 para una &#8230; <\/p>\n","protected":false},"author":3,"featured_media":0,"parent":0,"menu_order":0,"comment_status":"closed","ping_status":"closed","template":"template-practice-areas.php","meta":{"footnotes":""},"class_list":["post-22283","page","type-page","status-publish","hentry"],"featured_image_src":null,"featured_image_src_square":null,"_links":{"self":[{"href":"https:\/\/flaxmanlaw.com\/es\/wp-json\/wp\/v2\/pages\/22283","targetHints":{"allow":["GET"]}}],"collection":[{"href":"https:\/\/flaxmanlaw.com\/es\/wp-json\/wp\/v2\/pages"}],"about":[{"href":"https:\/\/flaxmanlaw.com\/es\/wp-json\/wp\/v2\/types\/page"}],"author":[{"embeddable":true,"href":"https:\/\/flaxmanlaw.com\/es\/wp-json\/wp\/v2\/users\/3"}],"replies":[{"embeddable":true,"href":"https:\/\/flaxmanlaw.com\/es\/wp-json\/wp\/v2\/comments?post=22283"}],"version-history":[{"count":0,"href":"https:\/\/flaxmanlaw.com\/es\/wp-json\/wp\/v2\/pages\/22283\/revisions"}],"wp:attachment":[{"href":"https:\/\/flaxmanlaw.com\/es\/wp-json\/wp\/v2\/media?parent=22283"}],"curies":[{"name":"wp","href":"https:\/\/api.w.org\/{rel}","templated":true}]}}