{"id":22285,"date":"2024-11-18T12:44:44","date_gmt":"2024-11-18T12:44:44","guid":{"rendered":"https:\/\/flaxmanlaw.wpenginepowered.com\/accidente-de-atropello-en-miami-springs-abogados-de-accidentes-de-coche-en-el-condado-de-miami-dade\/"},"modified":"2024-11-18T12:44:44","modified_gmt":"2024-11-18T12:44:44","slug":"accidente-de-atropello-en-miami-springs-abogados-de-accidentes-de-coche-en-el-condado-de-miami-dade","status":"publish","type":"page","link":"https:\/\/flaxmanlaw.com\/es\/accidente-de-atropello-en-miami-springs-abogados-de-accidentes-de-coche-en-el-condado-de-miami-dade\/","title":{"rendered":"Accidente de atropello en Miami Springs | Abogados de accidentes de coche en el condado de Miami-Dade"},"content":{"rendered":"<div class=\"bodytext\">\n<h2>Accidente con fuga en Miami Springs<\/h1><\/h2>\n<div class=\"description\">\n<p>Por desgracia, la polic\u00eda dispone de recursos limitados y con demasiada frecuencia es incapaz de encontrar al autor de un atropello con fuga. Esto no significa que no tengas opciones. Si has resultado herido por un conductor que se dio a la fuga, a\u00fan tienes muchas opciones. Por ejemplo, puedes ponerte en contacto con un abogado de lesiones personales en Miami Springs o en tu comunidad. El Grupo Legal Flaxman sirve a toda el \u00e1rea de Florida del Sur y estar\u00eda encantado de revisar sus opciones en una consulta gratuita sobre accidentes.    <\/p>\n<p><strong class=\"heading4\">\u00bfPor qu\u00e9 se producen tantos accidentes de atropello y fuga en Miami Springs y en toda Florida?<\/strong><\/p>\n<p>Hay muchas razones para este tipo de accidentes de coche y de peatones:<\/p>\n<ul>\n<li>Puede que no haya aceras en todas las zonas para mantener la seguridad de los peatones<\/li>\n<li>En algunas zonas de Florida, especialmente en las zonas rurales, puede que no haya sem\u00e1foros, aceras o incluso arcenes adecuados para los peatones, lo que significa que los coches pueden atropellar f\u00e1cilmente a un peat\u00f3n y darse a la fuga.<\/li>\n<li>Hay un n\u00famero importante de conductores en Florida sin carn\u00e9 y sin seguro, y estos conductores pueden no estar dispuestos a detenerse en un accidente de coche<\/li>\n<li>Algunos conductores tienen una orden de detenci\u00f3n o conducen un coche robado o transportan bienes robados y no quieren que les pillen.<\/li>\n<li>Algunos conductores entran en p\u00e1nico si causan un accidente de peat\u00f3n o de coche<\/li>\n<li>Algunos conductores ya tienen muchas colisiones en su historial y no quieren ser responsables de otra<\/li>\n<li>Algunos conductores est\u00e1n conduciendo bajo la influencia lesionados no quieren un cargo de DUI<\/li>\n<\/ul>\n<p><strong class=\"heading4\">\u00bfEn qu\u00e9 se diferencian los atropellos con fuga?<\/strong><\/p>\n<p>Una de las grandes diferencias entre los accidentes de atropello y fuga y la mayor\u00eda de los accidentes de coche t\u00edpicos es que en los atropellos y fuga se dispone de menos informaci\u00f3n. Estos tipos de accidentes de coche tambi\u00e9n pueden ser m\u00e1s graves y tener m\u00e1s probabilidades de provocar muertes, porque los heridos pueden no recibir ayuda m\u00e9dica a tiempo porque el conductor culpable no se ha detenido para ofrecer auxilio. <\/p>\n<p>Tambi\u00e9n puede ser m\u00e1s dif\u00edcil para las v\u00edctimas de accidentes de atropello y fuga obtener una indemnizaci\u00f3n justa por sus lesiones, porque no hay informaci\u00f3n adecuada sobre el otro conductor y su p\u00f3liza de seguros. Incluso los conductores que tienen cobertura de motorista sin seguro o con seguro insuficiente pueden necesitar trabajar con un abogado de lesiones personales en Miami Springs o en su comunidad para obtener una indemnizaci\u00f3n justa por todos sus gastos m\u00e9dicos, salarios perdidos y otros gastos. <\/p>\n<p>No hay ninguna buena raz\u00f3n para abandonar la escena de un accidente. Si el conductor ha abandonado la escena de un accidente y se ha negado a prestar ayuda o a proporcionar informaci\u00f3n de contacto, los abogados del Grupo Legal Flaxman pueden hacer justicia para que sea considerado responsable con todo el peso de la ley. <\/p>\n<p>Si tu ser querido ha resultado herido en un accidente de coche causado por un conductor que se dio a la fuga, es importante que consultes a un abogado especializado en accidentes de coche para que te ayude a navegar por el proceso legal, el proceso del seguro y la investigaci\u00f3n. Dependiendo de tu situaci\u00f3n, un abogado de lesiones personales puede ayudarte a encontrar al conductor culpable y puede ayudarte a buscar opciones de indemnizaci\u00f3n para que no tengas que hacer frente t\u00fa solo a las facturas m\u00e9dicas, los salarios perdidos y otros gastos. Para averiguar qu\u00e9 opciones hay disponibles en tu caso, contacta hoy mismo con el <a href=\"contacta con nosotros.html\">Grupo Legal Flaxman<\/a>.  <\/p>\n<\/p><\/div>\n<\/p><\/div>\n","protected":false},"excerpt":{"rendered":"<p>Sin honorarios a menos que ganemos. Llama al 866-352-9626 para una &#8230; <\/p>\n","protected":false},"author":3,"featured_media":0,"parent":0,"menu_order":0,"comment_status":"closed","ping_status":"closed","template":"template-practice-areas.php","meta":{"footnotes":""},"class_list":["post-22285","page","type-page","status-publish","hentry"],"featured_image_src":null,"featured_image_src_square":null,"_links":{"self":[{"href":"https:\/\/flaxmanlaw.com\/es\/wp-json\/wp\/v2\/pages\/22285","targetHints":{"allow":["GET"]}}],"collection":[{"href":"https:\/\/flaxmanlaw.com\/es\/wp-json\/wp\/v2\/pages"}],"about":[{"href":"https:\/\/flaxmanlaw.com\/es\/wp-json\/wp\/v2\/types\/page"}],"author":[{"embeddable":true,"href":"https:\/\/flaxmanlaw.com\/es\/wp-json\/wp\/v2\/users\/3"}],"replies":[{"embeddable":true,"href":"https:\/\/flaxmanlaw.com\/es\/wp-json\/wp\/v2\/comments?post=22285"}],"version-history":[{"count":0,"href":"https:\/\/flaxmanlaw.com\/es\/wp-json\/wp\/v2\/pages\/22285\/revisions"}],"wp:attachment":[{"href":"https:\/\/flaxmanlaw.com\/es\/wp-json\/wp\/v2\/media?parent=22285"}],"curies":[{"name":"wp","href":"https:\/\/api.w.org\/{rel}","templated":true}]}}