{"id":22286,"date":"2024-11-18T12:44:44","date_gmt":"2024-11-18T12:44:44","guid":{"rendered":"https:\/\/flaxmanlaw.wpenginepowered.com\/accidentes-en-intersecciones-de-miami-springs-abogados-de-accidentes-de-trafico-del-condado-de-miami-dade\/"},"modified":"2024-11-18T12:44:44","modified_gmt":"2024-11-18T12:44:44","slug":"accidentes-en-intersecciones-de-miami-springs-abogados-de-accidentes-de-trafico-del-condado-de-miami-dade","status":"publish","type":"page","link":"https:\/\/flaxmanlaw.com\/es\/accidentes-en-intersecciones-de-miami-springs-abogados-de-accidentes-de-trafico-del-condado-de-miami-dade\/","title":{"rendered":"Accidentes en intersecciones de Miami Springs | Abogados de accidentes de tr\u00e1fico del condado de Miami-Dade"},"content":{"rendered":"<div class=\"bodytext\">\n<h2>Accidentes en Intersecciones de Miami Springs<\/h1><\/h2>\n<div class=\"description\">\n<p>Por desgracia, las intersecciones pueden ser el escenario de devastadores accidentes de coche y cami\u00f3n en Miami Springs y en toda Florida. En este tipo de accidentes suele haber exceso de velocidad y varios veh\u00edculos implicados. Los automovilistas preocupados por llegar a su destino a menudo no ceden el paso o cometen otros errores que pueden provocar choques mortales o aterradores.  <\/p>\n<p>Si usted ha resultado severamente lesionado en este tipo de choque, a los abogados del Grupo Legal Flaxman les gustar\u00eda ser de ayuda. Los abogados del Grupo Legal Flaxman cuentan con m\u00e1s de seis d\u00e9cadas de experiencia en juicios y el fundador de nuestra firma legal tambi\u00e9n tiene m\u00e1s de 10 a\u00f1os de experiencia en la industria de los seguros, lo que garantiza que entiende las leyes de seguros y las pol\u00edticas de las compa\u00f1\u00edas aseguradoras que podr\u00edan afectar tu demanda. Si deseas averiguar qu\u00e9 opciones de compensaci\u00f3n est\u00e1n disponibles para ti, contacta hoy mismo al Grupo Legal Flaxman para una revisi\u00f3n gratuita de tu caso.  <\/p>\n<p><strong class=\"heading4\">Lesiones frecuentes en accidentes en intersecciones<\/strong><\/p>\n<p>Por desgracia, los choques en los cruces suelen causar lesiones graves. El impacto del accidente puede provocar una serie de lesiones graves, entre ellas: <\/p>\n<ul>\n<li>Lesiones medulares<\/li>\n<li>Lesiones por latigazo cervical<\/li>\n<li>Fracturas<\/li>\n<li>Traumatismos craneoencef\u00e1licos y lesiones cerebrales<\/li>\n<li>Lesiones internas<\/li>\n<li>Laceraciones<\/li>\n<li>Lesiones de tejidos blandos<\/li>\n<li>Lesiones de mu\u00f1eca<\/li>\n<\/ul>\n<p>Por supuesto, tus airbags, cinturones de seguridad y otros sistemas de seguridad est\u00e1n pensados para ayudar a prevenir algunas de estas lesiones. Por desgracia, si los airbags u otros sistemas de seguridad no funcionan correctamente, puede que no hagan lo suficiente para evitar lesiones graves o incluso mortales. Aunque los airbags de tu veh\u00edculo funcionen correctamente, el tama\u00f1o y la fuerza del impacto pueden causar lesiones mortales a ti y a tus pasajeros.  <\/p>\n<p><strong class=\"heading4\">\u00bfQui\u00e9n es responsable de mi accidente de tr\u00e1fico en Miami Springs o en mi Comunidad?<\/strong><\/p>\n<p>Dependiendo de tu situaci\u00f3n concreta, puede haber varias partes responsables en tu accidente, entre ellas:<\/p>\n<ul>\n<li>El conductor culpable (si el accidente fue causado por un conductor que se salt\u00f3 un sem\u00e1foro en rojo o una se\u00f1al de stop)<\/li>\n<li>El municipio donde se produjo el accidente (si la causa de la colisi\u00f3n fue un dise\u00f1o deficiente de la carretera, su mantenimiento o el mal funcionamiento de los sem\u00e1foros).<\/li>\n<li>El equipo de construcci\u00f3n o de obras de la carretera que trabajaba donde se produjo el accidente (si una mala se\u00f1alizaci\u00f3n o problemas con la construcci\u00f3n fueron los culpables del accidente).<\/li>\n<\/ul>\n<p>Perseguir a todas las partes responsables puede mejorar tus posibilidades de obtener una indemnizaci\u00f3n justa. Sin embargo, determinar la causa exacta de un accidente suele ser complicado, sobre todo si tu accidente fue grave o implic\u00f3 a varias partes responsables. Tu mejor opci\u00f3n en estos casos suele ser trabajar con un abogado de lesiones personales que pueda investigar la causa del accidente y ayudarte a perseguir a todas las partes responsables, as\u00ed como todas las opciones viables de indemnizaci\u00f3n.  <\/p>\n<p>Los abogados de accidentes automovil\u00edsticos <a href=\"index.html\">del Grupo Legal Flaxman<\/a> han pasado d\u00e9cadas estudiando el resultado de los accidentes automovil\u00edsticos y otros tipos de accidentes mientras ayudan a las v\u00edctimas a obtener una compensaci\u00f3n justa y justicia en sus casos. A nuestros abogados les gustar\u00eda ayudarle a revisar sus opciones para seguir adelante despu\u00e9s de su accidente. Si desea hablar con uno de nuestros abogados sobre lo que es posible en su caso, <a href=\"contacta con nosotros.html\">contacte<\/a> al Grupo Legal Flaxman en cualquier momento para programar una revisi\u00f3n de su caso gratuita y sin compromiso.  <\/p>\n<\/p><\/div>\n<\/p><\/div>\n","protected":false},"excerpt":{"rendered":"<p>Sin honorarios a menos que ganemos. Llama al 866-352-9626 para una &#8230; <\/p>\n","protected":false},"author":3,"featured_media":0,"parent":0,"menu_order":0,"comment_status":"closed","ping_status":"closed","template":"template-practice-areas.php","meta":{"footnotes":""},"class_list":["post-22286","page","type-page","status-publish","hentry"],"featured_image_src":null,"featured_image_src_square":null,"_links":{"self":[{"href":"https:\/\/flaxmanlaw.com\/es\/wp-json\/wp\/v2\/pages\/22286","targetHints":{"allow":["GET"]}}],"collection":[{"href":"https:\/\/flaxmanlaw.com\/es\/wp-json\/wp\/v2\/pages"}],"about":[{"href":"https:\/\/flaxmanlaw.com\/es\/wp-json\/wp\/v2\/types\/page"}],"author":[{"embeddable":true,"href":"https:\/\/flaxmanlaw.com\/es\/wp-json\/wp\/v2\/users\/3"}],"replies":[{"embeddable":true,"href":"https:\/\/flaxmanlaw.com\/es\/wp-json\/wp\/v2\/comments?post=22286"}],"version-history":[{"count":0,"href":"https:\/\/flaxmanlaw.com\/es\/wp-json\/wp\/v2\/pages\/22286\/revisions"}],"wp:attachment":[{"href":"https:\/\/flaxmanlaw.com\/es\/wp-json\/wp\/v2\/media?parent=22286"}],"curies":[{"name":"wp","href":"https:\/\/api.w.org\/{rel}","templated":true}]}}