{"id":22288,"date":"2024-11-18T12:44:44","date_gmt":"2024-11-18T12:44:44","guid":{"rendered":"https:\/\/flaxmanlaw.wpenginepowered.com\/miami-springs-ley-de-seguros-abogados-de-reclamaciones-de-seguros-del-condado-de-miami-dade\/"},"modified":"2024-11-18T12:44:44","modified_gmt":"2024-11-18T12:44:44","slug":"miami-springs-ley-de-seguros-abogados-de-reclamaciones-de-seguros-del-condado-de-miami-dade","status":"publish","type":"page","link":"https:\/\/flaxmanlaw.com\/es\/miami-springs-ley-de-seguros-abogados-de-reclamaciones-de-seguros-del-condado-de-miami-dade\/","title":{"rendered":"Miami Springs Ley de Seguros | Abogados de Reclamaciones de Seguros del Condado de Miami-Dade"},"content":{"rendered":"<div class=\"bodytext\">\n<h2>Ley de Seguros de Miami Springs<\/h1><\/h2>\n<div class=\"description\">\n<p>Por desgracia, las compa\u00f1\u00edas de seguros a veces manipulan el lenguaje de los contratos o interpretan las p\u00f3lizas que has firmado de un modo que les permite denegar reclamaciones leg\u00edtimas o minimizarlas. Las compa\u00f1\u00edas de seguros ganan m\u00e1s dinero cuando no presentas una reclamaci\u00f3n o cuando no te pagan el importe total al que puedes tener derecho. Cuantas m\u00e1s reclamaciones pueda denegar o infravalorar una compa\u00f1\u00eda de seguros, mayores ser\u00e1n sus reservas de efectivo.  <\/p>\n<p>Necesitas a alguien a tu lado que luche por tus derechos y tu dinero. Un abogado de lesiones personales en Miami Springs trabaja para ti, no para tu aseguradora, as\u00ed que hay alguien velando por tus mejores intereses. Si est\u00e1s teniendo una disputa con tu aseguradora, contacta al Grupo Legal Flaxman para programar una consulta gratuita sobre accidentes.  <\/p>\n<p><strong class=\"heading4\">\u00bfQu\u00e9 tipos de siniestros pueden dar lugar a un litigio de seguros en Miami Springs?<\/strong><\/p>\n<p>Hay muchos tipos de reclamaciones de seguros que pueden dar lugar a un litigio de seguros:<\/p>\n<ul>\n<li>Reclamaciones al Seguro de Robo<\/li>\n<li>Reclamaciones al seguro de hogar<\/li>\n<li>Reclamaciones al Seguro de Accidentes de Coche<\/li>\n<li>Reclamaciones de seguro por vendaval o hurac\u00e1n<\/li>\n<li>Reclamaciones de Seguro de Da\u00f1os a Empresas<\/li>\n<li>Cobertura de motorista sin seguro<\/li>\n<li>Reclamaciones al Seguro de Incendios<\/li>\n<li>Reclamaciones al Seguro de Da\u00f1os por Agua<\/li>\n<li>Reclamaciones al Seguro de Responsabilidad Civil<\/li>\n<li>Reclamaciones por fraude<\/li>\n<li>Reclamaciones de Seguros de Comunidades de Propietarios o Condominios<\/li>\n<li>Reclamaciones al seguro m\u00e9dico<\/li>\n<li>Reclamaciones de indemnizaci\u00f3n por accidente laboral<\/li>\n<\/ul>\n<p><strong class=\"heading4\">\u00bfTengo derecho a reclamar a mi aseguradora?<\/strong><\/p>\n<p>Hay muchas razones por las que puedes tener una reclamaci\u00f3n contra tu aseguradora:<\/p>\n<ul>\n<li>Te han acusado injustamente de fraude si tu reclamaci\u00f3n es leg\u00edtima<\/li>\n<li>Tu reclamaci\u00f3n ha sido infravalorada sin motivo o causa adecuada<\/li>\n<li>Tu compa\u00f1\u00eda de seguros retrasa o se niega a pagar el dinero de tu seguro<\/li>\n<li>Tu solicitud ha sido denegada sin un motivo leg\u00edtimo<\/li>\n<li>Tu compa\u00f1\u00eda de seguros alega que tu siniestro no est\u00e1 cubierto por tu p\u00f3liza de cobertura, aunque s\u00ed lo est\u00e9<\/li>\n<\/ul>\n<p>En muchos casos, puede ser dif\u00edcil discutir con una compa\u00f1\u00eda de seguros, porque pueden alegar simplemente que no entiendes la cobertura de tu seguro. Puede ser dif\u00edcil rebatir esto, sobre todo si no entiendes todas las leyes de seguros. <\/p>\n<p>Si la compa\u00f1\u00eda no act\u00faa honesta o justamente contigo despu\u00e9s de que presentes una reclamaci\u00f3n, la ley de Florida considera que la compa\u00f1\u00eda de seguros ha violado las expectativas de trato justo y buena fe. Dependiendo de tu situaci\u00f3n, puedes tener una reclamaci\u00f3n de mala fe o un caso de tramitaci\u00f3n injusta de reclamaciones. Para saberlo con seguridad, tu mejor opci\u00f3n es ponerte en contacto con un abogado de lesiones personales con mucha experiencia en derecho de seguros. Un abogado puede ayudarte a comprender cu\u00e1les son tus opciones para ayudarte a negociar con tu compa\u00f1\u00eda de seguros, de modo que puedas resolver el problema y obtener r\u00e1pidamente el dinero de tu seguro.   <\/p>\n<p>Contacta hoy mismo al Grupo Legal Flaxman para una revisi\u00f3n de tu caso gratuita y sin compromiso. No est\u00e1s obligado a trabajar con el Grupo Legal Flaxman en tu equipo. Sin embargo, si usted decide trabajar con el Grupo Legal Flaxman, el personal jur\u00eddico de Arnold har\u00e1 todo lo que est\u00e9 a su alcance para conseguirle la representaci\u00f3n m\u00e1s justa posible. El <a href=\"contacta con nosotros.html\">Grupo Legal<\/a> Flaxman cuenta con m\u00e1s de 60 a\u00f1os de experiencia en el manejo de reclamaciones de seguros y casos de lesiones personales. Charles Flaxman, del Grupo Legal Flaxman, ha trabajado durante 10 a\u00f1os en la industria de los seguros, por lo que entiende a fondo las leyes de seguros desde ambos lados de la sala del tribunal.    <\/p>\n<\/p><\/div>\n<\/p><\/div>\n","protected":false},"excerpt":{"rendered":"<p>Sin honorarios a menos que ganemos. Llama al 866-352-9626 para una &#8230; <\/p>\n","protected":false},"author":3,"featured_media":0,"parent":0,"menu_order":0,"comment_status":"closed","ping_status":"closed","template":"template-practice-areas.php","meta":{"footnotes":""},"class_list":["post-22288","page","type-page","status-publish","hentry"],"featured_image_src":null,"featured_image_src_square":null,"_links":{"self":[{"href":"https:\/\/flaxmanlaw.com\/es\/wp-json\/wp\/v2\/pages\/22288","targetHints":{"allow":["GET"]}}],"collection":[{"href":"https:\/\/flaxmanlaw.com\/es\/wp-json\/wp\/v2\/pages"}],"about":[{"href":"https:\/\/flaxmanlaw.com\/es\/wp-json\/wp\/v2\/types\/page"}],"author":[{"embeddable":true,"href":"https:\/\/flaxmanlaw.com\/es\/wp-json\/wp\/v2\/users\/3"}],"replies":[{"embeddable":true,"href":"https:\/\/flaxmanlaw.com\/es\/wp-json\/wp\/v2\/comments?post=22288"}],"version-history":[{"count":0,"href":"https:\/\/flaxmanlaw.com\/es\/wp-json\/wp\/v2\/pages\/22288\/revisions"}],"wp:attachment":[{"href":"https:\/\/flaxmanlaw.com\/es\/wp-json\/wp\/v2\/media?parent=22288"}],"curies":[{"name":"wp","href":"https:\/\/api.w.org\/{rel}","templated":true}]}}