{"id":22289,"date":"2024-11-18T12:44:44","date_gmt":"2024-11-18T12:44:44","guid":{"rendered":"https:\/\/flaxmanlaw.wpenginepowered.com\/miami-springs-mordeduras-de-perro-abogados-de-lesiones-personales-del-condado-de-miami-dade\/"},"modified":"2024-11-18T12:44:44","modified_gmt":"2024-11-18T12:44:44","slug":"miami-springs-mordeduras-de-perro-abogados-de-lesiones-personales-del-condado-de-miami-dade","status":"publish","type":"page","link":"https:\/\/flaxmanlaw.com\/es\/miami-springs-mordeduras-de-perro-abogados-de-lesiones-personales-del-condado-de-miami-dade\/","title":{"rendered":"Miami Springs Mordeduras de Perro | Abogados de Lesiones Personales del Condado de Miami-Dade"},"content":{"rendered":"<div class=\"bodytext\">\n<h2>Mordeduras de perro en Miami Springs<\/h1><\/h2>\n<div class=\"description\">\n<p>El ataque de un animal o la mordedura de un perro pueden producirse en un lugar p\u00fablico o cuando est\u00e1s visitando a alguien en su casa. Si eres repartidor, trabajador de servicios p\u00fablicos o empleado de correos, una mordedura de perro puede ser una lesi\u00f3n laboral en Miami Springs o en tu comunidad. En cualquiera de los casos, puedes tener una reclamaci\u00f3n legal y conseguir una indemnizaci\u00f3n para pagar los gastos m\u00e9dicos, los salarios perdidos y otros da\u00f1os.  <\/p>\n<p>\u00bfTienes una reclamaci\u00f3n? Para hablar sobre esta opci\u00f3n con un abogado de lesiones personales, contacta al Grupo Legal Flaxman para programar una consulta gratuita y sin compromiso. Los abogados del Grupo Legal Flaxman tienen experiencia manejando demandas por mordedura de perro, lesiones infantiles, y demandas por compensaci\u00f3n al trabajador en Miami Springs y en todo Florida del Sur.  <\/p>\n<p><strong class=\"heading4\">\u00bfQui\u00e9n es responsable del ataque de un perro o de un animal en Miami Springs o en tu comunidad?<\/strong><\/p>\n<p>El propietario del perro es el principal responsable en la mayor\u00eda de los casos. Sin embargo, otras personas -como los cuidadores de perros- pueden ser responsables si un perro se considera peligroso y est\u00e1 registrado como tal por las autoridades. Un propietario puede ser responsable del perro de un inquilino si el perro tiene antecedentes de agresividad y el propietario lo sabe pero no ha tomado medidas para mantener a salvo a los dem\u00e1s.  <\/p>\n<p><strong class=\"heading4\">\u00bfD\u00f3nde puedo obtener indemnizaci\u00f3n por una mordedura de perro en Miami Springs o Florida?<\/strong><\/p>\n<p>En algunos casos, el seguro de hogar puede cubrir parte de los da\u00f1os por mordeduras de perro si se producen en la propiedad del due\u00f1o del perro. En algunos casos, si el ataque se produjo en un coche, el seguro de accidentes de coche de Miami Springs o de tu comunidad puede cubrirlo. Aunque el due\u00f1o del perro no tenga cobertura, el demandante puede emprender acciones legales contra \u00e9l. Los abogados que representan al demandante pueden mirar a ver de qu\u00e9 cobertura se dispone y de d\u00f3nde puede proceder el dinero de la indemnizaci\u00f3n.   <\/p>\n<p>Charles Flaxman, del Grupo Legal Flaxman, trabaj\u00f3 durante diez a\u00f1os en la industria de los seguros antes de dedicar su vida a ayudar a demandantes por lesiones personales en Florida del Sur. Su experiencia en la industria le ha hecho conocedor de las leyes de seguros en Miami Springs y en Florida, as\u00ed como de las cuestiones de seguros que pueden surgir en casos de mordeduras de perro y otras demandas legales. Cuando es importante buscar una cobertura que pueda cubrir el ataque de un animal, esta experiencia en el sector de los seguros resulta muy \u00fatil. Adem\u00e1s de su experiencia en seguros, Charles Flaxman, del Grupo Legal Flaxman, tambi\u00e9n se gradu\u00f3 entre los mejores percentiles de su clase de derecho y tiene m\u00e1s de dos d\u00e9cadas de experiencia en juicios.   <\/p>\n<p>Los abogados del Grupo Legal Flaxman han trabajado con demandantes por ataques de animales y lesiones personales durante a\u00f1os. Han visto de primera mano la devastaci\u00f3n que pueden causar a las v\u00edctimas las cicatrices permanentes, las elevadas facturas m\u00e9dicas y otras lesiones graves. Entendemos que las mordeduras de perro suelen requerir atenci\u00f3n y cuidados urgentes, y nos esforzamos por garantizar que las v\u00edctimas de mordeduras de perro tengan el apoyo y los recursos que necesitan. <a href=\"contacta con nosotros.html\">Ponte en contacto con nosotros<\/a> hoy mismo para concertar una evaluaci\u00f3n gratuita y sin compromiso de tu caso y hablar de tu situaci\u00f3n con un abogado especializado en lesiones personales.  <\/p>\n<\/p><\/div>\n<\/p><\/div>\n","protected":false},"excerpt":{"rendered":"<p>Sin honorarios a menos que ganemos. Llama al 866-352-9626 para una &#8230; <\/p>\n","protected":false},"author":3,"featured_media":0,"parent":0,"menu_order":0,"comment_status":"closed","ping_status":"closed","template":"template-practice-areas.php","meta":{"footnotes":""},"class_list":["post-22289","page","type-page","status-publish","hentry"],"featured_image_src":null,"featured_image_src_square":null,"_links":{"self":[{"href":"https:\/\/flaxmanlaw.com\/es\/wp-json\/wp\/v2\/pages\/22289","targetHints":{"allow":["GET"]}}],"collection":[{"href":"https:\/\/flaxmanlaw.com\/es\/wp-json\/wp\/v2\/pages"}],"about":[{"href":"https:\/\/flaxmanlaw.com\/es\/wp-json\/wp\/v2\/types\/page"}],"author":[{"embeddable":true,"href":"https:\/\/flaxmanlaw.com\/es\/wp-json\/wp\/v2\/users\/3"}],"replies":[{"embeddable":true,"href":"https:\/\/flaxmanlaw.com\/es\/wp-json\/wp\/v2\/comments?post=22289"}],"version-history":[{"count":0,"href":"https:\/\/flaxmanlaw.com\/es\/wp-json\/wp\/v2\/pages\/22289\/revisions"}],"wp:attachment":[{"href":"https:\/\/flaxmanlaw.com\/es\/wp-json\/wp\/v2\/media?parent=22289"}],"curies":[{"name":"wp","href":"https:\/\/api.w.org\/{rel}","templated":true}]}}