{"id":22290,"date":"2024-11-18T12:44:44","date_gmt":"2024-11-18T12:44:44","guid":{"rendered":"https:\/\/flaxmanlaw.wpenginepowered.com\/choque-frontal-en-miami-springs-abogados-de-accidentes-de-coche-en-el-condado-de-miami-dade\/"},"modified":"2024-11-18T12:44:44","modified_gmt":"2024-11-18T12:44:44","slug":"choque-frontal-en-miami-springs-abogados-de-accidentes-de-coche-en-el-condado-de-miami-dade","status":"publish","type":"page","link":"https:\/\/flaxmanlaw.com\/es\/choque-frontal-en-miami-springs-abogados-de-accidentes-de-coche-en-el-condado-de-miami-dade\/","title":{"rendered":"Choque frontal en Miami Springs | Abogados de accidentes de coche en el condado de Miami-Dade"},"content":{"rendered":"<div class=\"bodytext\">\n<h2>Choque frontal en Miami Springs<\/h1><\/h2>\n<div class=\"description\">\n<p>Tras una colisi\u00f3n frontal en Miami Springs o en cualquier comunidad, es natural sentirse asustado y preocupado. Como en este tipo de accidentes chocan los frontales de dos coches, las lesiones pueden ser importantes. No es infrecuente que la gente sufra lesiones graves o permanentes como consecuencia de este tipo de accidentes.  <\/p>\n<p>Si usted ha sufrido lesiones graves en un choque de tr\u00e1fico, siempre puede <a href=\"contacta con nosotros.html\">contactar<\/a> al Grupo Legal Flaxman al 866-352-9626 para programar una consulta gratuita y sin compromiso de su caso. Los abogados del Grupo Legal Flaxman han tratado miles de casos de choques frontales y otros accidentes automovil\u00edsticos graves durante d\u00e9cadas y saben exactamente qu\u00e9 pasos pueden darse para proteger los derechos del demandante. <\/p>\n<p><strong class=\"heading4\">Lesiones comunes tras un choque frontal en Miami Springs<\/strong><\/p>\n<p>Dos coches que chocan frontalmente ejercen mucha fuerza. Peor a\u00fan, en la mayor\u00eda de los choques frontales dos veh\u00edculos circulan a velocidad normal o incluso con exceso de velocidad, lo que aumenta la fuerza del impacto e incrementa el riesgo de lesiones graves. Las lesiones m\u00e1s frecuentes en este tipo de colisi\u00f3n de tr\u00e1fico son:  <\/p>\n<ul>\n<li>Facturas y aplastamiento de huesos<\/li>\n<li>Par\u00e1lisis<\/li>\n<li>Traumatismo craneoencef\u00e1lico o lesi\u00f3n cerebral<\/li>\n<li>Latigazo cervical o lesi\u00f3n de tejidos blandos<\/li>\n<li>Amputaci\u00f3n<\/li>\n<li>Laceraciones, cicatrices y desfiguraci\u00f3n<\/li>\n<li>Lesiones de \u00f3rganos internos<\/li>\n<\/ul>\n<p>Por desgracia, este tipo de lesiones graves suelen dar lugar a largos periodos de baja laboral, as\u00ed como a costosos tratamientos m\u00e9dicos. Tus facturas pueden incluir: <\/p>\n<ul>\n<li>Dispositivos m\u00e9dicos como sillas de ruedas o muletas<\/li>\n<li>Cuidados de larga duraci\u00f3n<\/li>\n<li>Rehabilitaci\u00f3n<\/li>\n<li>Medicaci\u00f3n<\/li>\n<li>Cirug\u00eda<\/li>\n<li>Atenci\u00f3n m\u00e9dica de urgencia<\/li>\n<li>Im\u00e1genes o pruebas m\u00e9dicas<\/li>\n<li>Gastos por incapacidad de larga duraci\u00f3n<\/li>\n<li>Da\u00f1os materiales<\/li>\n<li>Gastos de sustituci\u00f3n o reparaci\u00f3n del coche<\/li>\n<li>Citas con especialistas<\/li>\n<li>Atenci\u00f3n dental o de la vista<\/li>\n<li>Injertos de piel u otros tratamientos llamados cosm\u00e9ticos<\/li>\n<li>Terapia<\/li>\n<li>Estancias hospitalarias<\/li>\n<li>Equipos de adaptaci\u00f3n caros<\/li>\n<li>Gastos de transporte<\/li>\n<li>Gastos accesorios<\/li>\n<\/ul>\n<p><strong class=\"heading4\">\u00bfPodr\u00e1s pagar tus lesiones tras un accidente grave?<\/strong><\/p>\n<p>Por desgracia, estos gastos pueden acumularse en un momento en que est\u00e1s faltando al trabajo debido a tu lesi\u00f3n, lo que hace a\u00fan m\u00e1s dif\u00edcil que puedas pagar algunos de estos gastos catastr\u00f3ficos. No es infrecuente que una colisi\u00f3n frontal d\u00e9 lugar a facturas m\u00e9dicas crecientes, dificultades econ\u00f3micas o incluso la quiebra. En algunos casos, las familias se enfrentan a la tragedia definitiva: un fallecimiento en la familia. En estos casos, puede que tengas que pagar las facturas de los funerales, los \u00faltimos gastos m\u00e9dicos y otros gastos en un momento en que tambi\u00e9n pierdes a otro miembro de la familia que aportaba ingresos.   <\/p>\n<p>Buscar una compensaci\u00f3n justa en estos casos no s\u00f3lo es tu derecho; puede ser una parte importante del proceso de curaci\u00f3n. El experimentado y compasivo equipo legal <a href=\"index.html\">del Grupo Legal Flaxman<\/a> ha representado a miles de v\u00edctimas de accidentes automovil\u00edsticos y lesiones personales, asegurando una compensaci\u00f3n por sus lesiones. A lo largo de m\u00e1s de sesenta a\u00f1os de experiencia en juicios, los abogados de nuestro bufete de servicios integrales han recuperado m\u00e1s de 100 millones de d\u00f3lares a favor de demandantes de todas las clases sociales. Si tienes preguntas legales o crees que puedes tener un caso, ponte en contacto con nosotros en cualquier momento para hablar de tu posible caso. Tu consulta inicial es gratuita y absolutamente sin compromiso.    <\/p>\n<\/p><\/div>\n<\/p><\/div>\n","protected":false},"excerpt":{"rendered":"<p>Sin honorarios a menos que ganemos. Llama al 866-352-9626 para una &#8230; <\/p>\n","protected":false},"author":3,"featured_media":0,"parent":0,"menu_order":0,"comment_status":"closed","ping_status":"closed","template":"template-practice-areas.php","meta":{"footnotes":""},"class_list":["post-22290","page","type-page","status-publish","hentry"],"featured_image_src":null,"featured_image_src_square":null,"_links":{"self":[{"href":"https:\/\/flaxmanlaw.com\/es\/wp-json\/wp\/v2\/pages\/22290","targetHints":{"allow":["GET"]}}],"collection":[{"href":"https:\/\/flaxmanlaw.com\/es\/wp-json\/wp\/v2\/pages"}],"about":[{"href":"https:\/\/flaxmanlaw.com\/es\/wp-json\/wp\/v2\/types\/page"}],"author":[{"embeddable":true,"href":"https:\/\/flaxmanlaw.com\/es\/wp-json\/wp\/v2\/users\/3"}],"replies":[{"embeddable":true,"href":"https:\/\/flaxmanlaw.com\/es\/wp-json\/wp\/v2\/comments?post=22290"}],"version-history":[{"count":0,"href":"https:\/\/flaxmanlaw.com\/es\/wp-json\/wp\/v2\/pages\/22290\/revisions"}],"wp:attachment":[{"href":"https:\/\/flaxmanlaw.com\/es\/wp-json\/wp\/v2\/media?parent=22290"}],"curies":[{"name":"wp","href":"https:\/\/api.w.org\/{rel}","templated":true}]}}