{"id":22291,"date":"2024-11-18T12:44:44","date_gmt":"2024-11-18T12:44:44","guid":{"rendered":"https:\/\/flaxmanlaw.wpenginepowered.com\/miami-springs-conduccion-distraida-abogados-de-accidentes-de-trafico-del-condado-de-miami-dade\/"},"modified":"2024-11-18T12:44:44","modified_gmt":"2024-11-18T12:44:44","slug":"miami-springs-conduccion-distraida-abogados-de-accidentes-de-trafico-del-condado-de-miami-dade","status":"publish","type":"page","link":"https:\/\/flaxmanlaw.com\/es\/miami-springs-conduccion-distraida-abogados-de-accidentes-de-trafico-del-condado-de-miami-dade\/","title":{"rendered":"Miami Springs Conducci\u00f3n distra\u00edda | Abogados de accidentes de tr\u00e1fico del condado de Miami-Dade"},"content":{"rendered":"<div class=\"bodytext\">\n<h2>Conducci\u00f3n distra\u00edda en Miami Springs<\/h1><\/h2>\n<div class=\"description\">\n<p>Si has resultado herido en un accidente de tr\u00e1fico por conducci\u00f3n distra\u00edda en Miami Springs, querr\u00e1s justicia. Por desgracia, demostrar que un conductor era imprudente o estaba distra\u00eddo en el momento de un accidente puede ser complicado. Puede ser dif\u00edcil demostrar que un conductor so\u00f1aba despierto, enviaba mensajes de texto o cometi\u00f3 otros errores que provocaron un accidente. Por eso es importante tener a tu lado a un abogado de lesiones personales muy experimentado y cualificado.   <\/p>\n<p>Un buen abogado de lesiones personales en Miami Springs o en tu comunidad puede trabajar con expertos en reconstrucci\u00f3n de accidentes, investigadores privados y otras personas que pueden determinar exactamente lo que ocurri\u00f3. Un abogado de lesiones personales puede obtener copias de las facturas y datos del tel\u00e9fono m\u00f3vil para determinar si un conductor estaba hablando por el m\u00f3vil o enviando mensajes de texto en el momento del accidente. Tambi\u00e9n puede obtener declaraciones de testigos para determinar si el conductor conduc\u00eda de forma err\u00e1tica o mostraba otros signos de distracci\u00f3n en el momento de la colisi\u00f3n. Esto puede ayudarte a construir un caso s\u00f3lido, para que puedas responsabilizar al conductor imprudente de tus lesiones. El Grupo Legal Flaxman trabaja con un equipo de investigadores y testigos expertos para construir un caso s\u00f3lido a tu favor. Si deseas averiguar si tienes un caso despu\u00e9s de tu accidente, contacta hoy mismo al Grupo Legal Flaxman para programar una consulta gratuita sobre accidentes.     <\/p>\n<p><strong class=\"heading4\">La conducci\u00f3n distra\u00edda es un desastre en las carreteras<\/strong><\/p>\n<p>La conducci\u00f3n distra\u00edda provoca cada a\u00f1o colisiones de autom\u00f3viles, accidentes de camiones, accidentes de peatones, colisiones de motocicletas y accidentes de ciclistas en Miami Springs y en todo el pa\u00eds. Los peatones, motoristas y ciclistas son especialmente vulnerables. Los accidentes de bicicleta con conductores distra\u00eddos, por ejemplo, pueden ser especialmente mortales. Por desgracia, los conductores distra\u00eddos pueden no percatarse a tiempo de la presencia de ciclistas y chocar contra ellos, causando lesiones aterradoras e importantes al ciclista.   <\/p>\n<p><strong class=\"heading4\">\u00bfEst\u00e1s cubierto tras un accidente de coche o cami\u00f3n en Miami Springs?<\/strong><\/p>\n<p>Muchas personas suponen que no necesitan un abogado de lesiones personales tras su colisi\u00f3n de tr\u00e1fico porque piensan que su compa\u00f1\u00eda de seguros se ocupar\u00e1 de ellos. Pero no siempre es as\u00ed. \u00bfSab\u00edas que si aceptas el dinero del seguro puedes estar renunciando a algunos de tus derechos a reclamar una indemnizaci\u00f3n m\u00e1s adelante? Por desgracia, si m\u00e1s tarde descubres que tus lesiones acaban cost\u00e1ndote mucho m\u00e1s de lo que crees, es posible que tengas muchos menos recursos legales para obtener una indemnizaci\u00f3n justa. Por eso es tan importante consultar primero a un abogado especializado en lesiones personales.    <\/p>\n<p>Demasiados supervivientes de lesiones personales no se dan cuenta de la importancia de la asistencia letrada y acaban recibiendo menos indemnizaci\u00f3n de la que merecen. No dejes que esto te suceda. <a href=\"contacta con nosotros.html\">Contacta al Grupo Legal Flaxman<\/a> para obtener una evaluaci\u00f3n justa y honesta de tu situaci\u00f3n y de tu demanda. Tu consulta inicial no conlleva riesgo ni costo alguno. No hay obligaci\u00f3n de contratar los servicios del Grupo Legal Flaxman despu\u00e9s de tu consulta gratuita sobre accidentes y nunca ser\u00e1s presionado para contratar nuestros servicios. Sin embargo, si usted decide trabajar con nosotros, perseguiremos su caso agresiva y honestamente, ayud\u00e1ndole a buscar la compensaci\u00f3n que merece.    <\/p>\n<\/p><\/div>\n<\/p><\/div>\n","protected":false},"excerpt":{"rendered":"<p>Sin honorarios a menos que ganemos. Llama al 866-352-9626 para una &#8230; <\/p>\n","protected":false},"author":3,"featured_media":0,"parent":0,"menu_order":0,"comment_status":"closed","ping_status":"closed","template":"template-practice-areas.php","meta":{"footnotes":""},"class_list":["post-22291","page","type-page","status-publish","hentry"],"featured_image_src":null,"featured_image_src_square":null,"_links":{"self":[{"href":"https:\/\/flaxmanlaw.com\/es\/wp-json\/wp\/v2\/pages\/22291","targetHints":{"allow":["GET"]}}],"collection":[{"href":"https:\/\/flaxmanlaw.com\/es\/wp-json\/wp\/v2\/pages"}],"about":[{"href":"https:\/\/flaxmanlaw.com\/es\/wp-json\/wp\/v2\/types\/page"}],"author":[{"embeddable":true,"href":"https:\/\/flaxmanlaw.com\/es\/wp-json\/wp\/v2\/users\/3"}],"replies":[{"embeddable":true,"href":"https:\/\/flaxmanlaw.com\/es\/wp-json\/wp\/v2\/comments?post=22291"}],"version-history":[{"count":0,"href":"https:\/\/flaxmanlaw.com\/es\/wp-json\/wp\/v2\/pages\/22291\/revisions"}],"wp:attachment":[{"href":"https:\/\/flaxmanlaw.com\/es\/wp-json\/wp\/v2\/media?parent=22291"}],"curies":[{"name":"wp","href":"https:\/\/api.w.org\/{rel}","templated":true}]}}