{"id":22292,"date":"2024-11-18T12:44:44","date_gmt":"2024-11-18T12:44:44","guid":{"rendered":"https:\/\/flaxmanlaw.wpenginepowered.com\/lesiones-en-la-cabeza-en-miami-springs-abogados-de-accidentes-en-el-condado-de-miami-dade\/"},"modified":"2024-11-18T12:44:44","modified_gmt":"2024-11-18T12:44:44","slug":"lesiones-en-la-cabeza-en-miami-springs-abogados-de-accidentes-en-el-condado-de-miami-dade","status":"publish","type":"page","link":"https:\/\/flaxmanlaw.com\/es\/lesiones-en-la-cabeza-en-miami-springs-abogados-de-accidentes-en-el-condado-de-miami-dade\/","title":{"rendered":"Lesiones en la cabeza en Miami Springs | Abogados de accidentes en el condado de Miami-Dade"},"content":{"rendered":"<div class=\"bodytext\">\n<h2>Lesiones en la cabeza en Miami Springs<\/h1><\/h2>\n<div class=\"description\">\n<p>Miami Springs, Florida, en el condado de Miami Dade, debe su nombre a un manantial de agua dulce de la regi\u00f3n, que sigui\u00f3 suministrando agua a los residentes hasta la d\u00e9cada de 1990. La ciudad fue fundada por el pionero de la aviaci\u00f3n Glenn Hammond Curtiss y por James Bright, por lo que siempre ha estado vinculada a la historia de la aviaci\u00f3n. De hecho, la ciudad ha albergado un aeropuerto y siempre ha atra\u00eddo a entusiastas de la aviaci\u00f3n.  <\/p>\n<p>Las lesiones por accidente a\u00e9reo, <a href=\"accidentes-coche.html\">accidente de coche<\/a> y <a href=\"accidentes por resbalones y ca\u00eddas.html\">resbal\u00f3n y ca\u00edda<\/a> en Miami Springs son algunas de las causas habituales de <a href=\"lesiones cerebrales.html\">lesiones craneales<\/a> en la ciudad. Como todas las ciudades de Florida, Miami Springs ve su parte justa de lesiones cerebrales graves. Si te has visto implicado en un accidente y has sufrido una lesi\u00f3n grave en la cabeza en Miami Springs, est\u00e1s protegido por la legislaci\u00f3n de Florida. Si tu lesi\u00f3n y accidente han sido causados por la negligencia, imprudencia o acto il\u00edcito de alguien, tienes derecho a presentar una reclamaci\u00f3n legal. Tras una lesi\u00f3n cerebral en Miami Springs, puedes solicitar una indemnizaci\u00f3n por gastos de rehabilitaci\u00f3n, p\u00e9rdida de ingresos, gastos m\u00e9dicos, dolor y sufrimiento, da\u00f1os materiales, dispositivos m\u00e9dicos y otros gastos. En muchos casos, es importante reclamar una indemnizaci\u00f3n por estos da\u00f1os y perjuicios para asegurarte de que no sufres dificultades econ\u00f3micas al tener que pagar t\u00fa mismo estos gastos.     <\/p>\n<p>Las lesiones cerebrales pueden producirse por una amplia gama de incidentes. <a href=\"accidentes-coche.html\">Los accidentes de coche y los accidentes de tr\u00e1fico<\/a> de Miami Springs son algunas de las causas m\u00e1s frecuentes de <a href=\"lesiones cerebrales.html\">lesiones craneales<\/a>. Sin embargo, las lesiones craneales tambi\u00e9n pueden producirse por <a href=\"accidentes por resbalones y ca\u00eddas.html\">accidentes de resbal\u00f3n y ca\u00edda<\/a> en Miami Springs, accidentes de tr\u00e1fico y otros tipos de violencia y accidentes. En cada caso, puede ser necesario un tipo diferente de investigaci\u00f3n para determinar las partes responsables y para determinar qu\u00e9 ha causado el accidente y la lesi\u00f3n. Consultar a un abogado cualificado en lesiones personales garantiza que tu lesi\u00f3n sea investigada y tratada de la forma m\u00e1s eficaz posible.    <\/p>\n<p>Es f\u00e1cil contactar <a href=\"index.html\">al Grupo Legal Flaxman<\/a> para obtener asistencia despu\u00e9s de tu accidente. Si usted ha sufrido una lesi\u00f3n grave en la cabeza o lesiones personales en Miami Springs, puede contactar al Grupo Legal Flaxman a cualquier hora del d\u00eda o de la noche llamando por tel\u00e9fono. Las l\u00edneas telef\u00f3nicas est\u00e1n atendidas las 24 horas del d\u00eda, siete d\u00edas a la semana, 365 d\u00edas al a\u00f1o, para su completa comodidad. Adem\u00e1s, puedes contactar <a href=\"index.html\">al Grupo Legal Flaxman<\/a> visitando una de las tres convenientes oficinas de Florida del Sur, por fax, por correo electr\u00f3nico, o a trav\u00e9s del chat en l\u00ednea. Si usted est\u00e1 demasiado lesionado para viajar, el equipo jur\u00eddico del Grupo Legal Flaxman puede visitar su casa, oficina, o cuarto de hospital para hablar sobre su caso en una consulta gratuita sobre accidentes.    <\/p>\n<p>Tu consulta inicial gratuita sobre accidentes no conlleva ninguna obligaci\u00f3n y es completamente confidencial. Su consulta es su oportunidad de hacer preguntas, aprender m\u00e1s sobre el Grupo Legal Flaxman, y averiguar cu\u00e1les son sus opciones. Si usted ha resultado lesionado en un accidente automovil\u00edstico en Miami Springs o en cualquier otro accidente que provoque una lesi\u00f3n en la cabeza, consultar con el Grupo Legal Flaxman no implica compromiso ni costo alguno, pero puede ayudarle a obtener los hechos que necesita para tomar una decisi\u00f3n informada en su caso.  <\/p>\n<p>Si est\u00e1s buscando abogados de lesiones cerebrales en Florida del Sur, contacta hoy mismo con el Grupo Legal Flaxman. El compasivo y experimentado equipo legal del Grupo Legal Flaxman ya ha ayudado a miles de pacientes de Florida del Sur a obtener acuerdos por sus lesiones. <a href=\"contacta con nosotros.html\">Contacte hoy mismo al Grupo Legal Flaxman<\/a> para averiguar lo que la firma puede hacer por usted. <\/p>\n<\/p><\/div>\n<\/p><\/div>\n","protected":false},"excerpt":{"rendered":"<p>Sin honorarios a menos que ganemos. Llama al 866-352-9626 para una &#8230; <\/p>\n","protected":false},"author":3,"featured_media":0,"parent":0,"menu_order":0,"comment_status":"closed","ping_status":"closed","template":"template-practice-areas.php","meta":{"footnotes":""},"class_list":["post-22292","page","type-page","status-publish","hentry"],"featured_image_src":null,"featured_image_src_square":null,"_links":{"self":[{"href":"https:\/\/flaxmanlaw.com\/es\/wp-json\/wp\/v2\/pages\/22292","targetHints":{"allow":["GET"]}}],"collection":[{"href":"https:\/\/flaxmanlaw.com\/es\/wp-json\/wp\/v2\/pages"}],"about":[{"href":"https:\/\/flaxmanlaw.com\/es\/wp-json\/wp\/v2\/types\/page"}],"author":[{"embeddable":true,"href":"https:\/\/flaxmanlaw.com\/es\/wp-json\/wp\/v2\/users\/3"}],"replies":[{"embeddable":true,"href":"https:\/\/flaxmanlaw.com\/es\/wp-json\/wp\/v2\/comments?post=22292"}],"version-history":[{"count":0,"href":"https:\/\/flaxmanlaw.com\/es\/wp-json\/wp\/v2\/pages\/22292\/revisions"}],"wp:attachment":[{"href":"https:\/\/flaxmanlaw.com\/es\/wp-json\/wp\/v2\/media?parent=22292"}],"curies":[{"name":"wp","href":"https:\/\/api.w.org\/{rel}","templated":true}]}}