{"id":22293,"date":"2024-11-18T12:44:44","date_gmt":"2024-11-18T12:44:44","guid":{"rendered":"https:\/\/flaxmanlaw.wpenginepowered.com\/miami-springs-drogas-peligrosas-abogados-de-responsabilidad-por-productos-del-condado-de-miami-dade\/"},"modified":"2024-11-18T12:44:44","modified_gmt":"2024-11-18T12:44:44","slug":"miami-springs-drogas-peligrosas-abogados-de-responsabilidad-por-productos-del-condado-de-miami-dade","status":"publish","type":"page","link":"https:\/\/flaxmanlaw.com\/es\/miami-springs-drogas-peligrosas-abogados-de-responsabilidad-por-productos-del-condado-de-miami-dade\/","title":{"rendered":"Miami Springs Drogas Peligrosas | Abogados de Responsabilidad por Productos del Condado de Miami-Dade"},"content":{"rendered":"<div class=\"bodytext\">\n<h2>Drogas Peligrosas Miami Springs<\/h1><\/h2>\n<div class=\"description\">\n<p>En las noticias, puede que leas sobre retiradas de medicamentos en Miami Springs o en tu comunidad. En muchos casos, estas retiradas se producen cuando ya se han producido lesiones graves. Por desgracia, los medicamentos peligrosos llegan a tu farmacia o a la consulta de tu m\u00e9dico m\u00e1s a menudo de lo que te imaginas. Uno de los grandes retos de este tipo de situaciones es que cada paciente reaccionar\u00e1 a un medicamento de forma diferente. Un paciente puede descubrir que sus lesiones o su estado de salud mejoran con un determinado medicamento, mientras que otro puede sufrir convulsiones, co\u00e1gulos sangu\u00edneos u otras complicaciones graves por tomar el mismo medicamento. Se espera de las empresas farmac\u00e9uticas que prueben a fondo sus productos e informen a m\u00e9dicos y pacientes de cualquier posible efecto secundario, para que los pacientes puedan tomar una decisi\u00f3n informada sobre los riesgos de tomar cualquier medicamento.     <\/p>\n<p>Si la compa\u00f1\u00eda farmac\u00e9utica ha sido negligente al proporcionar informaci\u00f3n al paciente o al probar sus productos, los pacientes pueden tener una demanda legal si han resultado lesionados por el f\u00e1rmaco o medicamento. Si has tenido una mala reacci\u00f3n en un entorno m\u00e9dico o despu\u00e9s de tomar un medicamento, ponte en contacto con el bufete de abogados Flaxman Law Group para obtener una evaluaci\u00f3n gratuita de tu caso. Podr\u00e1s obtener asesoramiento jur\u00eddico sobre tu situaci\u00f3n y averiguar si tienes una reclamaci\u00f3n legal que pueda ayudarte a pagar la p\u00e9rdida de ingresos, las facturas m\u00e9dicas y los dem\u00e1s gastos a los que puedas enfrentarte si has sufrido un efecto secundario grave o una lesi\u00f3n como consecuencia de tomar un medicamento inseguro.  <\/p>\n<p><strong class=\"heading4\">\u00bfCu\u00e1les son algunas drogas peligrosas que pueden causar lesiones?<\/strong><\/p>\n<p>Hay muchos tipos de medicamentos y f\u00e1rmacos que han causado graves interacciones, as\u00ed como efectos secundarios no revelados. Aunque cuando la mayor\u00eda de nosotros pensamos en drogas peligrosas pensamos en estupefacientes ilegales, la realidad es que cualquier sustancia que introduzcas en tu cuerpo, incluidos los dispositivos m\u00e9dicos y los medicamentos de venta libre y recetados, puede tener efectos secundarios adversos graves. Algunos de los f\u00e1rmacos y dispositivos farmac\u00e9uticos que han causado lesiones graves en el pasado han sido:  <\/p>\n<ul>\n<li>Pr\u00f3tesis articulares y de cadera<\/li>\n<li>Implantes mamarios<\/li>\n<li>P\u00edldoras y dispositivos anticonceptivos<\/li>\n<li>Antidepresivos<\/li>\n<li>Analg\u00e9sicos<\/li>\n<\/ul>\n<p>La realidad es que casi cualquier tipo de medicamento puede ser peligroso si no se prueba correcta y minuciosamente y si no se informa plenamente sobre las posibles interacciones farmacol\u00f3gicas, los efectos secundarios y otros posibles efectos adversos.<\/p>\n<p><strong class=\"heading4\">\u00bfTengo una demanda por negligencia m\u00e9dica en Miami Springs o en mi comunidad?<\/strong><\/p>\n<p>Si has tenido una interacci\u00f3n negativa con un medicamento, puede ser dif\u00edcil saber si ha sido un error honesto, mala suerte o una lesi\u00f3n evitable. En la mayor\u00eda de los casos, este tipo de casos depende de una investigaci\u00f3n exhaustiva, as\u00ed como de un testimonio m\u00e9dico experto. Cada vez que tengas una reacci\u00f3n m\u00e9dica negativa que creas que ha provocado una lesi\u00f3n grave, es una buena idea obtener al menos asesoramiento jur\u00eddico. Un abogado especializado en lesiones personales puede ayudarte a comprender tus derechos y a revisar tus opciones legales. Si deseas hablar hoy mismo con un abogado de lesiones personales, <a href=\"contacta con nosotros.html\">contacta con el Grupo Legal Flaxman<\/a> para una evaluaci\u00f3n gratuita y sin compromiso de tu caso.    <\/p>\n<\/p><\/div>\n<\/p><\/div>\n","protected":false},"excerpt":{"rendered":"<p>Sin honorarios a menos que ganemos. Llama al 866-352-9626 para una &#8230; <\/p>\n","protected":false},"author":3,"featured_media":0,"parent":0,"menu_order":0,"comment_status":"closed","ping_status":"closed","template":"template-practice-areas.php","meta":{"footnotes":""},"class_list":["post-22293","page","type-page","status-publish","hentry"],"featured_image_src":null,"featured_image_src_square":null,"_links":{"self":[{"href":"https:\/\/flaxmanlaw.com\/es\/wp-json\/wp\/v2\/pages\/22293","targetHints":{"allow":["GET"]}}],"collection":[{"href":"https:\/\/flaxmanlaw.com\/es\/wp-json\/wp\/v2\/pages"}],"about":[{"href":"https:\/\/flaxmanlaw.com\/es\/wp-json\/wp\/v2\/types\/page"}],"author":[{"embeddable":true,"href":"https:\/\/flaxmanlaw.com\/es\/wp-json\/wp\/v2\/users\/3"}],"replies":[{"embeddable":true,"href":"https:\/\/flaxmanlaw.com\/es\/wp-json\/wp\/v2\/comments?post=22293"}],"version-history":[{"count":0,"href":"https:\/\/flaxmanlaw.com\/es\/wp-json\/wp\/v2\/pages\/22293\/revisions"}],"wp:attachment":[{"href":"https:\/\/flaxmanlaw.com\/es\/wp-json\/wp\/v2\/media?parent=22293"}],"curies":[{"name":"wp","href":"https:\/\/api.w.org\/{rel}","templated":true}]}}