{"id":22294,"date":"2024-11-18T12:44:44","date_gmt":"2024-11-18T12:44:44","guid":{"rendered":"https:\/\/flaxmanlaw.wpenginepowered.com\/accidente-de-coche-en-miami-springs-abogados-de-lesiones-de-auto-en-el-condado-de-miami-dade\/"},"modified":"2024-11-18T12:44:44","modified_gmt":"2024-11-18T12:44:44","slug":"accidente-de-coche-en-miami-springs-abogados-de-lesiones-de-auto-en-el-condado-de-miami-dade","status":"publish","type":"page","link":"https:\/\/flaxmanlaw.com\/es\/accidente-de-coche-en-miami-springs-abogados-de-lesiones-de-auto-en-el-condado-de-miami-dade\/","title":{"rendered":"Accidente de coche en Miami Springs | Abogados de lesiones de auto en el condado de Miami-Dade"},"content":{"rendered":"<div class=\"bodytext\">\n<h2>Accidente de coche en Miami Springs<\/h1><\/h2>\n<div class=\"description\">\n<p>Con su hermosa arquitectura de estilo Pueblo Revival y Misi\u00f3n y su rica historia de aviaci\u00f3n, Miami Springs es una comunidad vibrante. Con v\u00ednculos que se remontan a la d\u00e9cada de 1920, Miami Springs debe su nombre a un manantial natural que flu\u00eda en la regi\u00f3n. Aunque ahora es s\u00f3lo un recuerdo, el manantial ha dado paso a la belleza natural y a muchos espacios verdes en la comunidad.  <\/p>\n<p>Un accidente de coche en Miami Springs puede causar lesiones personales catastr\u00f3ficas, traumas de por vida, as\u00ed como v\u00edctimas mortales. En caso de lesiones graves tras un accidente, las v\u00edctimas suelen tener dificultades para volver al trabajo y pueden enfrentarse a meses o incluso a\u00f1os de p\u00e9rdida de ingresos. En algunos casos, las v\u00edctimas sufren lesiones tan graves tras su accidente de coche en Miami Springs que nunca pueden reanudar sus carreras. Adem\u00e1s de la p\u00e9rdida de ingresos, muchas v\u00edctimas de accidentes tienen que hacer frente a importantes gastos m\u00e9dicos. En los accidentes de coche en Miami Springs m\u00e1s graves, el resultado suele ser la p\u00e9rdida de la vida. Cuando muere el pasajero o el conductor de un veh\u00edculo, la familia no s\u00f3lo pierde a un padre, esposa, c\u00f3nyuge o progenitor; tambi\u00e9n pierde una fuente de ingresos. Durante el duelo, la familia tambi\u00e9n puede sufrir importantes p\u00e9rdidas econ\u00f3micas. Un abogado cualificado puede ayudar a las v\u00edctimas de accidentes de coche en Miami Springs a obtener toda la ayuda a la que tienen derecho seg\u00fan la ley. Si usted ha sufrido un accidente automovil\u00edstico en Miami Springs, contacte al Grupo Legal Flaxman para hablar con un abogado experimentado sobre su caso.        <\/p>\n<p>El Grupo Legal Flaxman es un negocio de Florida que se enorgullece de ayudar a otros residentes de Florida con sus necesidades legales. Comprendemos y sentimos gran compasi\u00f3n por las v\u00edctimas de accidentes automovil\u00edsticos que deben enfrentar da\u00f1os a la propiedad, altas cuentas m\u00e9dicas, p\u00e9rdida de ingresos, y otros gastos. Es por eso que en el Grupo Legal Flaxman estamos tan dedicados a ayudar a las v\u00edctimas de lesiones personales de cualquier manera que podamos. Nuestros tel\u00e9fonos est\u00e1n atendidos las 24 horas del d\u00eda, los siete d\u00edas de la semana, para proporcionar asistencia inmediata a quienes est\u00e1n asustados o necesitan ayuda despu\u00e9s de un accidente automovil\u00edstico en Miami Springs. Siempre estamos disponibles para acudir a tu casa, habitaci\u00f3n de hospital o lugar de trabajo para hablar de tu caso y ayudarte a comprender tus derechos y opciones legales. Podemos ayudarte a tomar una decisi\u00f3n informada sobre tu caso y podemos trabajar con tu aseguradora para garantizar que los gastos m\u00e9dicos y otros costes relacionados con tu accidente de coche en Miami Springs est\u00e9n cubiertos por el seguro.     <\/p>\n<p>Aunque el seguro de coche est\u00e1 pensado para eliminar gran parte del estr\u00e9s de un accidente de coche en Miami Springs, muchas v\u00edctimas de accidentes de coche descubren que tratar con su compa\u00f1\u00eda de seguros es muy confuso y dif\u00edcil despu\u00e9s de un accidente. Las compa\u00f1\u00edas de seguros utilizan jerga y t\u00e9rminos complejos al describir un accidente de coche, y pueden ofrecer s\u00f3lo una parte del coste total de la p\u00e9rdida de ingresos, los da\u00f1os materiales y las facturas m\u00e9dicas que sufra la v\u00edctima. En la mayor\u00eda de los casos, los abogados de lesiones personales de Miami Springs son necesarios para ayudar a la v\u00edctima a comprender sus derechos y para ayudarla a negociar con la compa\u00f1\u00eda de seguros un acuerdo justo. Si usted necesita un abogado calificado y experimentado en accidentes automovil\u00edsticos en Miami Springs, llame al Grupo Legal Flaxman para programar una consulta gratuita sobre accidentes y hablar sobre su caso.   <\/p>\n<p>Las oficinas del Grupo Legal Flaxman en Miami est\u00e1n a s\u00f3lo catorce minutos manejando desde Miami Springs. Simplemente sigue Albatross St., N Esplanade Dr., Deer Run, Curtiss Pkwy, FL-948 W\/NW 36th St., FL-826 S, y FL-959 S\/NW 57th Ave\/N Red Rd hasta el 6303 Blue Lagoon Dr., Suite 400, donde se encuentran las oficinas del Grupo Legal Flaxman. Tambi\u00e9n puedes visitar nuestras oficinas en Hollywood, en el 5715 de Johnson Street, o las oficinas del Grupo Legal Flaxman en Homestead, en el 123 North Krome Avenue #101. Si tus lesiones pueden dificultar tu desplazamiento, nuestro equipo legal tambi\u00e9n estar\u00e1 encantado de visitarte en tu casa, lugar de trabajo o habitaci\u00f3n de hospital para hablar sobre tu caso. Nuestro trabajo es ofrecer asistencia, as\u00ed que llame hoy mismo para su consulta gratuita sobre accidentes y descubra lo que podemos hacer por usted.<\/p>\n<\/p><\/div>\n<\/p><\/div>\n","protected":false},"excerpt":{"rendered":"<p>Sin honorarios a menos que ganemos. Llama al 866-352-9626 para una &#8230; <\/p>\n","protected":false},"author":3,"featured_media":0,"parent":0,"menu_order":0,"comment_status":"closed","ping_status":"closed","template":"template-practice-areas.php","meta":{"footnotes":""},"class_list":["post-22294","page","type-page","status-publish","hentry"],"featured_image_src":null,"featured_image_src_square":null,"_links":{"self":[{"href":"https:\/\/flaxmanlaw.com\/es\/wp-json\/wp\/v2\/pages\/22294","targetHints":{"allow":["GET"]}}],"collection":[{"href":"https:\/\/flaxmanlaw.com\/es\/wp-json\/wp\/v2\/pages"}],"about":[{"href":"https:\/\/flaxmanlaw.com\/es\/wp-json\/wp\/v2\/types\/page"}],"author":[{"embeddable":true,"href":"https:\/\/flaxmanlaw.com\/es\/wp-json\/wp\/v2\/users\/3"}],"replies":[{"embeddable":true,"href":"https:\/\/flaxmanlaw.com\/es\/wp-json\/wp\/v2\/comments?post=22294"}],"version-history":[{"count":0,"href":"https:\/\/flaxmanlaw.com\/es\/wp-json\/wp\/v2\/pages\/22294\/revisions"}],"wp:attachment":[{"href":"https:\/\/flaxmanlaw.com\/es\/wp-json\/wp\/v2\/media?parent=22294"}],"curies":[{"name":"wp","href":"https:\/\/api.w.org\/{rel}","templated":true}]}}