{"id":22295,"date":"2024-11-18T12:44:44","date_gmt":"2024-11-18T12:44:44","guid":{"rendered":"https:\/\/flaxmanlaw.wpenginepowered.com\/miami-springs-puntos-ciegos-abogados-de-accidentes-de-camion-del-condado-de-miami-dade\/"},"modified":"2024-11-18T12:44:44","modified_gmt":"2024-11-18T12:44:44","slug":"miami-springs-puntos-ciegos-abogados-de-accidentes-de-camion-del-condado-de-miami-dade","status":"publish","type":"page","link":"https:\/\/flaxmanlaw.com\/es\/miami-springs-puntos-ciegos-abogados-de-accidentes-de-camion-del-condado-de-miami-dade\/","title":{"rendered":"Miami Springs Puntos Ciegos | Abogados de Accidentes de Cami\u00f3n del Condado de Miami-Dade"},"content":{"rendered":"<div class=\"bodytext\">\n<h2>Puntos ciegos de Miami Springs<\/h1><\/h2>\n<div class=\"description\">\n<p>Seg\u00fan la Administraci\u00f3n Nacional de Seguridad del Tr\u00e1fico en Carretera, cada a\u00f1o se producen unos 840.000 accidentes de tr\u00e1fico por \u00e1ngulo muerto en todo el pa\u00eds. Estos accidentes se cobran 300 vidas estadounidenses cada a\u00f1o. En muchos casos, los accidentes causados por problemas de \u00e1ngulos muertos son totalmente evitables y estas colisiones suelen deberse a que las personas no comprueban adecuadamente sus \u00e1ngulos muertos antes de cambiar de carril o a que los conductores no ajustan bien los espejos.  <\/p>\n<p>Si usted ha resultado lesionado en un accidente automovil\u00edstico por punto ciego en Miami Springs o en cualquier parte de Florida, o si un ser querido ha muerto en este tipo de accidente, contacte a un abogado del <a href=\"index.html\">Grupo Legal Flaxman<\/a> para recibir una consulta gratuita sobre accidentes. Un abogado puede decirle si usted tiene una demanda y cu\u00e1nto puede valer su demanda. Un abogado puede ayudarle con cada detalle de la presentaci\u00f3n de una demanda, puede negociar con su aseguradora, y puede ayudarle a comprender sus opciones legales.  <\/p>\n<p><strong class=\"heading4\">Tus P\u00e9rdidas Tras Un Accidente De Coche En Un Punto Ciego Significativo Pueden Ser M\u00e1s Importantes De Lo Que Crees<\/strong><\/p>\n<p>Los abogados del Grupo Legal Flaxman han visto una y otra vez c\u00f3mo los supervivientes de accidentes de coche a veces subestiman los costes totales probables de sus lesiones y demandas. Desgraciadamente, muchas personas que sobreviven a un accidente de coche creen que el seguro se har\u00e1 cargo de ellas o asumen que sus lesiones no costar\u00e1n tanto como costar\u00e1n. <\/p>\n<p>Sin embargo, la realidad es que las urgencias m\u00e9dicas en Florida pueden ser extremadamente caras y las compa\u00f1\u00edas de seguros rara vez pagan la m\u00e1xima cantidad posible. De hecho, en todo el pa\u00eds, los gastos m\u00e9dicos inesperados son la principal causa de quiebra personal. Si te has lesionado, es vital que consideres todas tus opciones y recursos para obtener una indemnizaci\u00f3n justa, de modo que puedas protegerte y proteger a tu familia.  <\/p>\n<p><strong class=\"heading4\">C\u00f3mo buscar ayuda tras un accidente de tr\u00e1fico grave<\/strong><\/p>\n<p>Es posible que puedas solicitar una indemnizaci\u00f3n por tus p\u00e9rdidas y da\u00f1os tras un accidente de coche hablando con un abogado de lesiones personales con experiencia y conocimientos en Miami Springs o en tu comunidad. Un abogado de lesiones personales puede revisar tu situaci\u00f3n, puede escuchar lo que ha ocurrido y puede ayudarte a explorar tus opciones legales. <\/p>\n<p>Dependiendo de tu situaci\u00f3n, puedes decidir negociar con tu aseguradora, presentar una demanda judicial o buscar otras opciones para obtener una indemnizaci\u00f3n. Un abogado especializado en lesiones personales puede ofrecerte una evaluaci\u00f3n honesta de qu\u00e9 opci\u00f3n puede tener sentido para ti y puede ayudarte con estas soluciones, proporcion\u00e1ndote la representaci\u00f3n agresiva y los conocimientos jur\u00eddicos que necesitas para aumentar tus posibilidades de obtener una indemnizaci\u00f3n justa. <\/p>\n<p>En el Grupo Legal Flaxman, nuestros abogados se dedican a ayudar a los sobrevivientes de lesiones personales a buscar compensaci\u00f3n y justicia dentro del sistema legal. Nuestros abogados y equipo legal trabajan d\u00eda y noche para construir casos s\u00f3lidos. Trabajamos con un equipo de investigadores privados, peritos m\u00e9dicos, ingenieros, consultores, testigos expertos y otros profesionales para construir casos s\u00f3lidos en nombre de los clientes. Lo mejor de todo es que nos preocupamos de verdad por cada cliente y nos desvivimos por ofrecerle una representaci\u00f3n legal compasiva y profesional, as\u00ed como el respeto que se merece. Para saber m\u00e1s sobre nuestra firma legal o para averiguar qu\u00e9 se puede hacer en su situaci\u00f3n, <a href=\"contacta con nosotros.html\">contacte<\/a> hoy mismo al Grupo Legal Flaxman para programar su revisi\u00f3n de caso gratuita y sin compromiso.    <\/p>\n<\/p><\/div>\n<\/p><\/div>\n","protected":false},"excerpt":{"rendered":"<p>Sin honorarios a menos que ganemos. Llama al 866-352-9626 para una &#8230; <\/p>\n","protected":false},"author":3,"featured_media":0,"parent":0,"menu_order":0,"comment_status":"closed","ping_status":"closed","template":"template-practice-areas.php","meta":{"footnotes":""},"class_list":["post-22295","page","type-page","status-publish","hentry"],"featured_image_src":null,"featured_image_src_square":null,"_links":{"self":[{"href":"https:\/\/flaxmanlaw.com\/es\/wp-json\/wp\/v2\/pages\/22295","targetHints":{"allow":["GET"]}}],"collection":[{"href":"https:\/\/flaxmanlaw.com\/es\/wp-json\/wp\/v2\/pages"}],"about":[{"href":"https:\/\/flaxmanlaw.com\/es\/wp-json\/wp\/v2\/types\/page"}],"author":[{"embeddable":true,"href":"https:\/\/flaxmanlaw.com\/es\/wp-json\/wp\/v2\/users\/3"}],"replies":[{"embeddable":true,"href":"https:\/\/flaxmanlaw.com\/es\/wp-json\/wp\/v2\/comments?post=22295"}],"version-history":[{"count":0,"href":"https:\/\/flaxmanlaw.com\/es\/wp-json\/wp\/v2\/pages\/22295\/revisions"}],"wp:attachment":[{"href":"https:\/\/flaxmanlaw.com\/es\/wp-json\/wp\/v2\/media?parent=22295"}],"curies":[{"name":"wp","href":"https:\/\/api.w.org\/{rel}","templated":true}]}}