{"id":22297,"date":"2024-11-18T12:44:44","date_gmt":"2024-11-18T12:44:44","guid":{"rendered":"https:\/\/flaxmanlaw.wpenginepowered.com\/lesiones-infantiles-en-miami-springs-abogados-de-accidentes-del-condado-de-miami-dade\/"},"modified":"2024-11-18T12:44:44","modified_gmt":"2024-11-18T12:44:44","slug":"lesiones-infantiles-en-miami-springs-abogados-de-accidentes-del-condado-de-miami-dade","status":"publish","type":"page","link":"https:\/\/flaxmanlaw.com\/es\/lesiones-infantiles-en-miami-springs-abogados-de-accidentes-del-condado-de-miami-dade\/","title":{"rendered":"Lesiones infantiles en Miami Springs | Abogados de accidentes del condado de Miami-Dade"},"content":{"rendered":"<div class=\"bodytext\">\n<h2>Lesiones infantiles en Miami Springs<\/h1><\/h2>\n<div class=\"description\">\n<p>Miami Springs es una comunidad del sur de Florida y un suburbio de Miami. Conocida por sus v\u00ednculos hist\u00f3ricos con la industria de la aviaci\u00f3n, Miami Springs tambi\u00e9n es conocida por su arquitectura de estilo Pueblo Revival y Mission, que se incorpor\u00f3 al dise\u00f1o de la comunidad planificada. Hay varios edificios conocidos en la comunidad, como la Mansi\u00f3n Curtiss, la Residencia de Ancianos Fair Haven y el Hotel Country Club.  <\/p>\n<p><strong class=\"heading4\">\u00bfQu\u00e9 tipos de casos dan lugar a demandas por lesiones infantiles en Miami Springs y otras comunidades?<\/strong><\/p>\n<p>Cada vez que un ni\u00f1o resulta herido en Miami Springs o en cualquier ciudad de Florida debido a un acto il\u00edcito o a la negligencia o imprudencia de alguien, es posible que se presente una demanda. Los casos en que un ni\u00f1o ha sufrido malos tratos, acoso escolar o lesiones en un accidente pueden dar lugar a reclamaciones por lesiones personales en Miami Springs o en tu comunidad si la lesi\u00f3n fue causada por la negligencia o imprudencia de alguien. La mejor forma de averiguar si tu situaci\u00f3n concreta puede dar lugar a una reclamaci\u00f3n legal es consultar a un <a href=\"sobre nosotros.html\">abogado<\/a> especializado en <a href=\"sobre nosotros.html\">lesiones personales<\/a>. Un abogado con experiencia puede revisar los detalles de tu caso, puede ayudarte a encontrar a todas las partes responsables y puede ayudarte a comprender todas tus opciones para que tomes la decisi\u00f3n correcta para tu hijo y tu familia.   <\/p>\n<p><strong class=\"heading4\">Mi hijo se ha lesionado. \u00bfQu\u00e9 debo hacer? <\/strong><\/p>\n<p>Tu primera prioridad, por supuesto, es conseguir la mejor atenci\u00f3n m\u00e9dica posible para tu hijo. Aunque no est\u00e9s seguro de si tu hijo se ha lesionado gravemente, a menudo es mejor acudir a urgencias, a una cl\u00ednica o a un profesional m\u00e9dico para asegurarte de que no ha sufrido lesiones graves. Ten en cuenta que algunas lesiones, como los traumatismos craneoencef\u00e1licos, no presentan s\u00edntomas de inmediato, pero aun as\u00ed pueden ser potencialmente mortales. Una vez que tu hijo haya recibido atenci\u00f3n m\u00e9dica, puedes empezar a documentar las pruebas. Esto significa hablar con otras personas que puedan haber presenciado el incidente, obtener copias de los historiales m\u00e9dicos, hacer fotos de las lesiones, etc. Tambi\u00e9n querr\u00e1s consultar a un abogado de lesiones personales en Miami Springs o en tu comunidad. Un abogado puede revisar los detalles de tu caso y determinar si tienes derecho a reclamar.      <\/p>\n<p>Ning\u00fan ni\u00f1o merece ser v\u00edctima de la negligencia o imprudencia de alguien. Si crees que tu hijo ha sido da\u00f1ado por la negligencia de alguien o por un acto il\u00edcito, contacta hoy mismo con el Grupo Legal Flaxman. El Grupo Legal Flaxman es una firma de servicios integrales con investigadores privados y testigos expertos que pueden ayudarle a construir un caso s\u00f3lido y pueden ayudarle a investigar las lesiones de su hijo. El <a href=\"index.html\">Grupo Legal<\/a> Flaxman puede negociar con las aseguradoras en su nombre para que usted pueda buscar una compensaci\u00f3n justa por las lesiones de su hijo. El equipo legal del Grupo Legal Flaxman tambi\u00e9n puede representarte en la corte si decides levantar una demanda legal. Para determinar qu\u00e9 curso de acci\u00f3n podr\u00eda ser el adecuado para usted y su familia, puede <a href=\"contacta con nosotros.html\">contactar<\/a> al equipo legal del Grupo Legal Flaxman para una consulta gratuita sobre accidentes. Tu consulta es gratuita y sin compromiso, as\u00ed que no arriesgas nada.      <\/p>\n<\/p><\/div>\n<\/p><\/div>\n","protected":false},"excerpt":{"rendered":"<p>Sin honorarios a menos que ganemos. Llama al 866-352-9626 para una &#8230; <\/p>\n","protected":false},"author":3,"featured_media":0,"parent":0,"menu_order":0,"comment_status":"closed","ping_status":"closed","template":"template-practice-areas.php","meta":{"footnotes":""},"class_list":["post-22297","page","type-page","status-publish","hentry"],"featured_image_src":null,"featured_image_src_square":null,"_links":{"self":[{"href":"https:\/\/flaxmanlaw.com\/es\/wp-json\/wp\/v2\/pages\/22297","targetHints":{"allow":["GET"]}}],"collection":[{"href":"https:\/\/flaxmanlaw.com\/es\/wp-json\/wp\/v2\/pages"}],"about":[{"href":"https:\/\/flaxmanlaw.com\/es\/wp-json\/wp\/v2\/types\/page"}],"author":[{"embeddable":true,"href":"https:\/\/flaxmanlaw.com\/es\/wp-json\/wp\/v2\/users\/3"}],"replies":[{"embeddable":true,"href":"https:\/\/flaxmanlaw.com\/es\/wp-json\/wp\/v2\/comments?post=22297"}],"version-history":[{"count":0,"href":"https:\/\/flaxmanlaw.com\/es\/wp-json\/wp\/v2\/pages\/22297\/revisions"}],"wp:attachment":[{"href":"https:\/\/flaxmanlaw.com\/es\/wp-json\/wp\/v2\/media?parent=22297"}],"curies":[{"name":"wp","href":"https:\/\/api.w.org\/{rel}","templated":true}]}}