{"id":22298,"date":"2024-11-18T12:44:44","date_gmt":"2024-11-18T12:44:44","guid":{"rendered":"https:\/\/flaxmanlaw.wpenginepowered.com\/accidente-de-autobus-en-miami-springs-abogados-de-lesiones-personales-del-condado-de-miami-dade\/"},"modified":"2024-11-18T12:44:44","modified_gmt":"2024-11-18T12:44:44","slug":"accidente-de-autobus-en-miami-springs-abogados-de-lesiones-personales-del-condado-de-miami-dade","status":"publish","type":"page","link":"https:\/\/flaxmanlaw.com\/es\/accidente-de-autobus-en-miami-springs-abogados-de-lesiones-personales-del-condado-de-miami-dade\/","title":{"rendered":"Accidente de autob\u00fas en Miami Springs | Abogados de lesiones personales del condado de Miami-Dade"},"content":{"rendered":"<div class=\"bodytext\">\n<h2>Accidente de autob\u00fas en Miami Springs<\/h1><\/h2>\n<div class=\"description\">\n<p>Miami Springs es una comunidad planificada del sur de Florida situada en el condado de Miami Dade. La historia de la ciudad est\u00e1 estrechamente ligada a la industria de la aviaci\u00f3n y durante muchos a\u00f1os hubo muchos puestos de trabajo de aviaci\u00f3n en la comunidad. Miami Springs es conocida por su arquitectura de estilo Pueblo y Misi\u00f3n y por su singular forma triangular.  <\/p>\n<p>Aunque Miami Springs ha sido cuidadosamente planificada en cuanto a est\u00e9tica y seguridad, en la comunidad siguen produci\u00e9ndose accidentes de coche y accidentes de autob\u00fas en Miami Springs. Aunque los accidentes de autob\u00fas son menos frecuentes, pueden ser devastadores. Hay varias razones por las que este tipo de accidentes pueden ser especialmente mortales:  <\/p>\n<p>1) En un autob\u00fas normal hay m\u00e1s pasajeros que en un coche normal. En un accidente, esto puede causar lesiones graves al chocar los pasajeros entre s\u00ed durante una colisi\u00f3n de autob\u00fas en Miami Springs. <\/p>\n<p>2) En la mayor\u00eda de los autobuses no hay cinturones de seguridad y en algunos casos (como en los autobuses p\u00fablicos) se permite a los pasajeros ir de pie adem\u00e1s de sentados. En un accidente de tr\u00e1fico en Miami Springs, esto puede significar que los pasajeros salgan despedidos al no llevar puesto el cintur\u00f3n de seguridad. Los pasajeros que van de pie, sobre todo, pueden salir despedidos y sufrir graves lesiones en la cabeza, fracturas \u00f3seas y otras lesiones graves en Miami Springs. La mayor\u00eda de los autobuses no disponen de los dispositivos de seguridad -como airbags y otros- destinados a proteger a los pasajeros, y esto tambi\u00e9n puede causar lesiones en un accidente.   <\/p>\n<p>3) El tama\u00f1o y la fuerza de un autob\u00fas son mucho mayores que los de un turismo. Esto puede dificultar al conductor el control del autob\u00fas en caso de colisi\u00f3n y puede provocar una colisi\u00f3n m\u00e1s grave debido a la naturaleza del veh\u00edculo. <\/p>\n<p>Charles Flaxman, del <a href=\"index.html\">Grupo Legal Flaxman<\/a>, ha manejado numerosos casos de accidentes de autob\u00fas en Florida y ha visto de primera mano lo devastadoras que pueden ser este tipo de lesiones. Las v\u00edctimas lesionadas en un accidente de autob\u00fas en Miami Springs pueden perder meses de trabajo, pueden tener lesiones permanentes y pueden requerir cuidados m\u00e9dicos prolongados. Por desgracia, como la mayor\u00eda de los autobuses son propiedad de grandes empresas o de entidades gubernamentales, a algunas v\u00edctimas les resulta dif\u00edcil conseguir la indemnizaci\u00f3n justa que merecen para pagar sus lesiones. Despu\u00e9s de trabajar en el sector de los seguros durante diez a\u00f1os, Charles Flaxman se gradu\u00f3 entre los primeros de su promoci\u00f3n en la Facultad de Derecho y se ha dedicado a ayudar a las v\u00edctimas de lesiones personales del Sur de Florida a obtener el apoyo que necesitan para afrontar un futuro mejor.   <\/p>\n<p>Si usted ha resultado lesionado en un <a href=\"accidentes-autob\u00fas.html\">accidente de autob\u00fas en Miami Springs<\/a>, contacte al Grupo Legal Flaxman para programar una consulta gratuita y sin compromiso. Puedes contactar a la firma de abogados las 24 horas del d\u00eda, los siete d\u00edas de la semana, llamando al 866-352-9626 o utilizando el formulario de contacto en l\u00ednea. El equipo jur\u00eddico del Grupo Legal Flaxman ya ha ayudado a recuperar m\u00e1s de 25 millones de d\u00f3lares a favor de miles de clientes de lesiones personales en Florida del Sur. Llame hoy mismo al Grupo Legal Flaxman para enterarse de lo que el equipo jur\u00eddico puede hacer por usted. Tu consulta inicial es absolutamente gratuita y sin compromiso, as\u00ed que no arriesgas nada al obtener una opini\u00f3n legal sobre tu caso.    <\/p>\n<\/p><\/div>\n<\/p><\/div>\n","protected":false},"excerpt":{"rendered":"<p>Sin honorarios a menos que ganemos. Llama al 866-352-9626 para una &#8230; <\/p>\n","protected":false},"author":3,"featured_media":0,"parent":0,"menu_order":0,"comment_status":"closed","ping_status":"closed","template":"template-practice-areas.php","meta":{"footnotes":""},"class_list":["post-22298","page","type-page","status-publish","hentry"],"featured_image_src":null,"featured_image_src_square":null,"_links":{"self":[{"href":"https:\/\/flaxmanlaw.com\/es\/wp-json\/wp\/v2\/pages\/22298","targetHints":{"allow":["GET"]}}],"collection":[{"href":"https:\/\/flaxmanlaw.com\/es\/wp-json\/wp\/v2\/pages"}],"about":[{"href":"https:\/\/flaxmanlaw.com\/es\/wp-json\/wp\/v2\/types\/page"}],"author":[{"embeddable":true,"href":"https:\/\/flaxmanlaw.com\/es\/wp-json\/wp\/v2\/users\/3"}],"replies":[{"embeddable":true,"href":"https:\/\/flaxmanlaw.com\/es\/wp-json\/wp\/v2\/comments?post=22298"}],"version-history":[{"count":0,"href":"https:\/\/flaxmanlaw.com\/es\/wp-json\/wp\/v2\/pages\/22298\/revisions"}],"wp:attachment":[{"href":"https:\/\/flaxmanlaw.com\/es\/wp-json\/wp\/v2\/media?parent=22298"}],"curies":[{"name":"wp","href":"https:\/\/api.w.org\/{rel}","templated":true}]}}