{"id":22300,"date":"2024-11-18T12:44:44","date_gmt":"2024-11-18T12:44:44","guid":{"rendered":"https:\/\/flaxmanlaw.wpenginepowered.com\/abuso-de-ancianos-en-miami-springs-abogados-de-negligencia-en-residencias-de-ancianos-del-condado-de-miami-dade\/"},"modified":"2024-11-18T12:44:44","modified_gmt":"2024-11-18T12:44:44","slug":"abuso-de-ancianos-en-miami-springs-abogados-de-negligencia-en-residencias-de-ancianos-del-condado-de-miami-dade","status":"publish","type":"page","link":"https:\/\/flaxmanlaw.com\/es\/abuso-de-ancianos-en-miami-springs-abogados-de-negligencia-en-residencias-de-ancianos-del-condado-de-miami-dade\/","title":{"rendered":"Abuso de Ancianos en Miami Springs | Abogados de Negligencia en Residencias de Ancianos del Condado de Miami-Dade"},"content":{"rendered":"<div class=\"bodytext\">\n<h2>Abuso de ancianos en Miami Springs<\/h1><\/h2>\n<div class=\"description\">\n<p>Los mayores deber\u00edan disfrutar m\u00e1s del ocio y de los dem\u00e1s placeres de envejecer. Por desgracia, muchos ancianos son vulnerables a la delincuencia y los abusos. Algunos cuidadores se aprovechan intencionadamente de los ancianos, abusando de su confianza y de sus bienes. El maltrato de ancianos en Miami Springs y Florida puede ser dif\u00edcil de detectar y a\u00fan m\u00e1s dif\u00edcil de detener.   <\/p>\n<p>Si un miembro de su familia ha resultado lesionado por abuso en un centro de vida asistida, asilo de ancianos, o cualquier entorno de cuidados, sepa que siempre puede contactar al Grupo Legal Flaxman. Nuestra firma de Florida del Sur cuenta con un equipo de abogados con m\u00e1s de sesenta a\u00f1os de experiencia combinada en casos de abuso, maltrato a ancianos y lesiones personales. Cont\u00e1ctanos a trav\u00e9s de nuestro sitio web o marcando el 866-352-9626 para programar una consulta sin costo y sin compromiso con un miembro de nuestro equipo legal.  <\/p>\n<p><strong class=\"heading4\">Tipos de Abuso y Negligencia en Asilos de Ancianos en Miami Springs y Florida<\/strong><\/p>\n<p>El maltrato de ancianos en centros de vida asistida, residencias de ancianos y otros entornos asistenciales puede implicar cinco tipos principales de maltrato:<\/p>\n<ul>\n<li><strong>Maltrato f\u00edsico<\/strong>. Una de las formas m\u00e1s comunes de maltrato a ancianos, el maltrato f\u00edsico puede consistir en agresi\u00f3n y asalto, golpes, pu\u00f1etazos, confinamiento forzoso, empujones y cualquier forma de amenaza o da\u00f1o f\u00edsico. <\/li>\n<li><strong>Abuso sexual<\/strong>. La violaci\u00f3n, la agresi\u00f3n sexual, el asalto sexual y cualquier forma de contacto sexual no deseado pueden considerarse abuso sexual. <\/li>\n<li><strong>Negligencia<\/strong>. Dado que los ancianos dependen en algunos casos de los cuidadores, cuando \u00e9stos les niegan atenci\u00f3n m\u00e9dica, alimentos, ropa, alojamiento adecuado, agua u otros elementos esenciales, pueden ser declarados culpables de negligencia. <\/li>\n<li><strong>Maltrato emocional<\/strong>. Esta forma de maltrato puede ser dif\u00edcil de detectar, porque no deja pistas f\u00edsicas. El maltrato emocional puede implicar acoso, amenazas, intimidaci\u00f3n, humillaci\u00f3n y abuso verbal.  <\/li>\n<li><strong>Abuso m\u00e9dico<\/strong>. Esta forma de maltrato consiste en sobremedicar o inframedicar a los pacientes o negar atenci\u00f3n m\u00e9dica a un residente que necesita hablar con un profesional m\u00e9dico. <\/li>\n<li><strong>Abuso financiero<\/strong>. Esta forma de abuso puede implicar fraude, abuso de poder, robo, extorsi\u00f3n y falsificaci\u00f3n. Tambi\u00e9n puede consistir en presionar a una persona mayor para que ceda bienes o firme documentos financieros que no entiende.  <\/li>\n<\/ul>\n<p><strong class=\"heading4\">Abuso emocional<\/strong><\/p>\n<p>El maltrato emocional no deja cicatrices f\u00edsicas, pero puede ser tan devastador como la agresi\u00f3n f\u00edsica. El maltrato emocional y verbal de los ancianos puede provocar depresi\u00f3n, pensamientos suicidas, comportamiento retra\u00eddo, aislamiento y disminuci\u00f3n de la autoestima. Nadie merece vivir con malos tratos verbales y emocionales, pero por desgracia algunos ancianos en entornos asistenciales se enfrentan cada d\u00eda a este tipo de situaciones.  <\/p>\n<p>El maltrato emocional puede consistir en duras cr\u00edticas, insultos, humillaciones verbales, gritos, agresiones verbales y otras cosas. A las v\u00edctimas de este tipo de maltrato se las puede menospreciar o incluso decirles que no valen nada. Tr\u00e1gicamente, en algunos casos las v\u00edctimas son vulnerables e incluso creen las palabras de su agresor.  <\/p>\n<p>El maltrato emocional es dif\u00edcil de detectar, precisamente porque no deja pistas f\u00edsicas. La v\u00edctima puede actuar de forma m\u00e1s retra\u00edda o estar m\u00e1s aislada. En los casos en que el maltrato emocional va acompa\u00f1ado de maltrato f\u00edsico u otros abusos, puede ser m\u00e1s f\u00e1cil de advertir. No obstante, debe investigarse cualquier cambio en el comportamiento o el estado f\u00edsico de un familiar anciano.   <\/p>\n<p>Los abogados <a href=\"contacta con nosotros.html\">del Grupo Legal Flaxman<\/a> creen que los ancianos deben ser valorados y protegidos. Cuando ocurre un abuso, nuestros abogados buscan agresivamente justicia y compensaci\u00f3n a favor de los ancianos. Aunque nuestro trabajo no puede eliminar el abuso que ya ha ocurrido, puede ayudar a los ancianos y a sus familias a obtener recursos financieros para pagar la atenci\u00f3n m\u00e9dica, asesor\u00eda, rehabilitaci\u00f3n y cuidados de calidad. Para ponerte en contacto con el equipo legal compasivo y profesional de nuestro bufete, ponte en contacto con nosotros para una consulta gratuita sobre accidentes.   <\/p>\n<\/p><\/div>\n<\/p><\/div>\n","protected":false},"excerpt":{"rendered":"<p>Sin honorarios a menos que ganemos. Llama al 866-352-9626 para una &#8230; <\/p>\n","protected":false},"author":3,"featured_media":0,"parent":0,"menu_order":0,"comment_status":"closed","ping_status":"closed","template":"template-practice-areas.php","meta":{"footnotes":""},"class_list":["post-22300","page","type-page","status-publish","hentry"],"featured_image_src":null,"featured_image_src_square":null,"_links":{"self":[{"href":"https:\/\/flaxmanlaw.com\/es\/wp-json\/wp\/v2\/pages\/22300","targetHints":{"allow":["GET"]}}],"collection":[{"href":"https:\/\/flaxmanlaw.com\/es\/wp-json\/wp\/v2\/pages"}],"about":[{"href":"https:\/\/flaxmanlaw.com\/es\/wp-json\/wp\/v2\/types\/page"}],"author":[{"embeddable":true,"href":"https:\/\/flaxmanlaw.com\/es\/wp-json\/wp\/v2\/users\/3"}],"replies":[{"embeddable":true,"href":"https:\/\/flaxmanlaw.com\/es\/wp-json\/wp\/v2\/comments?post=22300"}],"version-history":[{"count":0,"href":"https:\/\/flaxmanlaw.com\/es\/wp-json\/wp\/v2\/pages\/22300\/revisions"}],"wp:attachment":[{"href":"https:\/\/flaxmanlaw.com\/es\/wp-json\/wp\/v2\/media?parent=22300"}],"curies":[{"name":"wp","href":"https:\/\/api.w.org\/{rel}","templated":true}]}}