{"id":22303,"date":"2024-11-18T12:44:44","date_gmt":"2024-11-18T12:44:44","guid":{"rendered":"https:\/\/flaxmanlaw.wpenginepowered.com\/miami-springs-dwi-dui-accidentes-de-coche-miami-dade-county-abogados-de-lesiones\/"},"modified":"2024-11-18T12:44:44","modified_gmt":"2024-11-18T12:44:44","slug":"miami-springs-dwi-dui-accidentes-de-coche-miami-dade-county-abogados-de-lesiones","status":"publish","type":"page","link":"https:\/\/flaxmanlaw.com\/es\/miami-springs-dwi-dui-accidentes-de-coche-miami-dade-county-abogados-de-lesiones\/","title":{"rendered":"Miami Springs DWI\/DUI Accidentes de Coche | Miami-Dade County Abogados de Lesiones"},"content":{"rendered":"<div class=\"bodytext\">\n<h2>Accidentes de coche por DWI\/DUI en Miami Springs<\/h1><\/h2>\n<div class=\"description\">\n<p>De media, alguien muere en EE.UU. en una colisi\u00f3n por conducir ebrio cada 53 minutos. De media, cada 90 segundos alguien resulta herido a causa de accidentes por conducir ebrio. Las estad\u00edsticas son especialmente escalofriantes porque la conducci\u00f3n bajo los efectos del alcohol es completamente evitable. Sencillamente, no hay raz\u00f3n ni excusa para que este tipo de conducci\u00f3n temeraria provoque colisiones automovil\u00edsticas en Miami Springs y otras comunidades.   <\/p>\n<p>Si usted ha resultado lesionado por un conductor imprudente que ha estado bebiendo y conduciendo, merece una compensaci\u00f3n justa bajo la ley de Florida. Para averiguar si usted califica para una demanda legal u otras opciones legales que puedan ayudarle a buscar justicia y compensaci\u00f3n, contacte hoy mismo <a href=\"index.html\">al Grupo Legal Flaxman<\/a> para programar una evaluaci\u00f3n gratuita de su caso. Puedes contactar a la firma de servicios integrales en cualquier momento llamando al 866-352-9626 o utilizando el sitio web.  <\/p>\n<p><strong class=\"heading4\">Las lesiones causadas por accidentes por conducir ebrio pueden ser mortales<\/strong><\/p>\n<p>Los conductores ebrios juegan un juego peligroso cuando se ponen al volante. Cada a\u00f1o, los accidentes por conducir bajo los efectos del alcohol causan lesiones catastr\u00f3ficas, entre otras: <\/p>\n<ul>\n<li>Lesiones infantiles<\/li>\n<li>Lesiones faciales<\/li>\n<li>Latigazo cervical<\/li>\n<li>Laceraciones<\/li>\n<li>Fracturas<\/li>\n<li>Lesiones de m\u00e9dula espinal y espalda<\/li>\n<li>Quemaduras<\/li>\n<li>Amputaciones<\/li>\n<li>Traumatismo craneal<\/li>\n<li>Lesiones internas<\/li>\n<li>Fallecidos<\/li>\n<\/ul>\n<p>Si has resultado herido por uno de estos resultados, puede que tu vida cambie en una fracci\u00f3n de segundo. Por culpa de un conductor que decide beber irresponsablemente, puedes encontrarte con lesiones permanentes, sin poder volver al trabajo o enfrent\u00e1ndote a la p\u00e9rdida de un ser querido. <\/p>\n<p><strong class=\"heading4\">Las lesiones causadas por accidentes por conducir bajo los efectos del alcohol pueden acarrear problemas econ\u00f3micos a las familias de Florida<\/strong><\/p>\n<p>Si has resultado herido por un conductor ebrio, mereces una indemnizaci\u00f3n m\u00e1xima y completa que te ayude a pagar los da\u00f1os materiales, los gastos m\u00e9dicos, la p\u00e9rdida de ingresos, el dolor y el sufrimiento, y otros gastos. La realidad es que los costes tras un accidente por conducir bajo los efectos del alcohol pueden ser catastr\u00f3ficos. Puede que tengas que pagar por:  <\/p>\n<ul>\n<li>Salarios perdidos<\/li>\n<li>Atenci\u00f3n m\u00e9dica de urgencia<\/li>\n<li>Transporte de ida y vuelta a las citas m\u00e9dicas<\/li>\n<li>Atenci\u00f3n m\u00e9dica de seguimiento<\/li>\n<li>Medicaci\u00f3n<\/li>\n<li>Oportunidades futuras de p\u00e9rdida de ingresos previstas<\/li>\n<li>Productos sanitarios<\/li>\n<li>Pruebas diagn\u00f3sticas<\/li>\n<li>Rehabilitaci\u00f3n, fisioterapia y otros tratamientos continuados<\/li>\n<li>Los llamados tratamientos est\u00e9ticos si te han dejado cicatrices o te han desfigurado<\/li>\n<li>Costes m\u00e9dicos previstos en el futuro<\/li>\n<li>Cirug\u00eda<\/li>\n<li>Estancias hospitalarias<\/li>\n<li>El coste de hacer accesibles tu casa y tu coche si has sufrido lesiones permanentes<\/li>\n<li>Asistencia a domicilio u otras formas de asistencia si no puedes cuidar de ti mismo<\/li>\n<li>Da\u00f1os materiales<\/li>\n<li>Sustituci\u00f3n o reparaci\u00f3n del coche<\/li>\n<\/ul>\n<p>Un accidente por conducir bajo los efectos del alcohol puede acabar costando f\u00e1cilmente decenas de miles de d\u00f3lares. Si has sufrido una lesi\u00f3n en la cabeza en Miami Springs o en tu comunidad, por ejemplo, el tratamiento m\u00e9dico puede costar cien mil d\u00f3lares o m\u00e1s s\u00f3lo en el primer a\u00f1o. Si has sufrido lesiones graves y permanentes, no es raro que el coste total de tus lesiones supere el mill\u00f3n de d\u00f3lares, sobre todo si se ve afectada tu capacidad para reincorporarte a tu puesto de trabajo. Es importante buscar una indemnizaci\u00f3n justa en estos casos, porque en un accidente por conducir ebrio has resultado herido sin tener culpa alguna. Buscar una indemnizaci\u00f3n justa ahora es importante para que puedas llevar una vida lo m\u00e1s plena posible tras tus lesiones.    <\/p>\n<p>\u00bfHas resultado lesionado por un conductor ebrio? <a href=\"contacta con nosotros.html\">Contacta<\/a> al Grupo Legal Flaxman en cualquier momento para programar una evaluaci\u00f3n inicial gratuita de tu caso. Los abogados de nuestro bufete cuentan con m\u00e1s de 60 a\u00f1os de experiencia combinada y estamos orgullosos de ofrecer atenci\u00f3n personalizada a cada cliente. <\/p>\n<\/p><\/div>\n<\/p><\/div>\n","protected":false},"excerpt":{"rendered":"<p>Sin honorarios a menos que ganemos. Llama al 866-352-9626 para una &#8230; <\/p>\n","protected":false},"author":3,"featured_media":0,"parent":0,"menu_order":0,"comment_status":"closed","ping_status":"closed","template":"template-practice-areas.php","meta":{"footnotes":""},"class_list":["post-22303","page","type-page","status-publish","hentry"],"featured_image_src":null,"featured_image_src_square":null,"_links":{"self":[{"href":"https:\/\/flaxmanlaw.com\/es\/wp-json\/wp\/v2\/pages\/22303","targetHints":{"allow":["GET"]}}],"collection":[{"href":"https:\/\/flaxmanlaw.com\/es\/wp-json\/wp\/v2\/pages"}],"about":[{"href":"https:\/\/flaxmanlaw.com\/es\/wp-json\/wp\/v2\/types\/page"}],"author":[{"embeddable":true,"href":"https:\/\/flaxmanlaw.com\/es\/wp-json\/wp\/v2\/users\/3"}],"replies":[{"embeddable":true,"href":"https:\/\/flaxmanlaw.com\/es\/wp-json\/wp\/v2\/comments?post=22303"}],"version-history":[{"count":0,"href":"https:\/\/flaxmanlaw.com\/es\/wp-json\/wp\/v2\/pages\/22303\/revisions"}],"wp:attachment":[{"href":"https:\/\/flaxmanlaw.com\/es\/wp-json\/wp\/v2\/media?parent=22303"}],"curies":[{"name":"wp","href":"https:\/\/api.w.org\/{rel}","templated":true}]}}