{"id":22304,"date":"2024-11-18T12:44:44","date_gmt":"2024-11-18T12:44:44","guid":{"rendered":"https:\/\/flaxmanlaw.wpenginepowered.com\/accidente-de-bicicleta-en-miami-springs-abogados-de-accidentes-de-bicicleta-en-el-condado-de-miami-dade\/"},"modified":"2024-11-18T12:44:44","modified_gmt":"2024-11-18T12:44:44","slug":"accidente-de-bicicleta-en-miami-springs-abogados-de-accidentes-de-bicicleta-en-el-condado-de-miami-dade","status":"publish","type":"page","link":"https:\/\/flaxmanlaw.com\/es\/accidente-de-bicicleta-en-miami-springs-abogados-de-accidentes-de-bicicleta-en-el-condado-de-miami-dade\/","title":{"rendered":"Accidente de Bicicleta en Miami Springs | Abogados de Accidentes de Bicicleta en el Condado de Miami-Dade"},"content":{"rendered":"<div class=\"bodytext\">\n<h2>Accidente de bicicleta en Miami Springs<\/h1><\/h2>\n<div class=\"description\">\n<p>Miami Springs, Florida, es una comunidad planificada del condado de Miami Dade. Como muchas comunidades del sur de Florida, Miami Springs tiene muchos espacios verdes, as\u00ed como un clima extraordinariamente suave. Tambi\u00e9n destaca por sus edificios antiguos de estilo Misi\u00f3n y Pueblo. Miami Springs tiene una larga asociaci\u00f3n con la historia de la aviaci\u00f3n y los cambios en la industria de la aviaci\u00f3n han afectado mucho a la comunidad. La ciudad triangular de 3,5 millas cuadradas fue el hogar de muchos en la industria de la aviaci\u00f3n y una vez que esa industria fue duramente golpeada, tambi\u00e9n lo fue la comunidad. Sin embargo, Miami Springs se ha recuperado econ\u00f3micamente con muchas empresas nuevas. Hoy, Miami Springs es un gran lugar para trabajar y visitar. Es una comunidad con muchas casas bonitas, parques, pistas de raquetbol, campo de golf, pistas de tenis, piscina, centro comunitario y teatro. Tambi\u00e9n hay un distrito hist\u00f3rico en la ciudad que atrae a turistas y visitantes, as\u00ed como a nuevas empresas.        <\/p>\n<p>Las calles arboladas de Miami Springs son un lugar maravilloso para montar en bicicleta, y la comunidad cuenta con muchos entusiastas del ciclismo. Desgraciadamente, Florida est\u00e1 actualmente a la cabeza del pa\u00eds en <a href=\"accidentes-de-bicicleta.html\">accidentes<\/a> mortales de <a href=\"accidentes-de-bicicleta.html\">bicicleta<\/a>. Un accidente grave de bicicleta en Miami Springs puede provocar lesiones graves, como <a href=\"lesiones cerebrales.html\">lesiones cerebrales<\/a>, fracturas \u00f3seas, <a href=\"par\u00e1lisis.html\">par\u00e1lisis<\/a> y otras lesiones. Dado que los ciclistas est\u00e1n protegidos por poco m\u00e1s que un casco, casi siempre resultan gravemente heridos, mientras que el motorista implicado en este tipo de accidente de tr\u00e1fico en Miami Springs suele salir ileso. En muchos casos, recuperarse de un accidente de bicicleta en Miami Springs lleva meses. En algunos casos, las lesiones son permanentes y conducen a una vida de movilidad reducida, as\u00ed como a un dolor considerable.     <\/p>\n<p>Adem\u00e1s del dolor y el sufrimiento causados por un accidente de bicicleta en Miami Springs, los pacientes a menudo tienen que considerar tambi\u00e9n sus costes. Un accidente de bicicleta en Miami Springs puede generar gastos considerables. Los pacientes de lesiones medulares de Miami Springs que han sufrido lesiones en un accidente de bicicleta, por ejemplo, pueden gastar 100.000 d\u00f3lares o m\u00e1s s\u00f3lo en el primer tratamiento m\u00e9dico. Los gastos de fisioterapia, de rehabilitaci\u00f3n, de asistencia domiciliaria, de reposici\u00f3n de los ingresos perdidos y otros son gastos adicionales que se suman a este coste. Los pacientes de lesiones cerebrales de Miami Springs tambi\u00e9n pueden tener gastos considerables, ya que tienen que pagar la cirug\u00eda, los gastos de rehabilitaci\u00f3n y otros gastos relacionados con sus lesiones.    <\/p>\n<p>La legislaci\u00f3n de Florida permite a las v\u00edctimas de accidentes de bicicleta en Miami Springs reclamar indemnizaciones al conductor culpable y a su propia compa\u00f1\u00eda de seguros. Sin embargo, en muchos casos existe un l\u00edmite en la cuant\u00eda de la indemnizaci\u00f3n que ofrecen las compa\u00f1\u00edas de seguros. Adem\u00e1s, la mayor\u00eda de las aseguradoras s\u00f3lo cubren las necesidades inmediatas y absolutas de atenci\u00f3n y gastos m\u00e9dicos. En muchos casos, esto no basta para pagar los costes totales de las lesiones por accidente de bicicleta en Miami Springs, especialmente en los casos en que esas lesiones son de larga duraci\u00f3n o permanentes. En estas situaciones, presentar una demanda por lesiones personales en Miami Springs puede ayudar a las v\u00edctimas a obtener una indemnizaci\u00f3n m\u00e1s justa por sus lesiones.    <\/p>\n<p>Si usted cree que tiene una demanda por accidente de bicicleta en Miami Springs, <a href=\"contacta con nosotros.html\">contacte al Grupo Legal Flaxman<\/a> para programar una consulta gratuita y sin compromiso para hablar sobre su caso y sus opciones. Usted puede visitar al <a href=\"index.html\">Grupo<\/a> Legal Flaxman en una de sus tres oficinas convenientemente ubicadas en Florida del Sur, o el equipo jur\u00eddico puede visitarlo en su hogar, lugar de trabajo, o cuarto de hospital si usted est\u00e1 demasiado lesionado para viajar. <\/p>\n<\/p><\/div>\n<\/p><\/div>\n","protected":false},"excerpt":{"rendered":"<p>Sin honorarios a menos que ganemos. Llama al 866-352-9626 para una &#8230; <\/p>\n","protected":false},"author":3,"featured_media":0,"parent":0,"menu_order":0,"comment_status":"closed","ping_status":"closed","template":"template-practice-areas.php","meta":{"footnotes":""},"class_list":["post-22304","page","type-page","status-publish","hentry"],"featured_image_src":null,"featured_image_src_square":null,"_links":{"self":[{"href":"https:\/\/flaxmanlaw.com\/es\/wp-json\/wp\/v2\/pages\/22304","targetHints":{"allow":["GET"]}}],"collection":[{"href":"https:\/\/flaxmanlaw.com\/es\/wp-json\/wp\/v2\/pages"}],"about":[{"href":"https:\/\/flaxmanlaw.com\/es\/wp-json\/wp\/v2\/types\/page"}],"author":[{"embeddable":true,"href":"https:\/\/flaxmanlaw.com\/es\/wp-json\/wp\/v2\/users\/3"}],"replies":[{"embeddable":true,"href":"https:\/\/flaxmanlaw.com\/es\/wp-json\/wp\/v2\/comments?post=22304"}],"version-history":[{"count":0,"href":"https:\/\/flaxmanlaw.com\/es\/wp-json\/wp\/v2\/pages\/22304\/revisions"}],"wp:attachment":[{"href":"https:\/\/flaxmanlaw.com\/es\/wp-json\/wp\/v2\/media?parent=22304"}],"curies":[{"name":"wp","href":"https:\/\/api.w.org\/{rel}","templated":true}]}}