{"id":22305,"date":"2024-11-18T12:44:44","date_gmt":"2024-11-18T12:44:44","guid":{"rendered":"https:\/\/flaxmanlaw.wpenginepowered.com\/fallo-de-frenado-en-miami-springs-abogados-de-accidentes-de-camion-en-el-condado-de-miami-dade\/"},"modified":"2024-11-18T12:44:44","modified_gmt":"2024-11-18T12:44:44","slug":"fallo-de-frenado-en-miami-springs-abogados-de-accidentes-de-camion-en-el-condado-de-miami-dade","status":"publish","type":"page","link":"https:\/\/flaxmanlaw.com\/es\/fallo-de-frenado-en-miami-springs-abogados-de-accidentes-de-camion-en-el-condado-de-miami-dade\/","title":{"rendered":"Fallo de frenado en Miami Springs | Abogados de accidentes de cami\u00f3n en el condado de Miami-Dade"},"content":{"rendered":"<div class=\"bodytext\">\n<h2>Fallo de frenado en Miami Springs<\/h1><\/h2>\n<div class=\"description\">\n<p>Los accidentes de cami\u00f3n en Miami Springs y Florida en los que se utilizan t\u00e9cnicas de frenado incorrectas o fallan los frenos suelen ser devastadores. Con demasiada frecuencia, los pasajeros de coches que chocan con este tipo de camiones sufren lesiones graves o incluso mortales. Si has resultado herido porque un camionero utiliz\u00f3 una t\u00e9cnica de frenado incorrecta o porque fallaron los frenos de un cami\u00f3n, mereces asesoramiento jur\u00eddico. Puedes estar seguro de que el conductor culpable y su compa\u00f1\u00eda de seguros tienen equipos de abogados trabajando para ellos, y si has resultado gravemente herido, sin duda mereces lo mismo.   <\/p>\n<p>Los abogados del <a href=\"index.html\">Grupo Legal Flaxman<\/a> estar\u00e1n encantados de ofrecerte asesor\u00eda legal sobre tu situaci\u00f3n en una revisi\u00f3n gratuita y confidencial de tu caso. No hay obligaci\u00f3n de obtener informaci\u00f3n gratuita sobre cu\u00e1les son tus opciones y qu\u00e9 pasos puedes dar para protegerte despu\u00e9s de un grave accidente de tr\u00e1fico. Contacte hoy mismo a nuestra firma legal de servicios integrales para concertar su cita. Puedes ponerte en contacto con el Grupo Legal Flaxman a trav\u00e9s de nuestro sitio web o llamando a nuestro n\u00famero telef\u00f3nico 24\/7 al 866-352-9626.   <\/p>\n<p><strong class=\"heading4\">Antes de hablar con un perito del seguro, pide asesoramiento jur\u00eddico<\/strong><\/p>\n<p>Inmediatamente despu\u00e9s de un accidente grave de cami\u00f3n, querr\u00e1s presentar una reclamaci\u00f3n al seguro. Adem\u00e1s, el abogado de la empresa propietaria del cami\u00f3n que ha causado tu lesi\u00f3n puede ponerse en contacto contigo para ofrecerte un acuerdo o para presentarte unos papeles que se espera que firmes. <\/p>\n<p>Antes de firmar ning\u00fan papel en tu caso, antes de hablar con ning\u00fan perito del seguro o abogado, y antes de tomar ninguna decisi\u00f3n en tu situaci\u00f3n, es absolutamente imprescindible que obtengas asesoramiento jur\u00eddico de un abogado que te represente. Un abogado que te representa vela por tus intereses. Velan por tus intereses y tu bienestar.  <\/p>\n<p>Los abogados de la empresa de transportes y de las compa\u00f1\u00edas de seguros no velan por ti. El abogado de la empresa de transporte trata de minimizar la responsabilidad y los costes de la empresa, y la compa\u00f1\u00eda de seguros tiene la obligaci\u00f3n para con sus accionistas de obtener los mayores beneficios posibles, lo que puede significar que se infravalore tu reclamaci\u00f3n. <\/p>\n<p>Hablar con un abogado de lesiones personales en Miami Springs o en tu comunidad es importante para ayudarte a comprender cu\u00e1les son tus opciones y cu\u00e1nto puede valer tu caso. Si aceptas un acuerdo o el dinero del seguro antes de hablar con un abogado especializado en accidentes de cami\u00f3n, puedes acabar no recibiendo la cantidad total de dinero a la que puedes tener derecho. Un abogado de lesiones personales puede evitar que renuncies inadvertidamente a tus derechos y puede garantizar la protecci\u00f3n de tus derechos a una indemnizaci\u00f3n justa.  <\/p>\n<p><strong class=\"heading4\">\u00bfNecesitas hablar con un abogado de lesiones personales?<\/strong><\/p>\n<p>Si usted ha resultado lesionado, <a href=\"contacta con nosotros.html\">contacte<\/a> al Grupo Legal Flaxman, una firma de servicios integrales en el Sur de Florida. Nuestros abogados ya han recuperado m\u00e1s de 100 millones de d\u00f3lares a favor de miles de demandantes por accidentes de tr\u00e1fico y lesiones personales. Sin embargo, de lo que estamos m\u00e1s orgullosos es de nuestro inquebrantable compromiso con los clientes. Tu consulta inicial es gratuita y sin compromiso, por lo que no arriesgas nada al obtener una evaluaci\u00f3n de tu caso.   <\/p>\n<\/p><\/div>\n<\/p><\/div>\n","protected":false},"excerpt":{"rendered":"<p>Sin honorarios a menos que ganemos. Llama al 866-352-9626 para una &#8230; <\/p>\n","protected":false},"author":3,"featured_media":0,"parent":0,"menu_order":0,"comment_status":"closed","ping_status":"closed","template":"template-practice-areas.php","meta":{"footnotes":""},"class_list":["post-22305","page","type-page","status-publish","hentry"],"featured_image_src":null,"featured_image_src_square":null,"_links":{"self":[{"href":"https:\/\/flaxmanlaw.com\/es\/wp-json\/wp\/v2\/pages\/22305","targetHints":{"allow":["GET"]}}],"collection":[{"href":"https:\/\/flaxmanlaw.com\/es\/wp-json\/wp\/v2\/pages"}],"about":[{"href":"https:\/\/flaxmanlaw.com\/es\/wp-json\/wp\/v2\/types\/page"}],"author":[{"embeddable":true,"href":"https:\/\/flaxmanlaw.com\/es\/wp-json\/wp\/v2\/users\/3"}],"replies":[{"embeddable":true,"href":"https:\/\/flaxmanlaw.com\/es\/wp-json\/wp\/v2\/comments?post=22305"}],"version-history":[{"count":0,"href":"https:\/\/flaxmanlaw.com\/es\/wp-json\/wp\/v2\/pages\/22305\/revisions"}],"wp:attachment":[{"href":"https:\/\/flaxmanlaw.com\/es\/wp-json\/wp\/v2\/media?parent=22305"}],"curies":[{"name":"wp","href":"https:\/\/api.w.org\/{rel}","templated":true}]}}