{"id":22306,"date":"2024-11-18T12:44:44","date_gmt":"2024-11-18T12:44:44","guid":{"rendered":"https:\/\/flaxmanlaw.wpenginepowered.com\/miami-springs-neumaticos-calzados-reventon-de-neumatico-abogados-de-accidentes-de-camion-del-condado-de-miami-dade\/"},"modified":"2024-11-18T12:44:44","modified_gmt":"2024-11-18T12:44:44","slug":"miami-springs-neumaticos-calzados-reventon-de-neumatico-abogados-de-accidentes-de-camion-del-condado-de-miami-dade","status":"publish","type":"page","link":"https:\/\/flaxmanlaw.com\/es\/miami-springs-neumaticos-calzados-reventon-de-neumatico-abogados-de-accidentes-de-camion-del-condado-de-miami-dade\/","title":{"rendered":"Miami Springs Neum\u00e1ticos Calzados \/ Revent\u00f3n de Neum\u00e1tico | Abogados de Accidentes de Cami\u00f3n del Condado de Miami-Dade"},"content":{"rendered":"<div class=\"bodytext\">\n<h2>Miami Springs Neum\u00e1ticos Calvos \/ Revent\u00f3n de Neum\u00e1ticos<\/h1><\/h2>\n<div class=\"description\">\n<p>Los reventones de neum\u00e1ticos en los camiones de Miami Springs y Florida suelen producirse cuando los neum\u00e1ticos no se cambian con suficiente frecuencia y cuando los camiones est\u00e1n sobrecargados, lo que ejerce una presi\u00f3n adicional sobre los neum\u00e1ticos. Los reventones de neum\u00e1ticos pueden deberse a calvas, pero tambi\u00e9n a defectos de los neum\u00e1ticos, mantenimiento deficiente, inflado excesivo o insuficiente de los neum\u00e1ticos y otros problemas. Las calvas y los reventones de neum\u00e1ticos tienen algo en com\u00fan: estos problemas evitables pueden causar colisiones y lesiones devastadoras.  <\/p>\n<p>Los abogados de Lesiones Personales del Grupo Legal Flaxman est\u00e1n listos para evaluar su demanda si usted ha resultado lesionado por problemas de llantas o por un choque de camiones. Podemos revisar cualquier acuerdo u oferta de la aseguradora, recorrer contigo paso a paso el proceso de la aseguradora, y ayudarte a entender cu\u00e1nto puede valer tu caso potencial. Podemos ayudarte a comprender si tienes derecho a reclamar y cu\u00e1nto puede valer una demanda civil en tu caso. Armado con esta informaci\u00f3n, podr\u00e1s tomar una decisi\u00f3n que podr\u00eda ayudar a tu familia a reclamar una indemnizaci\u00f3n por tus lesiones.   <\/p>\n<p><strong class=\"heading4\">C\u00f3mo los problemas con los neum\u00e1ticos de los camiones provocan colisiones de tr\u00e1fico en Miami Springs y Florida<\/strong><\/p>\n<p>Los neum\u00e1ticos hacen mucho m\u00e1s que mantener un coche o un cami\u00f3n en movimiento. Tambi\u00e9n ayudan al camionero a controlar el veh\u00edculo. Cuando un neum\u00e1tico revienta en un cami\u00f3n industrial, el camionero puede perder el control del veh\u00edculo, lo que puede provocar que el cami\u00f3n vuelque o se introduzca en el tr\u00e1fico que circula en sentido contrario. Adem\u00e1s, como los camiones comerciales son tan grandes, puede resultar dif\u00edcil detenerlos r\u00e1pidamente en caso de revent\u00f3n de un neum\u00e1tico, y cuando este tipo de situaci\u00f3n se produce en una autopista a alta velocidad, puede provocar f\u00e1cilmente un accidente en cadena o una colisi\u00f3n mortal.   <\/p>\n<p><strong class=\"heading4\">\u00bfQui\u00e9n es responsable en tu accidente de tr\u00e1fico?<\/strong><\/p>\n<p>Hay muchas partes potencialmente responsables del mantenimiento correcto de los neum\u00e1ticos de los camiones. Tanto la empresa propietaria o arrendataria del cami\u00f3n como el camionero son responsables de garantizar que los neum\u00e1ticos con los que viaja el cami\u00f3n se mantienen correctamente, se inspeccionan y son seguros. Adem\u00e1s, los fabricantes de neum\u00e1ticos para camiones tambi\u00e9n son responsables de garantizar que crean un producto correctamente dise\u00f1ado y fabricado para que sea seguro en las carreteras. Cualquier empresa contratada para el mantenimiento de los camiones puede ser responsable de garantizar que se utiliza el tipo correcto de neum\u00e1ticos de cami\u00f3n y que se instalan y alinean correctamente para lograr la m\u00e1xima seguridad. Si alguna de estas partes no hace su trabajo y no act\u00faa de forma responsable, puede ser considerada responsable si su negligencia provoca lesiones o una colisi\u00f3n grave.    <\/p>\n<p>Si\u00e9ntete libre de llenar el formulario en l\u00ednea <a href=\"contacta con nosotros.html\">del Grupo Legal Flaxman<\/a> o llama a nuestras oficinas al 866-352-9626 para ponerte en contacto con nuestros abogados. Los abogados de nuestra firma de servicios integrales cuentan con m\u00e1s de seis d\u00e9cadas de experiencia en lesiones personales y juicios. Nuestros abogados han luchado agresivamente por los clientes en las negociaciones con las compa\u00f1\u00edas de seguros y en los juicios. Sabemos c\u00f3mo preparar casos s\u00f3lidos y trabajamos con un equipo de expertos, incluidos asesores m\u00e9dicos, profesionales de reconstrucci\u00f3n de accidentes, investigadores y otros, para construir casos s\u00f3lidos en nombre de clientes como t\u00fa. Para saber m\u00e1s y averiguar si tienes una demanda, contacta hoy mismo con <a href=\"contacta con nosotros.html\">el Grupo Legal Flaxman<\/a> para una revisi\u00f3n gratuita y sin compromiso de tu caso.    <\/p>\n<\/p><\/div>\n<\/p><\/div>\n","protected":false},"excerpt":{"rendered":"<p>Sin honorarios a menos que ganemos. Llama al 866-352-9626 para una &#8230; <\/p>\n","protected":false},"author":3,"featured_media":0,"parent":0,"menu_order":0,"comment_status":"closed","ping_status":"closed","template":"template-practice-areas.php","meta":{"footnotes":""},"class_list":["post-22306","page","type-page","status-publish","hentry"],"featured_image_src":null,"featured_image_src_square":null,"_links":{"self":[{"href":"https:\/\/flaxmanlaw.com\/es\/wp-json\/wp\/v2\/pages\/22306","targetHints":{"allow":["GET"]}}],"collection":[{"href":"https:\/\/flaxmanlaw.com\/es\/wp-json\/wp\/v2\/pages"}],"about":[{"href":"https:\/\/flaxmanlaw.com\/es\/wp-json\/wp\/v2\/types\/page"}],"author":[{"embeddable":true,"href":"https:\/\/flaxmanlaw.com\/es\/wp-json\/wp\/v2\/users\/3"}],"replies":[{"embeddable":true,"href":"https:\/\/flaxmanlaw.com\/es\/wp-json\/wp\/v2\/comments?post=22306"}],"version-history":[{"count":0,"href":"https:\/\/flaxmanlaw.com\/es\/wp-json\/wp\/v2\/pages\/22306\/revisions"}],"wp:attachment":[{"href":"https:\/\/flaxmanlaw.com\/es\/wp-json\/wp\/v2\/media?parent=22306"}],"curies":[{"name":"wp","href":"https:\/\/api.w.org\/{rel}","templated":true}]}}