{"id":22307,"date":"2024-11-18T12:44:44","date_gmt":"2024-11-18T12:44:44","guid":{"rendered":"https:\/\/flaxmanlaw.wpenginepowered.com\/lesiones-cerebrales-en-miami-springs-abogados-de-accidentes-en-el-condado-de-miami-dade\/"},"modified":"2024-11-18T12:44:44","modified_gmt":"2024-11-18T12:44:44","slug":"lesiones-cerebrales-en-miami-springs-abogados-de-accidentes-en-el-condado-de-miami-dade","status":"publish","type":"page","link":"https:\/\/flaxmanlaw.com\/es\/lesiones-cerebrales-en-miami-springs-abogados-de-accidentes-en-el-condado-de-miami-dade\/","title":{"rendered":"Lesiones cerebrales en Miami Springs | Abogados de accidentes en el condado de Miami-Dade"},"content":{"rendered":"<div class=\"bodytext\">\n<h2>Lesiones cerebrales en Miami Springs<\/h1><\/h2>\n<div class=\"description\">\n<p>En los \u00faltimos a\u00f1os, las lesiones cerebrales traum\u00e1ticas han recibido mucha atenci\u00f3n en los medios de comunicaci\u00f3n. Esto se debe a que nuevas investigaciones han demostrado que incluso las llamadas conmociones cerebrales leves pueden provocar da\u00f1os a largo plazo, especialmente si el paciente ha sufrido m\u00faltiples conmociones o lesiones. Los investigadores han demostrado que los deportistas que han sufrido traumatismos craneoencef\u00e1licos leves repetitivos se enfrentan a menudo a lesiones cerebrales de por vida, y esto ha dado lugar a algunas demandas presentadas contra organizaciones deportivas profesionales. Adem\u00e1s, la investigaci\u00f3n ha demostrado que los soldados que han servido en el extranjero a veces sufren lesiones cerebrales traum\u00e1ticas que cambian sus vidas para siempre.   <\/p>\n<p>Sin embargo, si usted ha sufrido una lesi\u00f3n grave en la cabeza en Miami Springs o en su comunidad, los abogados del Grupo Legal Flaxman comprenden que sus preocupaciones no tienen nada que ver con las noticias. M\u00e1s bien, puede que le preocupe no poder trabajar o tener que pagar grandes facturas hospitalarias a causa de sus lesiones. Puede haber opciones disponibles para usted bajo la ley de Florida que le permitan buscar compensaci\u00f3n por estos costos. Para averiguar si usted califica, contacte al Grupo Legal Flaxman para una revisi\u00f3n gratuita de su caso. Los abogados del Grupo Legal Flaxman estar\u00e1n encantados de revisar sus opciones con usted.    <\/p>\n<p><strong class=\"heading4\">Causas comunes de lesiones cerebrales<\/strong><\/p>\n<p>Las causas m\u00e1s frecuentes de lesi\u00f3n cerebral son<\/p>\n<ul>\n<li>Accidentes de tr\u00e1fico<\/li>\n<li>Accidentes por resbalones y ca\u00eddas<\/li>\n<li>Lesiones deportivas<\/li>\n<li>Lesiones o violencia en el trabajo<\/li>\n<li>Violencia, especialmente lesiones por arma de fuego<\/li>\n<li>Accidentes recreativos<\/li>\n<li>Accidentes en parques infantiles<\/li>\n<li>Accidentes de navegaci\u00f3n<\/li>\n<\/ul>\n<p>Cada vez que la cabeza golpea una superficie dura o es sacudida violentamente, existe riesgo de lesi\u00f3n.<\/p>\n<p><strong class=\"heading4\">Consecuencias de las lesiones cerebrales graves<\/strong><\/p>\n<p>Las lesiones cerebrales traum\u00e1ticas pueden causar:<\/p>\n<ul>\n<li>Deficiencias emocionales<\/li>\n<li>Desaf\u00edos f\u00edsicos<\/li>\n<li>Dificultades cognitivas<\/li>\n<li>P\u00e9rdida de memoria<\/li>\n<li>Problemas de visi\u00f3n<\/li>\n<li>Problemas de movilidad<\/li>\n<li>Dificultad para realizar tareas cotidianas o de cuidado personal<\/li>\n<\/ul>\n<p>Las lesiones cerebrales pueden ser una de las lesiones m\u00e1s devastadoras, y tambi\u00e9n una de las m\u00e1s caras. Los pacientes con lesiones cerebrales pueden enfrentarse a un largo camino hacia la recuperaci\u00f3n, que se completa con terapia ocupacional, asesoramiento, medicamentos, cirug\u00eda y otros tratamientos m\u00e9dicos caros y complicados. Algunos pacientes con lesiones cerebrales nunca se recuperan y deben adaptarse a la vida con capacidades modificadas. Esto puede ser devastador no s\u00f3lo para el paciente, sino tambi\u00e9n para toda la familia.   <\/p>\n<p><strong class=\"heading4\">C\u00f3mo encontrar a todas las partes responsables en tu caso de traumatismo craneoencef\u00e1lico<\/strong><\/p>\n<p>si has sufrido un traumatismo cerebral, es importante encontrar a todas las partes responsables en tu caso y reclamar una indemnizaci\u00f3n si tienes derecho a ella. Perseguir a todas las partes responsables en una demanda judicial puede aumentar las posibilidades de que consigas una indemnizaci\u00f3n justa y completa, de modo que puedas pagar m\u00e1s gastos m\u00e9dicos, hospitalizaciones y otros gastos relacionados con tus lesiones. Sin embargo, encontrar a todas las partes responsables puede resultar dif\u00edcil. Si has resultado herido en un accidente de tr\u00e1fico en Miami Springs o en otra comunidad, puede haber m\u00faltiples partes responsables en tu caso, entre ellas:   <\/p>\n<ul>\n<li>El conductor culpable<\/li>\n<li>El municipio donde se produjo el accidente si el dise\u00f1o de la carretera o su reparaci\u00f3n fueron un factor en el accidente<\/li>\n<li>El transportista o camionero implicado en un accidente de cami\u00f3n<\/li>\n<li>El fabricante del veh\u00edculo, si influy\u00f3 un fallo mec\u00e1nico<\/li>\n<\/ul>\n<p><a href=\"index.html\">El Grupo<\/a> Legal <a href=\"index.html\">Flaxman<\/a> es una firma de servicios integrales que ofrece asesor\u00eda y representaci\u00f3n legal a demandantes en Miami Springs y en las comunidades circundantes de Florida del Sur. Si desea programar una revisi\u00f3n gratuita de su caso, <a href=\"contacta con nosotros.html\">contacte<\/a> hoy mismo al Grupo Legal Flaxman. <\/p>\n<\/p><\/div>\n<\/p><\/div>\n","protected":false},"excerpt":{"rendered":"<p>Sin honorarios a menos que ganemos. Llama al 866-352-9626 para una &#8230; <\/p>\n","protected":false},"author":3,"featured_media":0,"parent":0,"menu_order":0,"comment_status":"closed","ping_status":"closed","template":"template-practice-areas.php","meta":{"footnotes":""},"class_list":["post-22307","page","type-page","status-publish","hentry"],"featured_image_src":null,"featured_image_src_square":null,"_links":{"self":[{"href":"https:\/\/flaxmanlaw.com\/es\/wp-json\/wp\/v2\/pages\/22307","targetHints":{"allow":["GET"]}}],"collection":[{"href":"https:\/\/flaxmanlaw.com\/es\/wp-json\/wp\/v2\/pages"}],"about":[{"href":"https:\/\/flaxmanlaw.com\/es\/wp-json\/wp\/v2\/types\/page"}],"author":[{"embeddable":true,"href":"https:\/\/flaxmanlaw.com\/es\/wp-json\/wp\/v2\/users\/3"}],"replies":[{"embeddable":true,"href":"https:\/\/flaxmanlaw.com\/es\/wp-json\/wp\/v2\/comments?post=22307"}],"version-history":[{"count":0,"href":"https:\/\/flaxmanlaw.com\/es\/wp-json\/wp\/v2\/pages\/22307\/revisions"}],"wp:attachment":[{"href":"https:\/\/flaxmanlaw.com\/es\/wp-json\/wp\/v2\/media?parent=22307"}],"curies":[{"name":"wp","href":"https:\/\/api.w.org\/{rel}","templated":true}]}}