{"id":22308,"date":"2024-11-18T12:44:44","date_gmt":"2024-11-18T12:44:44","guid":{"rendered":"https:\/\/flaxmanlaw.wpenginepowered.com\/miami-springs-abogados-de-accidentes-de-automovil-y-motocicleta-condado-de-miami-dade\/"},"modified":"2024-11-18T12:44:44","modified_gmt":"2024-11-18T12:44:44","slug":"miami-springs-abogados-de-accidentes-de-automovil-y-motocicleta-condado-de-miami-dade","status":"publish","type":"page","link":"https:\/\/flaxmanlaw.com\/es\/miami-springs-abogados-de-accidentes-de-automovil-y-motocicleta-condado-de-miami-dade\/","title":{"rendered":"Miami Springs Abogados de Accidentes de Autom\u00f3vil y Motocicleta Condado de Miami-Dade"},"content":{"rendered":"<div class=\"bodytext\">\n<h2>Miami Springs Autom\u00f3vil y Motocicleta<\/h1><\/h2>\n<div class=\"description\">\n<p>Cada a\u00f1o, los motoristas de Miami Springs y Florida resultan gravemente heridos o incluso mueren cuando sus motos chocan con turismos. En muchos casos, estos accidentes est\u00e1n causados por un error del conductor o por conductores distra\u00eddos, pero a menudo son los motoristas quienes acaban pagando el precio. <\/p>\n<p>\u00bfHas resultado herido en este tipo de accidente de tr\u00e1fico en Miami Springs? Usted querr\u00e1 buscar una compensaci\u00f3n justa por sus da\u00f1os materiales, gastos m\u00e9dicos, dolor y sufrimiento, salarios perdidos, y otros costos para no enfrentar angustia financiera adem\u00e1s de lesiones graves. Para conocer los hechos sobre tus derechos legales, contacta a la firma de servicios integrales del Grupo Legal Flaxman para una evaluaci\u00f3n gratuita de tu caso con uno de nuestros abogados.  <\/p>\n<p><strong class=\"heading4\">Lesiones tras un accidente de moto<\/strong><\/p>\n<p>Los accidentes de moto y coche en Miami Springs pueden provocar lesiones devastadoras para el motorista, entre ellas<\/p>\n<ul>\n<li>Par\u00e1lisis<\/li>\n<li>Latigazo cervical y lesiones de tejidos blandos<\/li>\n<li>Fracturas<\/li>\n<li>Amputaciones<\/li>\n<li>Lesiones internas<\/li>\n<li>Traumatismo craneal<\/li>\n<li>Fallecidos<\/li>\n<li>Lesiones medulares<\/li>\n<li>Desfiguraci\u00f3n<\/li>\n<li>Quemaduras<\/li>\n<\/ul>\n<p><strong class=\"heading4\">Por qu\u00e9 el seguro puede no ser suficiente<\/strong><\/p>\n<p>Si ocurre lo peor, puedes suponer que est\u00e1s protegido tras un accidente de moto y coche gracias al seguro de autom\u00f3vil y a la cobertura sanitaria. Al fin y al cabo, las compa\u00f1\u00edas de seguros suelen presentarse como empresas que se preocupan por los \u00abpeque\u00f1os\u00bb y prometen defender a los perjudicados. Pueden prometerte que, tras un accidente, podr\u00e1s conseguir dinero r\u00e1pida y f\u00e1cilmente.  <\/p>\n<p>Por desgracia, las compa\u00f1\u00edas de seguros tambi\u00e9n se dedican a hacer dinero para sus accionistas. Esto significa que pueden obtener el m\u00e1ximo beneficio cuando cobran tus primas pero liquidan cualquier siniestro r\u00e1pidamente y por el menor dinero posible. \u00bfTe suena a alguien que vela por tus intereses y es capaz de ofrecerte la m\u00e1xima indemnizaci\u00f3n que mereces seg\u00fan la ley?  <\/p>\n<p>La realidad es que las compa\u00f1\u00edas de seguros no son responsables ante ti, sino ante los beneficios y los accionistas. Un abogado de lesiones personales, en cambio, est\u00e1 legal y \u00e9ticamente obligado a proteger tus derechos y a representarte a ti y a tus intereses. Un abogado de lesiones personales en Miami Springs o en tu comunidad puede negociar con las compa\u00f1\u00edas de seguros, puede ayudarte con el proceso de reclamaci\u00f3n al seguro o puede ayudarte a iniciar una reclamaci\u00f3n judicial si eso es lo que decides hacer.  <\/p>\n<p>Muchas personas que han resultado lesionadas en accidentes de tr\u00e1fico descubren que pueden obtener una compensaci\u00f3n justa trabajando con un abogado de lesiones personales. Recuerda que no hay costo ni obligaci\u00f3n alguna al obtener una consulta con el Grupo Legal Flaxman. Si no est\u00e1s seguro de lo que un abogado de lesiones personales puede hacer por ti o de cu\u00e1nto puede valer tu caso, hablar con un abogado de lesiones personales del Grupo Legal Flaxman puede responderte algunas de estas preguntas.  <\/p>\n<p>Los abogados del Grupo Legal Flaxman cuentan con un historial de seis d\u00e9cadas obteniendo resultados a favor de sus clientes. Tambi\u00e9n trabajan las veinticuatro horas del d\u00eda, y nuestras l\u00edneas telef\u00f3nicas est\u00e1n atendidas las 24 horas del d\u00eda, los siete d\u00edas de la semana. Nuestros abogados tienen m\u00e1s de sesenta a\u00f1os de experiencia combinada en el sector de los seguros y en juicios, lo que significa que han trabajado con miles de demandantes por lesiones personales en casos similares al tuyo. De hecho, nuestros abogados ya han recuperado m\u00e1s de $100 millones de d\u00f3lares en victorias judiciales y acuerdos extrajudiciales a favor de demandantes en todo Florida del Sur. Para averiguar lo que <a href=\"contacta con nosotros.html\">el Grupo Legal Flaxman<\/a> puede hacer por usted, contacte hoy mismo al bufete Flaxman.    <\/p>\n<\/p><\/div>\n<\/p><\/div>\n","protected":false},"excerpt":{"rendered":"<p>Sin honorarios a menos que ganemos. Llama al 866-352-9626 para una &#8230; <\/p>\n","protected":false},"author":3,"featured_media":0,"parent":0,"menu_order":0,"comment_status":"closed","ping_status":"closed","template":"template-practice-areas.php","meta":{"footnotes":""},"class_list":["post-22308","page","type-page","status-publish","hentry"],"featured_image_src":null,"featured_image_src_square":null,"_links":{"self":[{"href":"https:\/\/flaxmanlaw.com\/es\/wp-json\/wp\/v2\/pages\/22308","targetHints":{"allow":["GET"]}}],"collection":[{"href":"https:\/\/flaxmanlaw.com\/es\/wp-json\/wp\/v2\/pages"}],"about":[{"href":"https:\/\/flaxmanlaw.com\/es\/wp-json\/wp\/v2\/types\/page"}],"author":[{"embeddable":true,"href":"https:\/\/flaxmanlaw.com\/es\/wp-json\/wp\/v2\/users\/3"}],"replies":[{"embeddable":true,"href":"https:\/\/flaxmanlaw.com\/es\/wp-json\/wp\/v2\/comments?post=22308"}],"version-history":[{"count":0,"href":"https:\/\/flaxmanlaw.com\/es\/wp-json\/wp\/v2\/pages\/22308\/revisions"}],"wp:attachment":[{"href":"https:\/\/flaxmanlaw.com\/es\/wp-json\/wp\/v2\/media?parent=22308"}],"curies":[{"name":"wp","href":"https:\/\/api.w.org\/{rel}","templated":true}]}}