{"id":22309,"date":"2024-11-18T12:44:35","date_gmt":"2024-11-18T12:44:35","guid":{"rendered":"https:\/\/flaxmanlaw.wpenginepowered.com\/accidente-de-autobus-en-miami-abogados-de-lesiones-personales-del-condado-de-miami-dade\/"},"modified":"2024-11-18T12:44:35","modified_gmt":"2024-11-18T12:44:35","slug":"accidente-de-autobus-en-miami-abogados-de-lesiones-personales-del-condado-de-miami-dade","status":"publish","type":"page","link":"https:\/\/flaxmanlaw.com\/es\/accidente-de-autobus-en-miami-abogados-de-lesiones-personales-del-condado-de-miami-dade\/","title":{"rendered":"Accidente de Autob\u00fas en Miami | Abogados de Lesiones Personales del Condado de Miami-Dade"},"content":{"rendered":"<div class=\"bodytext\">\n<h2>Accidente de autob\u00fas en Miami<\/h1><\/h2>\n<div class=\"description\">\n<p>Miami es la ciudad m\u00e1s grande de Florida y una de las mayores de Estados Unidos. Conocida en todo el mundo por sus parques, playas y vibrante vida nocturna, la ciudad ha ganado numerosos premios como destino tur\u00edstico. Atrae a millones de visitantes cada a\u00f1o y es tambi\u00e9n el hogar de muchos famosos, as\u00ed como de millones de residentes no famosos. Aunque Miami es conocida como una ciudad muy moderna, tambi\u00e9n tiene una rica cultura y patrimonio, as\u00ed como una poblaci\u00f3n muy diversa.   <\/p>\n<p>Dado que Miami es conocida como uno de los mayores destinos tur\u00edsticos del sur de EEUU, registra m\u00e1s tr\u00e1fico -especialmente de autobuses- que muchas otras ciudades. Los visitantes conf\u00edan en las lanzaderas y autobuses para ver la ciudad y llegar a su destino desde el aeropuerto. Muchos operadores de autobuses tur\u00edsticos organizan recorridos especiales por toda la ciudad, y como Miami es un importante puerto de escala, muchos visitantes utilizan lanzaderas y autobuses para llegar desde su crucero a las atracciones tur\u00edsticas.  <\/p>\n<p>El intenso tr\u00e1fico de autobuses hace que en Miami se produzcan graves accidentes de autob\u00fas casi todos los d\u00edas. Los accidentes de autob\u00fas en Miami causan lesiones graves y, en algunos casos, muertes. Este tipo de accidentes de tr\u00e1fico en Miami pueden causar fracturas \u00f3seas, amputaciones, lesiones craneales en Miami, lesiones medulares y mucho m\u00e1s. Un accidente de autob\u00fas en Miami puede cambiar literalmente la vida de una persona en un instante, dej\u00e1ndola desconsolada o con una lesi\u00f3n permanente.   <\/p>\n<p>Hay muchas cosas que hacen que los accidentes de autob\u00fas sean diferentes de los accidentes de coche en Miami. Uno de los factores m\u00e1s importantes es que, mientras que los coches suelen ser propiedad de un particular, los autobuses pueden ser propiedad de muchos tipos diferentes de organizaciones. Pueden ser propiedad de distritos escolares, gobiernos, empresas privadas de autobuses tur\u00edsticos u otros grupos. En algunos casos, surgen complejas cuestiones de responsabilidad civil simplemente por saber qui\u00e9n es el propietario del autob\u00fas implicado en un accidente. En casi todos los casos, los propietarios de autobuses est\u00e1n protegidos por poderosas compa\u00f1\u00edas de seguros y, en algunos casos, por sindicatos. Por eso, si has sufrido lesiones en un <a href=\"accidentes-autob\u00fas.html\">accidente de autob\u00fas en Miami<\/a>, necesitas un abogado experto en lesiones personales.     <\/p>\n<p>El Grupo Legal Flaxman se complace en ofrecer a las familias y a sus seres queridos consultas gratuitas y sin compromiso. Si usted o un ser querido ha resultado lesionado en un accidente de autob\u00fas en Miami, puede aprovechar esta consulta gratuita sobre accidentes para conocer m\u00e1s sobre sus derechos y opciones. Usted puede reunirse para su consulta en las oficinas en Miami del Grupo Legal Flaxman, o, si usted est\u00e1 demasiado lesionado para viajar, el equipo jur\u00eddico puede visitar su hogar, oficina, o cuarto de hospital. El Grupo Legal Flaxman est\u00e1 disponible las 24 horas del d\u00eda, los siete d\u00edas de la semana v\u00eda telef\u00f3nica para que puedas hablar con alguien inmediatamente sobre tu accidente y lesiones en Miami.   <\/p>\n<p>Despu\u00e9s de un accidente de tr\u00e1fico en Miami, es importante comprender tus derechos. Lo mejor es contactar al <a href=\"index.html\">Grupo Legal Flaxman<\/a> tan pronto como sea posible despu\u00e9s de tu accidente. Tu consulta inicial es gratuita y sin compromiso. Te permite obtener respuestas y aprender m\u00e1s para que puedas determinar qu\u00e9 curso de acci\u00f3n es mejor para tu familia.   <\/p>\n<\/p><\/div>\n<\/p><\/div>\n","protected":false},"excerpt":{"rendered":"<p>Sin honorarios a menos que ganemos. Llama al 866-352-9626 para una &#8230; <\/p>\n","protected":false},"author":3,"featured_media":0,"parent":0,"menu_order":0,"comment_status":"closed","ping_status":"closed","template":"template-practice-areas.php","meta":{"footnotes":""},"class_list":["post-22309","page","type-page","status-publish","hentry"],"featured_image_src":null,"featured_image_src_square":null,"_links":{"self":[{"href":"https:\/\/flaxmanlaw.com\/es\/wp-json\/wp\/v2\/pages\/22309","targetHints":{"allow":["GET"]}}],"collection":[{"href":"https:\/\/flaxmanlaw.com\/es\/wp-json\/wp\/v2\/pages"}],"about":[{"href":"https:\/\/flaxmanlaw.com\/es\/wp-json\/wp\/v2\/types\/page"}],"author":[{"embeddable":true,"href":"https:\/\/flaxmanlaw.com\/es\/wp-json\/wp\/v2\/users\/3"}],"replies":[{"embeddable":true,"href":"https:\/\/flaxmanlaw.com\/es\/wp-json\/wp\/v2\/comments?post=22309"}],"version-history":[{"count":0,"href":"https:\/\/flaxmanlaw.com\/es\/wp-json\/wp\/v2\/pages\/22309\/revisions"}],"wp:attachment":[{"href":"https:\/\/flaxmanlaw.com\/es\/wp-json\/wp\/v2\/media?parent=22309"}],"curies":[{"name":"wp","href":"https:\/\/api.w.org\/{rel}","templated":true}]}}