{"id":22310,"date":"2024-11-18T12:44:35","date_gmt":"2024-11-18T12:44:35","guid":{"rendered":"https:\/\/flaxmanlaw.wpenginepowered.com\/miami-broadside-collisions-abogados-de-accidentes-de-coche-del-condado-de-miami-dade\/"},"modified":"2024-11-18T12:44:35","modified_gmt":"2024-11-18T12:44:35","slug":"miami-broadside-collisions-abogados-de-accidentes-de-coche-del-condado-de-miami-dade","status":"publish","type":"page","link":"https:\/\/flaxmanlaw.com\/es\/miami-broadside-collisions-abogados-de-accidentes-de-coche-del-condado-de-miami-dade\/","title":{"rendered":"Miami Broadside Collisions | Abogados de Accidentes de Coche del Condado de Miami-Dade"},"content":{"rendered":"<div class=\"bodytext\">\n<h2>Colisiones en Miami<\/h1><\/h2>\n<div class=\"description\">\n<p>Los choques laterales de coches en Miami y otras comunidades provocan lesiones y muertes devastadoras. Cuando un coche choca contra el costado de otro, suele haber muy poca zona de deformaci\u00f3n. Incluso con airbags de impacto lateral, los pasajeros de un coche en una colisi\u00f3n lateral pueden sufrir latigazos cervicales, lesiones faciales, fracturas y otras lesiones catastr\u00f3ficas y potencialmente mortales.  <\/p>\n<p>Obtener asesoramiento jur\u00eddico tras una colisi\u00f3n lateral de coche es esencial. Puede haber m\u00faltiples cosas que puedes hacer despu\u00e9s de un accidente para recuperar una compensaci\u00f3n justa por salarios perdidos, da\u00f1os a la propiedad, y las muy elevadas cuentas m\u00e9dicas que son bastante comunes despu\u00e9s de un choque automovil\u00edstico de costado. Si deseas hablar con un abogado de lesiones personales sobre tu situaci\u00f3n, siempre puedes contactar al <a href=\"index.html\">Grupo Legal Flaxman<\/a> al 866-352-9626 para programar una revisi\u00f3n confidencial, gratuita y sin compromiso de tu caso.  <\/p>\n<p><strong class=\"heading4\">\u00bfSabes qu\u00e9 hacer tras un accidente de coche o cami\u00f3n en Miami?<\/strong><\/p>\n<p>Si has sufrido una colisi\u00f3n lateral, hay algunas cosas que debes hacer:<\/p>\n<p><strong>1) Consigue ayuda m\u00e9dica inmediata para ti y para cualquier otra persona que haya resultado herida<\/strong>. Llama al personal de emergencias si alguien est\u00e1 gravemente herido, y sigue los consejos del operador en lugar de intentar mover al herido. En casos de lesi\u00f3n medular o craneal, especialmente, mover a un paciente puede empeorar las lesiones.  <\/p>\n<p>Aunque no parezcas afectado por el accidente, busca atenci\u00f3n m\u00e9dica lo antes posible, sobre todo si crees que puedes haberte golpeado la cabeza. Las lesiones en la cabeza pueden ser mortales, pero no siempre presentan s\u00edntomas de inmediato. Algunas lesiones, como el latigazo cervical, las lesiones de tejidos blandos y los dolores cr\u00f3nicos, tampoco presentan s\u00edntomas de inmediato, pero pueden ser muy graves. Conseguir ayuda inmediatamente puede hacer que recibas el tratamiento m\u00e9dico que necesitas y tambi\u00e9n puede garantizar que puedas demostrar que tus lesiones fueron causadas por el accidente.   <\/p>\n<p><strong>2) Empieza a documentar tus lesiones y da\u00f1os<\/strong>. Intercambia informaci\u00f3n de contacto con el otro conductor y obt\u00e9n la informaci\u00f3n de contacto de cualquier testigo en el lugar del accidente. Haz fotos del lugar del accidente si puedes y lleva un registro de los gastos en reparaciones del coche, alquiler de coches, taxis, medicamentos y cualquier otro gasto en que puedas incurrir. Consigue copias del informe policial y de los informes m\u00e9dicos si puedes.   <\/p>\n<p><strong>3) Informa del accidente<\/strong>. Hablar con la polic\u00eda y con tu compa\u00f1\u00eda de seguros poco despu\u00e9s del accidente puede ayudar a documentar las lesiones y los da\u00f1os.<\/p>\n<p><strong>4) Consigue asesoramiento jur\u00eddico<\/strong>. Habla con un abogado de lesiones personales en Miami o en tu comunidad para explorar todas tus opciones. Puede que tengas m\u00e1s opciones de las que crees y que tu caso valga m\u00e1s de lo que piensas.  <\/p>\n<p><strong class=\"heading4\">Los accidentes de tr\u00e1fico graves en Florida pueden ser m\u00e1s caros de lo que crees<\/strong><\/p>\n<p>No es raro que la recuperaci\u00f3n lleve meses o a\u00f1os y no es raro que los gastos m\u00e9dicos y los salarios perdidos superen las decenas de miles o incluso los cientos de miles de d\u00f3lares. Necesitas proteger tu futuro financiero, as\u00ed como tus derechos. Para hablar con un abogado de lesiones personales, <a href=\"contacta con nosotros.html\">contacta<\/a> hoy mismo <a href=\"contacta con nosotros.html\">con<\/a> el Grupo Legal Flaxman para concertar una revisi\u00f3n gratuita y sin compromiso de tu caso.  <\/p>\n<\/p><\/div>\n<\/p><\/div>\n","protected":false},"excerpt":{"rendered":"<p>Sin honorarios a menos que ganemos. Llama al 866-352-9626 para una &#8230; <\/p>\n","protected":false},"author":3,"featured_media":0,"parent":0,"menu_order":0,"comment_status":"closed","ping_status":"closed","template":"template-practice-areas.php","meta":{"footnotes":""},"class_list":["post-22310","page","type-page","status-publish","hentry"],"featured_image_src":null,"featured_image_src_square":null,"_links":{"self":[{"href":"https:\/\/flaxmanlaw.com\/es\/wp-json\/wp\/v2\/pages\/22310","targetHints":{"allow":["GET"]}}],"collection":[{"href":"https:\/\/flaxmanlaw.com\/es\/wp-json\/wp\/v2\/pages"}],"about":[{"href":"https:\/\/flaxmanlaw.com\/es\/wp-json\/wp\/v2\/types\/page"}],"author":[{"embeddable":true,"href":"https:\/\/flaxmanlaw.com\/es\/wp-json\/wp\/v2\/users\/3"}],"replies":[{"embeddable":true,"href":"https:\/\/flaxmanlaw.com\/es\/wp-json\/wp\/v2\/comments?post=22310"}],"version-history":[{"count":0,"href":"https:\/\/flaxmanlaw.com\/es\/wp-json\/wp\/v2\/pages\/22310\/revisions"}],"wp:attachment":[{"href":"https:\/\/flaxmanlaw.com\/es\/wp-json\/wp\/v2\/media?parent=22310"}],"curies":[{"name":"wp","href":"https:\/\/api.w.org\/{rel}","templated":true}]}}