{"id":22312,"date":"2024-11-18T12:44:35","date_gmt":"2024-11-18T12:44:35","guid":{"rendered":"https:\/\/flaxmanlaw.wpenginepowered.com\/fallo-de-frenado-en-miami-abogados-de-accidentes-de-camion-del-condado-de-miami-dade\/"},"modified":"2024-11-18T12:44:35","modified_gmt":"2024-11-18T12:44:35","slug":"fallo-de-frenado-en-miami-abogados-de-accidentes-de-camion-del-condado-de-miami-dade","status":"publish","type":"page","link":"https:\/\/flaxmanlaw.com\/es\/fallo-de-frenado-en-miami-abogados-de-accidentes-de-camion-del-condado-de-miami-dade\/","title":{"rendered":"Fallo de Frenado en Miami | Abogados de Accidentes de Cami\u00f3n del Condado de Miami-Dade"},"content":{"rendered":"<div class=\"bodytext\">\n<h2>Fallo de frenado en Miami<\/h1><\/h2>\n<div class=\"description\">\n<p>Tienes muchas opciones legales si un ser querido o t\u00fa mismo has resultado herido en un accidente de cami\u00f3n en Miami u otra comunidad causado por un fallo de los frenos o una t\u00e9cnica de frenado incorrecta. Es posible que puedas negociar con tu compa\u00f1\u00eda de seguros para obtener una indemnizaci\u00f3n m\u00e1s justa. Tambi\u00e9n puedes presentar una demanda por responsabilidad civil por productos defectuosos, un caso de homicidio por negligencia o una demanda por lesiones personales para obtener una indemnizaci\u00f3n por tus gastos m\u00e9dicos, salarios perdidos y otros gastos relacionados con tus lesiones.  <\/p>\n<p>Los abogados del Grupo Legal Flaxman han visto de primera mano lo importante que es para las familias buscar una compensaci\u00f3n justa. En muchos casos, la compensaci\u00f3n justa de una demanda legal puede proteger a las familias de la bancarrota, el desahucio y las dem\u00e1s angustias financieras que una lesi\u00f3n grave puede causar. Para averiguar c\u00f3mo puedes protegerte a ti mismo y a tu futuro, ponte en contacto con el Grupo Legal Flaxman en cualquier momento para concertar una consulta gratuita y sin compromiso sobre tu caso. Los abogados de nuestra firma de servicios integrales pueden reunirse contigo en tu casa, cuarto de hospital, o lugar de trabajo si est\u00e1s demasiado lesionado para viajar.   <\/p>\n<p><strong class=\"heading4\">\u00bfQu\u00e9 Debo Hacer Tras Un Accidente De Cami\u00f3n Causado Por Un Fallo De Frenado En Miami O En Mi Comunidad?<\/strong><\/p>\n<p>Si has resultado herido en un accidente de cami\u00f3n y crees que un fallo de frenado caus\u00f3 la colisi\u00f3n, hay varias cosas que querr\u00e1s hacer. La primera es asegurarte de que recibes atenci\u00f3n m\u00e9dica para ti y para cualquier otra persona que resulte herida en el lugar del accidente. <\/p>\n<p>Aunque no tengas lesiones, es importante que te hagan un chequeo m\u00e9dico completo. Sobre todo si te han golpeado en la cabeza. Las lesiones cerebrales, de tejidos blandos e incluso algunas lesiones internas no presentan s\u00edntomas de inmediato, pero pueden ser graves o poner en peligro la vida.  <\/p>\n<p>Adem\u00e1s de buscar atenci\u00f3n m\u00e9dica, tambi\u00e9n querr\u00e1s tomar inmediatamente medidas para documentar las pruebas. Intercambia informaci\u00f3n de contacto con el conductor del veh\u00edculo y obt\u00e9n la informaci\u00f3n de contacto de cualquier testigo en el lugar del accidente. Si es posible, haz fotos del lugar del accidente, aunque tengas que hacerlo con el tel\u00e9fono. En cuanto puedas, ponte en contacto con un abogado especializado en lesiones personales y con tu compa\u00f1\u00eda de seguros. Querr\u00e1s iniciar la reclamaci\u00f3n al seguro de inmediato, pero tambi\u00e9n querr\u00e1s obtener asesoramiento jur\u00eddico sobre tu situaci\u00f3n para estar seguro de que entiendes cu\u00e1nto puede valer tu caso.    <\/p>\n<p><strong class=\"heading4\">La experiencia cuenta a la hora de buscar asesoramiento jur\u00eddico<\/strong><\/p>\n<p>Cuando necesitas un abogado de lesiones personales, es importante encontrar un abogado con mucha experiencia en juicios. Los abogados <a href=\"index.html\">del Grupo Legal Flaxman<\/a> cuentan con m\u00e1s de 60 a\u00f1os acumulados de experiencia en litigios. Nuestros abogados han negociado exitosamente con compa\u00f1\u00edas aseguradoras y han ganado exitosamente casos legales en la corte. De hecho, Charles Flaxman del Grupo Legal Flaxman es parte del Foro de Abogados del Mill\u00f3n de D\u00f3lares, un prestigioso grupo de abogados que han recuperado sentencias multimillonarias a favor de sus clientes. Para averiguar lo que podemos hacer por usted, <a href=\"contacta con nosotros.html\">contacte<\/a> hoy mismo al Grupo Legal Flaxman para una revisi\u00f3n de su caso gratuita y sin compromiso.    <\/p>\n<\/p><\/div>\n<\/p><\/div>\n","protected":false},"excerpt":{"rendered":"<p>Sin honorarios a menos que ganemos. Llama al 866-352-9626 para una &#8230; <\/p>\n","protected":false},"author":3,"featured_media":0,"parent":0,"menu_order":0,"comment_status":"closed","ping_status":"closed","template":"template-practice-areas.php","meta":{"footnotes":""},"class_list":["post-22312","page","type-page","status-publish","hentry"],"featured_image_src":null,"featured_image_src_square":null,"_links":{"self":[{"href":"https:\/\/flaxmanlaw.com\/es\/wp-json\/wp\/v2\/pages\/22312","targetHints":{"allow":["GET"]}}],"collection":[{"href":"https:\/\/flaxmanlaw.com\/es\/wp-json\/wp\/v2\/pages"}],"about":[{"href":"https:\/\/flaxmanlaw.com\/es\/wp-json\/wp\/v2\/types\/page"}],"author":[{"embeddable":true,"href":"https:\/\/flaxmanlaw.com\/es\/wp-json\/wp\/v2\/users\/3"}],"replies":[{"embeddable":true,"href":"https:\/\/flaxmanlaw.com\/es\/wp-json\/wp\/v2\/comments?post=22312"}],"version-history":[{"count":0,"href":"https:\/\/flaxmanlaw.com\/es\/wp-json\/wp\/v2\/pages\/22312\/revisions"}],"wp:attachment":[{"href":"https:\/\/flaxmanlaw.com\/es\/wp-json\/wp\/v2\/media?parent=22312"}],"curies":[{"name":"wp","href":"https:\/\/api.w.org\/{rel}","templated":true}]}}