{"id":22313,"date":"2024-11-18T12:44:35","date_gmt":"2024-11-18T12:44:35","guid":{"rendered":"https:\/\/flaxmanlaw.wpenginepowered.com\/accidente-de-bicicleta-en-miami-abogados-de-accidentes-de-bicicleta-en-el-condado-de-miami-dade\/"},"modified":"2025-05-06T10:04:06","modified_gmt":"2025-05-06T10:04:06","slug":"accidente-de-bicicleta-en-miami-abogados-de-accidentes-de-bicicleta-en-el-condado-de-miami-dade","status":"publish","type":"page","link":"https:\/\/flaxmanlaw.com\/es\/accidente-de-bicicleta-en-miami-abogados-de-accidentes-de-bicicleta-en-el-condado-de-miami-dade\/","title":{"rendered":"Accidente de bicicleta en Miami"},"content":{"rendered":"<div class=\"bodytext\">\n<h2>Accidente de bicicleta en Miami<\/h2>\n<div class=\"description\">\n<p>Miami, Florida, es conocida por su industria tur\u00edstica y su vibrante vida nocturna, pero la ciudad es sorprendentemente verde, con muchas oportunidades de ocio al aire libre. La zona cuenta con cientos de parques, como el famoso Parque Nacional de Biscayne, el Parque Nacional de los Everglades, el Parque del Condado de Crandon Beach y el Parque Estatal Bill Baggs del Cabo Florida, por nombrar s\u00f3lo algunos. Miami tambi\u00e9n ofrece muchas oportunidades de ocio acu\u00e1tico, como navegaci\u00f3n, correr olas, windsurf, parasailing, jet-ski y mucho m\u00e1s. La ciudad tambi\u00e9n es conocida como la Capital Mundial del Buceo de Naufragio. Las playas, las instalaciones de oro y las instalaciones de tenis de Miami han ganado numerosos premios y est\u00e1n consideradas entre las mejores del mundo.<\/p>\n<p>Como Miami tiene tantos espacios verdes, mucha gente aprovecha la ciudad y su clima c\u00e1lido para ir en bicicleta. En Miami hay muchos ciclistas y aficionados a la bicicleta, pero por desgracia <a href=\"accidentes-de-bicicleta.html\">los accidentes de bicicleta<\/a> en Miami son una de las principales causas de <a href=\"lesiones cerebrales.html\">lesiones cerebrales<\/a>, fracturas \u00f3seas y otras <a href=\"accidentes-coche.html\">lesiones<\/a> graves <a href=\"accidentes-coche.html\">de tr\u00e1fico<\/a>. Adem\u00e1s, cada a\u00f1o <a href=\"muerte por negligencia.html\">mueren<\/a> muchas personas como consecuencia de lesiones en bicicleta en la ciudad.<\/p>\n<p>Si has sufrido lesiones en un accidente de bicicleta en Miami, es importante que consultes a un abogado cualificado especializado en casos de accidentes de bicicleta. Si te ha atropellado un coche, puedes suponer que el seguro del autom\u00f3vil se har\u00e1 cargo de la mayor parte de los gastos relacionados con tu lesi\u00f3n. Sin embargo, a menudo no es as\u00ed. En muchos casos, las compa\u00f1\u00edas de seguros intentan resolver una reclamaci\u00f3n lo m\u00e1s r\u00e1pida y econ\u00f3micamente posible. Muchos pacientes de Miami con lesiones cerebrales, lesiones medulares y otros pacientes que sufren lesiones graves en un accidente de tr\u00e1fico en Miami se encuentran con que el seguro s\u00f3lo cubre una parte de sus gastos m\u00e9dicos y de la p\u00e9rdida de ingresos.<\/p>\n<p>Un <a href=\"index.html\">abogado<\/a> experto <a href=\"index.html\">en accidentes de bicicleta en Miami<\/a> puede investigar tu accidente y encontrar a todas las partes responsables relacionadas con \u00e9l. Al perseguir a las m\u00faltiples partes responsables, un abogado de lesiones personales de Miami puede conseguir a menudo un acuerdo justo en tu nombre, asegur\u00e1ndose de que tengas que pagar menos gastos de tu bolsillo.<\/p>\n<p>Si est\u00e1s buscando un abogado de accidentes de bicicleta en Miami, <a href=\"contacta con nosotros.html\">contacta al Grupo Legal Flaxman<\/a>. El personal jur\u00eddico del Grupo Legal Flaxman cuenta con d\u00e9cadas de experiencia en leyes de lesiones personales en Florida del Sur. Han ayudado a miles de v\u00edctimas de lesiones personales a recuperar dinero por sus lesiones y han ayudado a miles de pacientes a obtener la ayuda que necesitan. Charles Flaxman, del Grupo Legal Flaxman, trabaj\u00f3 en la industria aseguradora durante diez a\u00f1os antes de adquirir d\u00e9cadas de experiencia como veterano abogado de lesiones personales en Florida del Sur. Entiende c\u00f3mo trabajan las aseguradoras y puede negociar en tu nombre para asegurarse de que obtengas el arreglo m\u00e1s justo posible.<\/p>\n<p>El <a href=\"index.html\"> Grupo Legal Flaxman<\/a> se enorgullece de ofrecer una consulta inicial gratuita y sin compromiso a todos los clientes nuevos. Adem\u00e1s, el Grupo Legal Flaxman toma algunos casos en base a contingencia. Esto significa que usted no tiene que pagar costos legales hasta que y a menos que el Grupo Legal Flaxman pueda recuperar dinero en su nombre. Esto ayuda a garantizar que no tengas que preocuparte por los honorarios legales si tienes un caso leg\u00edtimo.<\/p>\n<\/div>\n<\/div>\n","protected":false},"excerpt":{"rendered":"<p>Sin honorarios a menos que ganemos. Llama al 866-352-9626 para una &#8230; <\/p>\n","protected":false},"author":3,"featured_media":0,"parent":0,"menu_order":0,"comment_status":"closed","ping_status":"closed","template":"template-practice-areas.php","meta":{"footnotes":""},"class_list":["post-22313","page","type-page","status-publish","hentry"],"featured_image_src":null,"featured_image_src_square":null,"_links":{"self":[{"href":"https:\/\/flaxmanlaw.com\/es\/wp-json\/wp\/v2\/pages\/22313","targetHints":{"allow":["GET"]}}],"collection":[{"href":"https:\/\/flaxmanlaw.com\/es\/wp-json\/wp\/v2\/pages"}],"about":[{"href":"https:\/\/flaxmanlaw.com\/es\/wp-json\/wp\/v2\/types\/page"}],"author":[{"embeddable":true,"href":"https:\/\/flaxmanlaw.com\/es\/wp-json\/wp\/v2\/users\/3"}],"replies":[{"embeddable":true,"href":"https:\/\/flaxmanlaw.com\/es\/wp-json\/wp\/v2\/comments?post=22313"}],"version-history":[{"count":0,"href":"https:\/\/flaxmanlaw.com\/es\/wp-json\/wp\/v2\/pages\/22313\/revisions"}],"wp:attachment":[{"href":"https:\/\/flaxmanlaw.com\/es\/wp-json\/wp\/v2\/media?parent=22313"}],"curies":[{"name":"wp","href":"https:\/\/api.w.org\/{rel}","templated":true}]}}