{"id":22314,"date":"2024-11-18T12:44:35","date_gmt":"2024-11-18T12:44:35","guid":{"rendered":"https:\/\/flaxmanlaw.wpenginepowered.com\/lesiones-cerebrales-en-miami-abogados-de-accidentes-en-el-condado-de-miami-dade-grupo-legal-flaxman\/"},"modified":"2024-11-18T12:44:35","modified_gmt":"2024-11-18T12:44:35","slug":"lesiones-cerebrales-en-miami-abogados-de-accidentes-en-el-condado-de-miami-dade-grupo-legal-flaxman","status":"publish","type":"page","link":"https:\/\/flaxmanlaw.com\/es\/lesiones-cerebrales-en-miami-abogados-de-accidentes-en-el-condado-de-miami-dade-grupo-legal-flaxman\/","title":{"rendered":"Lesiones Cerebrales en Miami | Abogados de Accidentes en el Condado de Miami-Dade Grupo Legal Flaxman"},"content":{"rendered":"<div class=\"bodytext\">\n<h2>Lesiones cerebrales en Miami<\/h1><\/h2>\n<div class=\"description\">\n<p>Una lesi\u00f3n cerebral traum\u00e1tica en Miami o Florida puede afectar a todos los \u00e1mbitos de tu vida. Puede afectar a tu movilidad, visi\u00f3n, memoria o capacidad para pensar y concentrarte. Algunos pacientes que han trabajado con <a href=\"index.html\">el Grupo Legal Flaxman<\/a> despu\u00e9s de sufrir este tipo de lesi\u00f3n no han podido volver al trabajo y no han podido reanudar su vida despu\u00e9s de su lesi\u00f3n. Si has sufrido un traumatismo craneoencef\u00e1lico grave, es importante que obtengas ayuda m\u00e9dica, as\u00ed como asesoramiento jur\u00eddico, para que puedas seguir adelante.   <\/p>\n<p><strong class=\"heading4\">Consigue tratamiento m\u00e9dico inmediatamente despu\u00e9s de un accidente de coche u otro incidente en Miami o Florida<\/strong><\/p>\n<p>Por desgracia, en muchos casos los pacientes retrasan el tratamiento que puede salvarles la vida porque detectar una lesi\u00f3n cerebral puede ser dif\u00edcil. En algunos casos, por ejemplo, alguien puede no tener s\u00edntomas de lesi\u00f3n cerebral tras sufrirla en un accidente de coche u otro incidente. Algunos pacientes piensan tambi\u00e9n que no corren riesgo de sufrir una lesi\u00f3n cerebral si no se han golpeado la cabeza. Esto es falso. Aunque no te hayas golpeado la cabeza, puedes sufrir un traumatismo craneoencef\u00e1lico si la cabeza se ha movido o sacudido violentamente.    <\/p>\n<p>Aunque no hayas perdido el conocimiento ni observes ning\u00fan otro s\u00edntoma de lesi\u00f3n cerebral traum\u00e1tica, esto no significa que puedas descartar una lesi\u00f3n grave o incluso potencialmente mortal. Es importante tener en cuenta que, aunque te encuentres perfectamente, si te has visto implicado en alg\u00fan incidente que pudiera haber provocado una lesi\u00f3n cerebral, es importante recabar la opini\u00f3n de un profesional m\u00e9dico. S\u00f3lo un chequeo exhaustivo realizado por un m\u00e9dico cualificado puede decirte si tienes una lesi\u00f3n cerebral traum\u00e1tica. Aunque tu lesi\u00f3n sea muy leve, es importante obtener una evaluaci\u00f3n y tratamiento.   <\/p>\n<p><strong class=\"heading4\">Una lesi\u00f3n cerebral grave puede cambiar tu vida<\/strong><\/p>\n<p>Una lesi\u00f3n cerebral puede ser una de las lesiones m\u00e1s devastadoras que se pueden sufrir. Este tipo de lesi\u00f3n puede afectar a todos los \u00e1mbitos de tu vida, dej\u00e1ndote incapacitado para volver al trabajo e incapaz de cuidar de ti mismo y de tu familia. Este tipo de lesi\u00f3n tambi\u00e9n puede ser muy perjudicial para tus finanzas, porque una lesi\u00f3n cerebral puede ser muy costosa y acarrear numerosos gastos, entre ellos:  <\/p>\n<ul>\n<li>Rehabilitaci\u00f3n y fisioterapia<\/li>\n<li>Terapia ocupacional<\/li>\n<li>Medicaci\u00f3n<\/li>\n<li>Cirug\u00eda<\/li>\n<li>Estancias hospitalarias<\/li>\n<li>Visitas a neur\u00f3logos y otros expertos m\u00e9dicos<\/li>\n<li>Diagn\u00f3stico por imagen<\/li>\n<li>Asistencia a domicilio<\/li>\n<li>Gastos de centros de vida asistida u otros gastos de asistencia<\/li>\n<li>Gastos imprevistos, como los costes de coger un taxi para ir y volver de las citas<\/li>\n<li>Atenci\u00f3n de seguimiento<\/li>\n<\/ul>\n<p>Estos gastos pueden acabar costando f\u00e1cilmente cientos de miles de d\u00f3lares o m\u00e1s al a\u00f1o si la lesi\u00f3n cerebral es muy grave y deja a la persona incapacitada para funcionar como lo hac\u00eda antes de su accidente. A lo largo de toda la vida, una lesi\u00f3n cerebral grave que requiera cuidados las 24 horas del d\u00eda puede acabar costando a un paciente m\u00e1s de un mill\u00f3n de d\u00f3laresn. A menos que el paciente sea extremadamente rico y tenga ahorros considerables, este tipo de costes puede ser catastr\u00f3fico. Incluso con un seguro excelente, es posible que el seguro m\u00e9dico s\u00f3lo cubra una parte de los gastos o exija a los pacientes unas franquicias muy elevadas, con lo que los pacientes se enfrentan a dificultades econ\u00f3micas, adem\u00e1s del dolor y el sufrimiento de su lesi\u00f3n.   <\/p>\n<p>Si usted ha resultado lesionado y ha sufrido una lesi\u00f3n cerebral grave debido a la negligencia o imprudencia de alguien, puede tener una demanda legal seg\u00fan la ley de Florida. Para averiguar si tienes una demanda, contacta al Grupo Legal Flaxman para hablar sobre tu situaci\u00f3n con un abogado de lesiones personales en una evaluaci\u00f3n gratuita de tu caso. <\/p>\n<\/p><\/div>\n<\/p><\/div>\n","protected":false},"excerpt":{"rendered":"<p>Sin honorarios a menos que ganemos. Llama al 866-352-9626 para una &#8230; <\/p>\n","protected":false},"author":3,"featured_media":0,"parent":0,"menu_order":0,"comment_status":"closed","ping_status":"closed","template":"template-practice-areas.php","meta":{"footnotes":""},"class_list":["post-22314","page","type-page","status-publish","hentry"],"featured_image_src":null,"featured_image_src_square":null,"_links":{"self":[{"href":"https:\/\/flaxmanlaw.com\/es\/wp-json\/wp\/v2\/pages\/22314","targetHints":{"allow":["GET"]}}],"collection":[{"href":"https:\/\/flaxmanlaw.com\/es\/wp-json\/wp\/v2\/pages"}],"about":[{"href":"https:\/\/flaxmanlaw.com\/es\/wp-json\/wp\/v2\/types\/page"}],"author":[{"embeddable":true,"href":"https:\/\/flaxmanlaw.com\/es\/wp-json\/wp\/v2\/users\/3"}],"replies":[{"embeddable":true,"href":"https:\/\/flaxmanlaw.com\/es\/wp-json\/wp\/v2\/comments?post=22314"}],"version-history":[{"count":0,"href":"https:\/\/flaxmanlaw.com\/es\/wp-json\/wp\/v2\/pages\/22314\/revisions"}],"wp:attachment":[{"href":"https:\/\/flaxmanlaw.com\/es\/wp-json\/wp\/v2\/media?parent=22314"}],"curies":[{"name":"wp","href":"https:\/\/api.w.org\/{rel}","templated":true}]}}