{"id":22315,"date":"2024-11-18T12:44:35","date_gmt":"2024-11-18T12:44:35","guid":{"rendered":"https:\/\/flaxmanlaw.wpenginepowered.com\/muerte-por-negligencia-en-miami-beach-abogados-de-lesiones-personales-del-condado-de-miami-dade\/"},"modified":"2024-11-18T12:44:35","modified_gmt":"2024-11-18T12:44:35","slug":"muerte-por-negligencia-en-miami-beach-abogados-de-lesiones-personales-del-condado-de-miami-dade","status":"publish","type":"page","link":"https:\/\/flaxmanlaw.com\/es\/muerte-por-negligencia-en-miami-beach-abogados-de-lesiones-personales-del-condado-de-miami-dade\/","title":{"rendered":"Muerte por negligencia en Miami Beach | Abogados de lesiones personales del condado de Miami-Dade"},"content":{"rendered":"<div class=\"bodytext\">\n<h2>Muerte por negligencia en Miami Beach<\/h1><\/h2>\n<div class=\"description\">\n<p>Miami Beach, Florida, est\u00e1 situada cerca de Miami, en el condado de Miami-Dade. La ciudad se constituy\u00f3 en 1915 y ahora se considera una de las ciudades balnearias costeras m\u00e1s famosas y populares entre los turistas. Una de las caracter\u00edsticas m\u00e1s singulares de Miami Beach es que est\u00e1 situada en una serie de islas barrera -tanto artificiales como naturales- que dan a la bah\u00eda de Biscayne y al oc\u00e9ano Atl\u00e1ntico. De hecho, Miami puede divisarse sobre la Bah\u00eda de Biscayne. Miami Beach forma parte del centro comercial de toda la regi\u00f3n del sur de Florida.    <\/p>\n<p>El <a href=\"index.html\">Grupo Legal Flaxman<\/a> se enorgullece de servir a Miami Beach y a las comunidades circundantes. Como firma de servicios integrales, el Grupo Legal Flaxman maneja una variedad de demandas por lesiones personales, incluyendo demandas por homicidio culposo. Las demandas por homicidio culposo en Miami Beach usualmente resultan cuando la negligencia de alguien provoca una fatalidad. En estos casos, una demanda por homicidio culposo en Miami Beach puede ayudar a la familia doliente a recuperar una indemnizaci\u00f3n que puede ayudar a la familia a recuperarse despu\u00e9s de una p\u00e9rdida devastadora.   <\/p>\n<p>En muchos casos, sin embargo, las demandas por homicidio culposo en Miami Beach pueden ser un reto. Por ejemplo, en muchos casos estas reclamaciones pretenden indemnizar a una familia en duelo por la p\u00e9rdida de ingresos si el fallecido percib\u00eda ingresos. Sin embargo, si el fallecido dirig\u00eda su propio negocio, ejerc\u00eda una profesi\u00f3n o trabajaba por cuenta propia, calcular los posibles ingresos futuros puede ser todo un reto. En estos casos, los peritos de seguros suelen subestimar la contribuci\u00f3n econ\u00f3mica de un ser querido perdido, dejando a la familia econ\u00f3micamente devastada o sin los recursos necesarios para iniciar el proceso de curaci\u00f3n. Los abogados expertos en lesiones personales de Miami Beach suelen trabajar con contables forenses para ayudar en una reclamaci\u00f3n.    <\/p>\n<p>El Grupo Legal Flaxman trata las demandas por homicidio culposo en Miami Beach de manera comprensiva y profesional. El objetivo del equipo legal del Grupo Legal Flaxman es obtener la compensaci\u00f3n m\u00e1s justa posible para ti, sin demoras indebidas. Todo el equipo legal del Grupo Legal Flaxman ha trabajado antes con <a href=\"muerte por negligencia.html\">v\u00edctimas de<\/a> lesiones personales y de homicidio <a href=\"muerte por negligencia.html\">culposo<\/a> en Florida del Sur. El enfoque compasivo y profesional est\u00e1 dise\u00f1ado para garantizar que las familias en duelo obtengan todo el apoyo que necesitan mientras tratan de sanar.   <\/p>\n<p><a href=\"index.html\">El Grupo Legal Flaxman<\/a> trabaja en base a honorarios de contingencia. Esto significa que usted no tiene que pagar por adelantado honorarios o gastos legales. De hecho, su consulta inicial es absolutamente gratuita y sin compromiso. Si usted trabaja con el Grupo Legal Flaxman en base a honorarios de contingencia, s\u00f3lo tendr\u00e1 que pagar honorarios legales cuando y si el Grupo Legal Flaxman recupera dinero en su nombre. Si usted gana o llega a un acuerdo extrajudicial, el Grupo Legal Flaxman recibir\u00e1 el pago del producto del acuerdo. Si abandonas tu caso o si el caso se pierde en los tribunales, no deber\u00e1s dinero alguno. Esto garantiza que usted no tenga que correr ning\u00fan riesgo al presentar una demanda v\u00e1lida por homicidio culposo en Miami Beach.      <\/p>\n<p>Si crees que puedes tener un caso de lesiones personales o una demanda por homicidio culposo en Miami Beach, <a href=\"contacta con nosotros.html\">contacta<\/a> hoy mismo con el Grupo Legal Flaxman. Concierta una consulta gratuita y confidencial para hablar de tu caso con un abogado experimentado. Llame hoy mismo para iniciar el camino hacia la recuperaci\u00f3n.  <\/p>\n<\/p><\/div>\n<\/p><\/div>\n","protected":false},"excerpt":{"rendered":"<p>Sin honorarios a menos que ganemos. Llama al 866-352-9626 para una &#8230; <\/p>\n","protected":false},"author":3,"featured_media":0,"parent":0,"menu_order":0,"comment_status":"closed","ping_status":"closed","template":"template-practice-areas.php","meta":{"footnotes":""},"class_list":["post-22315","page","type-page","status-publish","hentry"],"featured_image_src":null,"featured_image_src_square":null,"_links":{"self":[{"href":"https:\/\/flaxmanlaw.com\/es\/wp-json\/wp\/v2\/pages\/22315","targetHints":{"allow":["GET"]}}],"collection":[{"href":"https:\/\/flaxmanlaw.com\/es\/wp-json\/wp\/v2\/pages"}],"about":[{"href":"https:\/\/flaxmanlaw.com\/es\/wp-json\/wp\/v2\/types\/page"}],"author":[{"embeddable":true,"href":"https:\/\/flaxmanlaw.com\/es\/wp-json\/wp\/v2\/users\/3"}],"replies":[{"embeddable":true,"href":"https:\/\/flaxmanlaw.com\/es\/wp-json\/wp\/v2\/comments?post=22315"}],"version-history":[{"count":0,"href":"https:\/\/flaxmanlaw.com\/es\/wp-json\/wp\/v2\/pages\/22315\/revisions"}],"wp:attachment":[{"href":"https:\/\/flaxmanlaw.com\/es\/wp-json\/wp\/v2\/media?parent=22315"}],"curies":[{"name":"wp","href":"https:\/\/api.w.org\/{rel}","templated":true}]}}