{"id":22316,"date":"2024-11-18T12:44:35","date_gmt":"2024-11-18T12:44:35","guid":{"rendered":"https:\/\/flaxmanlaw.wpenginepowered.com\/miami-blind-spots-abogados-de-accidentes-de-camion-del-condado-de-miami-dade\/"},"modified":"2024-11-18T12:44:35","modified_gmt":"2024-11-18T12:44:35","slug":"miami-blind-spots-abogados-de-accidentes-de-camion-del-condado-de-miami-dade","status":"publish","type":"page","link":"https:\/\/flaxmanlaw.com\/es\/miami-blind-spots-abogados-de-accidentes-de-camion-del-condado-de-miami-dade\/","title":{"rendered":"Miami Blind Spots | Abogados de Accidentes de Cami\u00f3n del Condado de Miami-Dade"},"content":{"rendered":"<div class=\"bodytext\">\n<h2>Puntos ciegos de Miami<\/h1><\/h2>\n<div class=\"description\">\n<p>Los accidentes por \u00e1ngulo muerto se producen cuando un conductor no comprueba sus \u00e1ngulos muertos. Esto puede ocurrir cuando dan marcha atr\u00e1s, cambian de carril o realizan otras maniobras arriesgadas que les obligan a estar atentos a lo que ocurre alrededor de su veh\u00edculo. Si te encuentras en el \u00e1ngulo muerto de alguien durante un accidente de coche en Miami o en tu comunidad, puedes tener una reclamaci\u00f3n legal si el conductor fue negligente de alg\u00fan modo. Buscar una indemnizaci\u00f3n justa en tu caso puede ayudarte a recuperar el dinero de las facturas m\u00e9dicas, la p\u00e9rdida de ingresos y los muchos otros gastos que puedes tener que afrontar como consecuencia de tus lesiones.   <\/p>\n<p>Para averiguar si tienes una demanda, siempre puedes ponerte en contacto con el Grupo Legal Flaxman llamando al 866-352-9626 para una evaluaci\u00f3n gratuita y confidencial de tu caso. Contacte hoy mismo a la firma de servicios integrales para su cita gratuita. <\/p>\n<p><strong class=\"heading4\">\u00bfQu\u00e9 hace tan peligrosos los accidentes de coche y cami\u00f3n por \u00e1ngulo muerto en Miami?<\/strong><\/p>\n<p>Los accidentes de tr\u00e1fico por \u00e1ngulo muerto suelen causar lesiones graves y, en algunos casos, v\u00edctimas mortales. Hay varias razones por las que este tipo de accidentes son tan peligrosos: <\/p>\n<p><strong>1) Los accidentes de tr\u00e1fico en puntos ciegos pueden implicar a un veh\u00edculo m\u00e1s peque\u00f1o, como un turismo, y a un veh\u00edculo m\u00e1s grande, como un tractor-remolque o un cami\u00f3n de gran tonelaje<\/strong>. Los camiones comerciales tienen bastantes zonas prohibidas o puntos ciegos, y cuando los turismos se encuentran en estos puntos ciegos los conductores de camiones pueden no darse cuenta a tiempo para evitar un accidente <\/p>\n<p><strong>2) Los accidentes de coche por \u00e1ngulo muerto suelen ser colisiones laterales<\/strong>. Por desgracia, los pasajeros no est\u00e1n muy bien protegidos en este tipo de colisiones, ni siquiera con los airbags laterales del pasajero. En este tipo de colisi\u00f3n hay poca o ninguna zona de deformaci\u00f3n, y los cristales que vuelan y los restos del accidente pueden causar laceraciones, mientras que el impacto puede provocar lesiones potencialmente mortales a los ocupantes del veh\u00edculo.  <\/p>\n<p><strong>3) Los accidentes de coche por \u00e1ngulo muerto suelen ocurrir en autopistas y otras zonas donde la gente acelera para adelantar<\/strong>. La alta velocidad puede aumentar la fuerza del impacto y crear una combinaci\u00f3n mortal. <\/p>\n<p><strong>4) Los accidentes por \u00e1ngulo muerto suelen producirse porque un conductor no se da cuenta del otro a tiempo<\/strong>. Por lo tanto, el conductor puede no tener tiempo de hacer maniobras evasivas o de cualquier tipo para disminuir el impacto de la colisi\u00f3n. <\/p>\n<p><strong class=\"heading4\">\u00bfNecesitas ayuda tras un accidente de tr\u00e1fico grave?<\/strong><\/p>\n<p>En <a href=\"index.html\">el Grupo Legal Flaxman<\/a>, ofrecemos consultas gratuitas y sin compromiso, para que usted no arriesgue nada ni pague nada al conocer los hechos sobre su caso. Adem\u00e1s, los abogados de nuestra firma de servicios integrales trabajan en base a honorarios de contingencia, lo que significa que usted no tendr\u00e1 que pagar costos legales hasta y a menos que ganemos su caso en la corte o lleguemos a un acuerdo extrajudicial en su nombre. Nuestros abogados tambi\u00e9n comprenden lo aterradora que puede ser una colisi\u00f3n de tr\u00e1fico, por lo que nos esforzamos por prestar un servicio compasivo, profesional y atento a cada cliente. Nunca te presionaremos para que des un paso que no quieras dar y nos tomaremos el tiempo necesario para escuchar realmente los detalles de tu situaci\u00f3n. Para saber m\u00e1s sobre nosotros y tus opciones, <a href=\"contacta con nosotros.html\">contacta<\/a> al Grupo Legal Flaxman al 866-352-9626.    <\/p>\n<\/p><\/div>\n<\/p><\/div>\n","protected":false},"excerpt":{"rendered":"<p>Sin honorarios a menos que ganemos. Llama al 866-352-9626 para una &#8230; <\/p>\n","protected":false},"author":3,"featured_media":0,"parent":0,"menu_order":0,"comment_status":"closed","ping_status":"closed","template":"template-practice-areas.php","meta":{"footnotes":""},"class_list":["post-22316","page","type-page","status-publish","hentry"],"featured_image_src":null,"featured_image_src_square":null,"_links":{"self":[{"href":"https:\/\/flaxmanlaw.com\/es\/wp-json\/wp\/v2\/pages\/22316","targetHints":{"allow":["GET"]}}],"collection":[{"href":"https:\/\/flaxmanlaw.com\/es\/wp-json\/wp\/v2\/pages"}],"about":[{"href":"https:\/\/flaxmanlaw.com\/es\/wp-json\/wp\/v2\/types\/page"}],"author":[{"embeddable":true,"href":"https:\/\/flaxmanlaw.com\/es\/wp-json\/wp\/v2\/users\/3"}],"replies":[{"embeddable":true,"href":"https:\/\/flaxmanlaw.com\/es\/wp-json\/wp\/v2\/comments?post=22316"}],"version-history":[{"count":0,"href":"https:\/\/flaxmanlaw.com\/es\/wp-json\/wp\/v2\/pages\/22316\/revisions"}],"wp:attachment":[{"href":"https:\/\/flaxmanlaw.com\/es\/wp-json\/wp\/v2\/media?parent=22316"}],"curies":[{"name":"wp","href":"https:\/\/api.w.org\/{rel}","templated":true}]}}