{"id":22317,"date":"2024-11-18T12:44:35","date_gmt":"2024-11-18T12:44:35","guid":{"rendered":"https:\/\/flaxmanlaw.wpenginepowered.com\/lesiones-laborales-miami-beach-abogados-de-indemnizacion-laboral-del-condado-de-miami-dade\/"},"modified":"2024-11-18T12:44:35","modified_gmt":"2024-11-18T12:44:35","slug":"lesiones-laborales-miami-beach-abogados-de-indemnizacion-laboral-del-condado-de-miami-dade","status":"publish","type":"page","link":"https:\/\/flaxmanlaw.com\/es\/lesiones-laborales-miami-beach-abogados-de-indemnizacion-laboral-del-condado-de-miami-dade\/","title":{"rendered":"Lesiones Laborales Miami Beach | Abogados de Indemnizaci\u00f3n Laboral del Condado de Miami-Dade"},"content":{"rendered":"<div class=\"bodytext\">\n<h2>Lesiones laborales en Miami Beach<\/h1><\/h2>\n<div class=\"description\">\n<p>Miami Beach es una de las ciudades tur\u00edsticas m\u00e1s queridas del pa\u00eds desde su fundaci\u00f3n en 1915. Situada en el condado de Miami-Dade, Miami Beach se encuentra en unas islas barrera artificiales situadas entre el oc\u00e9ano y la bah\u00eda de Biscayne. Miami Beach es famosa no s\u00f3lo por ser un lugar maravilloso para alejarse de todo -todo ello estando a la vista del centro de Miami-, sino tambi\u00e9n por su Distrito Hist\u00f3rico Art Dec\u00f3. Esta zona no s\u00f3lo cuenta con arquitectura Art Dec\u00f3, sino tambi\u00e9n con arquitectura mediterr\u00e1nea y Streamline Moderne.   <\/p>\n<p><strong class=\"heading4\">Qu\u00e9 hacer si sufres un accidente laboral en Miami Beach o en cualquier comunidad del sur de Florida<\/strong><\/p>\n<p>Como en todas las ciudades, en Miami Beach se producen bastantes accidentes laborales. Si te lesionas en el trabajo, es importante que informes de tus lesiones a tu supervisor lo antes posible. No hacerlo puede suponer que te resulte m\u00e1s dif\u00edcil conseguir una indemnizaci\u00f3n por accidente laboral en Miami Beach o en tu comunidad. Es importante denunciar incluso las lesiones leves, como los accidentes por resbalones y ca\u00eddas en los centros de trabajo de Miami Beach, ya que algunas de ellas pueden acabar siendo m\u00e1s caras de lo que crees.   <\/p>\n<p>Adem\u00e1s, te conviene <a href=\"contacta con nosotros.html\">ponerte en contacto con<\/a> un abogado de lesiones personales en Miami Beach o en tu comunidad si has sufrido lesiones en el lugar de trabajo. Un abogado de lesiones personales puede evaluar los costes probables de tu lesi\u00f3n, puede ayudarte a explicar tus derechos y puede asesorarte legalmente sobre los pasos que puedes dar para asegurarte de obtener la mejor y m\u00e1s justa indemnizaci\u00f3n por tus lesiones. Conseguir una indemnizaci\u00f3n justa tras una lesi\u00f3n laboral es muy importante, pues los costes de esta lesi\u00f3n pueden afectarte a ti y a tu familia durante a\u00f1os. S\u00f3lo los gastos m\u00e9dicos pueden ascender a decenas de miles o incluso cientos de miles de d\u00f3lares, y reclamar una indemnizaci\u00f3n justa garantiza que no tengas que pagarlos de tu bolsillo si tus lesiones fueron causadas por negligencia.   <\/p>\n<p>Si necesitas ayuda para determinar los probables costos totales de tus lesiones o no sabes c\u00f3mo buscar la mejor compensaci\u00f3n justa, siempre puedes contactar al Grupo Legal Flaxman. El <a href=\"index.html\">Grupo Legal Flaxman<\/a> es una firma de servicios integrales con un dedicado equipo de compasivos profesionales legales dispuestos a ayudar. Contacte al Grupo Legal Flaxman para su consulta gratuita sobre accidentes para averiguar m\u00e1s. <\/p>\n<p><strong class=\"heading4\">\u00bfPuedes presentar una demanda judicial tras sufrir una lesi\u00f3n en el trabajo en Miami Beach?<\/strong><\/p>\n<p>En la mayor\u00eda de los casos, si te has lesionado en el trabajo, podr\u00e1s reclamar una indemnizaci\u00f3n por accidente laboral en Miami Beach o en tu comunidad. Esto pagar\u00e1 tus gastos m\u00e9dicos y parte de tus ingresos perdidos, y evitar\u00e1 que tengas que interponer una demanda judicial. Sin embargo, si tu lesi\u00f3n fue causada en parte por un tercero (alguien distinto de tu empleador), es posible que puedas presentar una demanda judicial.  <\/p>\n<p>Hay varias razones para presentar una demanda legal tras un accidente laboral. Presentar una demanda puede ayudarte a conseguir una indemnizaci\u00f3n que te ayude a pagar la atenci\u00f3n m\u00e9dica, los da\u00f1os materiales, los salarios perdidos y otros gastos relacionados con tu accidente. El coste de una lesi\u00f3n grave puede ser catastr\u00f3fico y llevar a los trabajadores al borde de la quiebra. La indemnizaci\u00f3n por accidente laboral a menudo s\u00f3lo cubre una peque\u00f1a parte de las lesiones graves y de larga duraci\u00f3n, lo que significa que a los empleados les cuesta recuperarse totalmente.   <\/p>\n<p>\u00bfNecesita hablar sobre sus lesiones laborales con un abogado de lesiones personales en Miami Beach o en su comunidad? <a href=\"sobre nosotros.html\">El Grupo Legal Flaxman<\/a> estar\u00e1 encantado de hablar sobre su caso por tel\u00e9fono y ofrecerle una consulta gratuita y sin compromiso para revisar su caso.<\/p>\n<\/p><\/div>\n<\/p><\/div>\n","protected":false},"excerpt":{"rendered":"<p>Sin honorarios a menos que ganemos. Llama al 866-352-9626 para una &#8230; <\/p>\n","protected":false},"author":3,"featured_media":0,"parent":0,"menu_order":0,"comment_status":"closed","ping_status":"closed","template":"template-practice-areas.php","meta":{"footnotes":""},"class_list":["post-22317","page","type-page","status-publish","hentry"],"featured_image_src":null,"featured_image_src_square":null,"_links":{"self":[{"href":"https:\/\/flaxmanlaw.com\/es\/wp-json\/wp\/v2\/pages\/22317","targetHints":{"allow":["GET"]}}],"collection":[{"href":"https:\/\/flaxmanlaw.com\/es\/wp-json\/wp\/v2\/pages"}],"about":[{"href":"https:\/\/flaxmanlaw.com\/es\/wp-json\/wp\/v2\/types\/page"}],"author":[{"embeddable":true,"href":"https:\/\/flaxmanlaw.com\/es\/wp-json\/wp\/v2\/users\/3"}],"replies":[{"embeddable":true,"href":"https:\/\/flaxmanlaw.com\/es\/wp-json\/wp\/v2\/comments?post=22317"}],"version-history":[{"count":0,"href":"https:\/\/flaxmanlaw.com\/es\/wp-json\/wp\/v2\/pages\/22317\/revisions"}],"wp:attachment":[{"href":"https:\/\/flaxmanlaw.com\/es\/wp-json\/wp\/v2\/media?parent=22317"}],"curies":[{"name":"wp","href":"https:\/\/api.w.org\/{rel}","templated":true}]}}