{"id":22318,"date":"2024-11-18T12:44:35","date_gmt":"2024-11-18T12:44:35","guid":{"rendered":"https:\/\/flaxmanlaw.wpenginepowered.com\/accidentes-por-cambio-imprudente-de-carril-en-miami-beach-abogados-de-accidentes-de-trafico-del-condado-de-miami-dade\/"},"modified":"2024-11-18T12:44:35","modified_gmt":"2024-11-18T12:44:35","slug":"accidentes-por-cambio-imprudente-de-carril-en-miami-beach-abogados-de-accidentes-de-trafico-del-condado-de-miami-dade","status":"publish","type":"page","link":"https:\/\/flaxmanlaw.com\/es\/accidentes-por-cambio-imprudente-de-carril-en-miami-beach-abogados-de-accidentes-de-trafico-del-condado-de-miami-dade\/","title":{"rendered":"Accidentes por cambio imprudente de carril en Miami Beach | Abogados de accidentes de tr\u00e1fico del condado de Miami-Dade"},"content":{"rendered":"<div class=\"bodytext\">\n<h2>Accidentes por Cambio de Carril Inseguro en Miami Beach<\/h1><\/h2>\n<div class=\"description\">\n<p>Cuando los conductores cambian de carril, se espera que lo hagan s\u00f3lo donde haya espacio para realizar un cambio de carril legal y que comprueben sus \u00e1ngulos muertos y comprueben si hay tr\u00e1fico en sentido contrario antes de salir de su carril. Por desgracia, debido a la conducci\u00f3n bajo los efectos del alcohol, la conducci\u00f3n distra\u00edda y la simple negligencia, algunos conductores no toman estas sencillas precauciones y provocan accidentes de atropello y fuga, colisiones laterales en Miami Beach y otros tipos de accidentes en todo Florida debido a su conducci\u00f3n negligente. <\/p>\n<p>Si usted ha resultado lesionado por un conductor negligente, no arriesga nada contactando al Grupo Legal Flaxman para revisar sus opciones legales. El Grupo Legal Flaxman es una firma de servicios integrales en Florida del Sur y ofrecemos consultas de caso gratuitas y sin compromiso a todos los clientes nuevos. Ya sea que usted tenga preguntas sobre su situaci\u00f3n legal o le gustar\u00eda saber si tiene una demanda legal, nuestros abogados pueden atender sus preocupaciones en una revisi\u00f3n gratuita de su caso. Ponte en contacto con nosotros hoy mismo para concertar tu cita gratuita.   <\/p>\n<p><strong class=\"heading4\">Por qu\u00e9 los automovilistas cambian de carril de forma insegura<\/strong><\/p>\n<p>Hay muchas razones por las que se producen accidentes por cambio inseguro de carril. Entre ellas pueden estar: <\/p>\n<ul>\n<li>Conductores negligentes, impacientes o imprudentes<\/li>\n<li>Un accidente m\u00e1s adelante que hace que un motorista se desv\u00ede<\/li>\n<li>Escombros en la carretera<\/li>\n<li>Mal estado de la carretera o baches que hacen que un conductor pierda el control y se incorpore a otro carril<\/li>\n<li>Un animal corriendo por la carretera<\/li>\n<li>Un conductor que tiene una emergencia m\u00e9dica y pierde el control de su veh\u00edculo<\/li>\n<\/ul>\n<p>En muchos casos, sin embargo, los cambios de carril inseguros se producen porque un conductor no se molesta en comprobar sus \u00e1ngulos muertos, no se molesta en se\u00f1alizar, o conduce de otro modo negligente y se cobra la vida de otros conductores. En estos casos, el conductor culpable y su compa\u00f1\u00eda de seguros pueden ser considerados responsables y un demandante puede presentar una demanda judicial para obtener una indemnizaci\u00f3n por sus lesiones. <\/p>\n<p><strong class=\"heading4\">Colisiones por cambio de carril de varios veh\u00edculos<\/strong><\/p>\n<p>Uno de los retos que hacen tan peligrosas las colisiones por cambio de carril es que suelen ser colisiones en cadena o de varios veh\u00edculos. Lo que suele ocurrir cuando un motorista realiza un cambio de carril inseguro es que los motoristas circundantes ven la posibilidad de una colisi\u00f3n y se apartan, provocando m\u00e1s colisiones. Adem\u00e1s, un cambio de carril inseguro puede provocar un accidente con vuelco u otro accidente de un solo veh\u00edculo que provoque una reacci\u00f3n en cadena de colisiones.  <\/p>\n<p>Por desgracia, en los accidentes de varios veh\u00edculos, hay varios puntos de impacto, varios demandantes heridos y una mayor posibilidad de lesiones graves. En algunas colisiones por cambio de carril que dan lugar a accidentes de varios veh\u00edculos, los coches quedan aplastados por la fuerza del impacto y los pasajeros quedan atrapados dentro de sus coches, lo que agrava a\u00fan m\u00e1s sus lesiones. Tras este tipo de accidente, no es infrecuente que a los perjudicados les cueste recuperar la indemnizaci\u00f3n y buscar justicia en sus casos.  <\/p>\n<p>\u00bfTienes una reclamaci\u00f3n por cambio inseguro de carril? Puede ser dif\u00edcil saberlo sin una consulta con un abogado de lesiones personales. Si te gustar\u00eda saber si tienes una demanda o te gustar\u00eda conocer la fuerza y el valor potencial de tu demanda, <a href=\"contacta con nosotros.html\">contacta con el Grupo Legal Flaxman<\/a> para una revisi\u00f3n gratuita y sin compromiso de tu caso.  <\/p>\n<\/p><\/div>\n<\/p><\/div>\n","protected":false},"excerpt":{"rendered":"<p>Sin honorarios a menos que ganemos. Llama al 866-352-9626 para una &#8230; <\/p>\n","protected":false},"author":3,"featured_media":0,"parent":0,"menu_order":0,"comment_status":"closed","ping_status":"closed","template":"template-practice-areas.php","meta":{"footnotes":""},"class_list":["post-22318","page","type-page","status-publish","hentry"],"featured_image_src":null,"featured_image_src_square":null,"_links":{"self":[{"href":"https:\/\/flaxmanlaw.com\/es\/wp-json\/wp\/v2\/pages\/22318","targetHints":{"allow":["GET"]}}],"collection":[{"href":"https:\/\/flaxmanlaw.com\/es\/wp-json\/wp\/v2\/pages"}],"about":[{"href":"https:\/\/flaxmanlaw.com\/es\/wp-json\/wp\/v2\/types\/page"}],"author":[{"embeddable":true,"href":"https:\/\/flaxmanlaw.com\/es\/wp-json\/wp\/v2\/users\/3"}],"replies":[{"embeddable":true,"href":"https:\/\/flaxmanlaw.com\/es\/wp-json\/wp\/v2\/comments?post=22318"}],"version-history":[{"count":0,"href":"https:\/\/flaxmanlaw.com\/es\/wp-json\/wp\/v2\/pages\/22318\/revisions"}],"wp:attachment":[{"href":"https:\/\/flaxmanlaw.com\/es\/wp-json\/wp\/v2\/media?parent=22318"}],"curies":[{"name":"wp","href":"https:\/\/api.w.org\/{rel}","templated":true}]}}