{"id":22320,"date":"2024-11-18T12:44:35","date_gmt":"2024-11-18T12:44:35","guid":{"rendered":"https:\/\/flaxmanlaw.wpenginepowered.com\/accidentes-de-una-sola-moto-en-miami-beach-abogados-de-lesiones-de-motocicleta-del-condado-de-miami-dade\/"},"modified":"2024-11-18T12:44:35","modified_gmt":"2024-11-18T12:44:35","slug":"accidentes-de-una-sola-moto-en-miami-beach-abogados-de-lesiones-de-motocicleta-del-condado-de-miami-dade","status":"publish","type":"page","link":"https:\/\/flaxmanlaw.com\/es\/accidentes-de-una-sola-moto-en-miami-beach-abogados-de-lesiones-de-motocicleta-del-condado-de-miami-dade\/","title":{"rendered":"Accidentes de una sola moto en Miami Beach | Abogados de lesiones de motocicleta del condado de Miami-Dade"},"content":{"rendered":"<div class=\"bodytext\">\n<h2>Accidentes de una sola bicicleta en Miami Beach<\/h1><\/h2>\n<div class=\"description\">\n<p>Si en tu accidente de tr\u00e1fico en Miami Beach o en tu comunidad estuvo implicado otro conductor, probablemente ya sepas que puedes reclamar una indemnizaci\u00f3n al conductor culpable. Pero, \u00bfqu\u00e9 ocurre cuando no hay un conductor culpable? En muchos casos, los accidentes de una sola motocicleta dan lugar a m\u00e1s confusi\u00f3n. Sin embargo, no tienen por qu\u00e9.   <\/p>\n<p>Los abogados del Grupo Legal Flaxman han ayudado a miles de motociclistas a obtener una compensaci\u00f3n justa por sus lesiones, incluso en casos donde ha ocurrido un solo accidente de motocicleta. Para averiguar si tienes opciones de compensaci\u00f3n, contacta con el Grupo Legal Flaxman para una revisi\u00f3n gratuita y sin compromiso de tu caso. <\/p>\n<p><strong class=\"heading4\">\u00bfQu\u00e9 causa los accidentes de un solo ciclista en Miami Beach y Florida?<\/strong><\/p>\n<p>Hay muchas razones por las que una motocicleta puede perder el control y chocar:<\/p>\n<ul>\n<li>Mal dise\u00f1o de las carreteras<\/li>\n<li>Mal mantenimiento de las carreteras<\/li>\n<li>Escombros en la carretera<\/li>\n<li>Fallo mec\u00e1nico<\/li>\n<li>Fauna corriendo delante de la moto<\/li>\n<li>Mala visibilidad o condiciones meteorol\u00f3gicas adversas<\/li>\n<li>Error del conductor<\/li>\n<li>Perder el control en un giro<\/li>\n<\/ul>\n<p>En muchos casos, puede ser necesaria una investigaci\u00f3n exhaustiva para averiguar exactamente qu\u00e9 ocurri\u00f3 y qu\u00e9 ha causado tu accidente.<\/p>\n<p><strong class=\"heading4\">Contactar con un abogado de accidentes tras tu colisi\u00f3n<\/strong><\/p>\n<p>Las compa\u00f1\u00edas de seguros se dedican a maximizar los beneficios en nombre de los accionistas. Cuando presentas una reclamaci\u00f3n a una compa\u00f1\u00eda de seguros, \u00e9sta puede parecer muy preocupada por tus lesiones. Es cierto que las personas que trabajan para la compa\u00f1\u00eda de seguros son probablemente buenas personas que se sienten realmente mal porque te hayas lesionado.  <\/p>\n<p>Sin embargo, en conjunto, a la empresa le interesa pagar el m\u00ednimo en las reclamaciones al seguro para preservar los beneficios. Pueden hacerlo llegando a un acuerdo contigo. Otra opci\u00f3n de las compa\u00f1\u00edas de seguros es conseguir que aceptes algo o que hagas declaraciones que puedan limitar la cantidad de dinero que puedes recuperar.  <\/p>\n<p>Adem\u00e1s, la propia forma de trabajar de las compa\u00f1\u00edas de seguros puede limitar el importe que puedes recuperar de una reclamaci\u00f3n al seguro. Por ejemplo, la mayor\u00eda de las compa\u00f1\u00edas de seguros anuncian que resuelven las reclamaciones muy r\u00e1pidamente. Aunque esto puede parecer muy atractivo, conseguir una oferta de inmediato suele ser muy dif\u00edcil. Por un lado, puede que necesites dinero de inmediato para las facturas m\u00e9dicas, la p\u00e9rdida de ingresos y otros gastos. Sin embargo, conseguir una evaluaci\u00f3n completa de tus lesiones y averiguar exactamente la gravedad de las mismas puede llevar alg\u00fan tiempo. Despu\u00e9s de haber aceptado el dinero del seguro, puedes descubrir que tus lesiones son m\u00e1s graves de lo que pensabas inicialmente. En ese momento, sin embargo, puede que sea demasiado tarde y que ya hayas renunciado a algunos de tus derechos.      <\/p>\n<p>En el Grupo Legal Flaxman, la principal preocupaci\u00f3n de nuestros abogados es tu total recuperaci\u00f3n. Cuando nos reunimos contigo, te ofrecemos una consulta gratuita y sin compromiso para que puedas reunirte con nosotros y revisar tus opciones sin sentirte obligado de ninguna manera y sin tener que pagar elevados costes legales. Podemos ayudarte a encontrar recursos locales, profesionales m\u00e9dicos, un coche de alquiler y otros recursos que puedas necesitar tras tu accidente. Trabajamos con honorarios condicionales, lo que significa que s\u00f3lo tendr\u00e1s que preocuparte de pagar los honorarios del abogado cuando hayamos recuperado dinero en tu nombre mediante una indemnizaci\u00f3n del jurado o un acuerdo negociado.   <\/p>\n<\/p><\/div>\n<\/p><\/div>\n","protected":false},"excerpt":{"rendered":"<p>Sin honorarios a menos que ganemos. Llama al 866-352-9626 para una &#8230; <\/p>\n","protected":false},"author":3,"featured_media":0,"parent":0,"menu_order":0,"comment_status":"closed","ping_status":"closed","template":"template-practice-areas.php","meta":{"footnotes":""},"class_list":["post-22320","page","type-page","status-publish","hentry"],"featured_image_src":null,"featured_image_src_square":null,"_links":{"self":[{"href":"https:\/\/flaxmanlaw.com\/es\/wp-json\/wp\/v2\/pages\/22320","targetHints":{"allow":["GET"]}}],"collection":[{"href":"https:\/\/flaxmanlaw.com\/es\/wp-json\/wp\/v2\/pages"}],"about":[{"href":"https:\/\/flaxmanlaw.com\/es\/wp-json\/wp\/v2\/types\/page"}],"author":[{"embeddable":true,"href":"https:\/\/flaxmanlaw.com\/es\/wp-json\/wp\/v2\/users\/3"}],"replies":[{"embeddable":true,"href":"https:\/\/flaxmanlaw.com\/es\/wp-json\/wp\/v2\/comments?post=22320"}],"version-history":[{"count":0,"href":"https:\/\/flaxmanlaw.com\/es\/wp-json\/wp\/v2\/pages\/22320\/revisions"}],"wp:attachment":[{"href":"https:\/\/flaxmanlaw.com\/es\/wp-json\/wp\/v2\/media?parent=22320"}],"curies":[{"name":"wp","href":"https:\/\/api.w.org\/{rel}","templated":true}]}}