{"id":22321,"date":"2024-11-18T12:44:35","date_gmt":"2024-11-18T12:44:35","guid":{"rendered":"https:\/\/flaxmanlaw.wpenginepowered.com\/impacto-lateral-en-miami-beach-abogados-de-accidentes-de-coche-en-el-condado-de-miami-dade\/"},"modified":"2024-11-18T12:44:35","modified_gmt":"2024-11-18T12:44:35","slug":"impacto-lateral-en-miami-beach-abogados-de-accidentes-de-coche-en-el-condado-de-miami-dade","status":"publish","type":"page","link":"https:\/\/flaxmanlaw.com\/es\/impacto-lateral-en-miami-beach-abogados-de-accidentes-de-coche-en-el-condado-de-miami-dade\/","title":{"rendered":"Impacto lateral en Miami Beach | Abogados de accidentes de coche en el condado de Miami-Dade"},"content":{"rendered":"<div class=\"bodytext\">\n<h2>Impacto lateral en Miami Beach<\/h1><\/h2>\n<div class=\"description\">\n<p>Seg\u00fan las estad\u00edsticas federales, los accidentes de coche por impacto lateral son los segundos, despu\u00e9s de las colisiones frontales, entre los tipos de accidentes de coche m\u00e1s peligrosos y mortales de la actualidad. Si has sufrido un accidente con impacto lateral, tienes m\u00e1s probabilidades de sufrir lesiones graves, simplemente porque hay menos zona de deformaci\u00f3n entre t\u00fa y el coche que impacta. Esto puede hacer que estos accidentes sean m\u00e1s mortales que los frontales o traseros, en los que s\u00ed hay zona de deformaci\u00f3n.  <\/p>\n<p>Los accidentes automovil\u00edsticos por impacto lateral en Miami Beach tambi\u00e9n son m\u00e1s propensos a involucrar velocidad en una intersecci\u00f3n, incrementando la severidad del accidente. Los abogados de accidentes automovil\u00edsticos por impacto lateral del Grupo Legal Flaxman han abogado poderosamente a favor de demandantes por accidentes automovil\u00edsticos y lesiones personales en Miami Beach y en todo Florida del Sur. Contacte hoy mismo al Grupo Legal Flaxman para averiguar qu\u00e9 podemos hacer en su situaci\u00f3n. Su consulta inicial es sin costo y sin compromiso.   <\/p>\n<p><strong class=\"heading4\">Accidentes en las intersecciones<\/strong><\/p>\n<p>A veces conocidos como colisiones laterales, colisiones en T o colisiones en \u00e1ngulo lateral, los accidentes de coche por impacto lateral se producen cuando un coche golpea el lateral de otro coche. En la mayor\u00eda de los casos, este tipo de colisiones se producen en los cruces, cuando alguien no se detiene ante una se\u00f1al de stop o un sem\u00e1foro en rojo. <\/p>\n<p>Como estos accidentes suelen producirse por la impaciencia del conductor, tambi\u00e9n es probable que se produzcan a gran velocidad. En los casos en que el conductor que se salta un sem\u00e1foro en rojo o una se\u00f1al de stop va en un todoterreno, un cami\u00f3n comercial o una camioneta, los resultados pueden ser especialmente devastadores. Un cami\u00f3n grande que golpea el lateral de un turismo suele provocar lesiones catastr\u00f3ficas y es probable que provoque lesiones mortales.  <\/p>\n<p><strong class=\"heading4\">\u00bfQui\u00e9n es responsable tras mi accidente por colisi\u00f3n lateral?<\/strong><\/p>\n<p>Determinar la responsabilidad tras un accidente de coche con impacto lateral es uno de los primeros pasos para buscar una recuperaci\u00f3n o indemnizaci\u00f3n tras tu accidente de tr\u00e1fico. En la mayor\u00eda de los casos, estos accidentes se producen porque alguien se ha saltado un sem\u00e1foro en rojo, no ha cedido el paso o se ha saltado una se\u00f1al de stop. En estos casos, se considera responsable a la persona que ha desobedecido la norma de tr\u00e1fico.  <\/p>\n<p>Sin embargo, puede haber tambi\u00e9n otras partes responsables y otros tipos de reclamaci\u00f3n posibles, dependiendo de las particularidades del caso. Por ejemplo, si el conductor no pudo frenar debido a un fallo mec\u00e1nico, puede haber un fabricante que tambi\u00e9n sea parcialmente responsable del accidente. En estos casos, puede ser posible una reclamaci\u00f3n de responsabilidad por productos defectuosos.  <\/p>\n<p>En situaciones en las que el conductor culpable era un empleado o conduc\u00eda un cami\u00f3n comercial, el empresario del conductor puede ser considerado parcialmente responsable si sus pol\u00edticas dieron lugar a un conductor fatigado o sin formaci\u00f3n. Si la causa fue una se\u00f1alizaci\u00f3n de tr\u00e1fico deficiente, tambi\u00e9n puede haber otros responsables m\u00faltiples. <\/p>\n<p>Para determinar qui\u00e9n es responsable en tu accidente, es importante hablar con un abogado de lesiones personales en Miami Beach sobre tu caso y para obtener una evaluaci\u00f3n gratuita del mismo. Si usted ha resultado lesionado, <a href=\"contacta con nosotros.html\">contacte al equipo jur\u00eddico del Grupo Legal Flaxman<\/a> para obtener una evaluaci\u00f3n gratuita de su caso. <\/p>\n<\/p><\/div>\n<\/p><\/div>\n","protected":false},"excerpt":{"rendered":"<p>Sin honorarios a menos que ganemos. Llama al 866-352-9626 para una &#8230; <\/p>\n","protected":false},"author":3,"featured_media":0,"parent":0,"menu_order":0,"comment_status":"closed","ping_status":"closed","template":"template-practice-areas.php","meta":{"footnotes":""},"class_list":["post-22321","page","type-page","status-publish","hentry"],"featured_image_src":null,"featured_image_src_square":null,"_links":{"self":[{"href":"https:\/\/flaxmanlaw.com\/es\/wp-json\/wp\/v2\/pages\/22321","targetHints":{"allow":["GET"]}}],"collection":[{"href":"https:\/\/flaxmanlaw.com\/es\/wp-json\/wp\/v2\/pages"}],"about":[{"href":"https:\/\/flaxmanlaw.com\/es\/wp-json\/wp\/v2\/types\/page"}],"author":[{"embeddable":true,"href":"https:\/\/flaxmanlaw.com\/es\/wp-json\/wp\/v2\/users\/3"}],"replies":[{"embeddable":true,"href":"https:\/\/flaxmanlaw.com\/es\/wp-json\/wp\/v2\/comments?post=22321"}],"version-history":[{"count":0,"href":"https:\/\/flaxmanlaw.com\/es\/wp-json\/wp\/v2\/pages\/22321\/revisions"}],"wp:attachment":[{"href":"https:\/\/flaxmanlaw.com\/es\/wp-json\/wp\/v2\/media?parent=22321"}],"curies":[{"name":"wp","href":"https:\/\/api.w.org\/{rel}","templated":true}]}}