{"id":22327,"date":"2024-11-18T12:44:35","date_gmt":"2024-11-18T12:44:35","guid":{"rendered":"https:\/\/flaxmanlaw.wpenginepowered.com\/accidentes-de-vuelco-en-miami-beach-abogados-de-accidentes-de-coche-en-el-condado-de-miami-dade\/"},"modified":"2024-11-18T12:44:35","modified_gmt":"2024-11-18T12:44:35","slug":"accidentes-de-vuelco-en-miami-beach-abogados-de-accidentes-de-coche-en-el-condado-de-miami-dade","status":"publish","type":"page","link":"https:\/\/flaxmanlaw.com\/es\/accidentes-de-vuelco-en-miami-beach-abogados-de-accidentes-de-coche-en-el-condado-de-miami-dade\/","title":{"rendered":"Accidentes de vuelco en Miami Beach | Abogados de accidentes de coche en el condado de Miami-Dade"},"content":{"rendered":"<div class=\"bodytext\">\n<h2>Accidentes por vuelco en Miami Beach<\/h1><\/h2>\n<div class=\"description\">\n<p>Los accidentes por vuelco pueden ocurrir cuando un conductor pierde el control del veh\u00edculo y el coche choca contra otro veh\u00edculo, un bordillo, un bache, una barandilla o cualquier superficie irregular. En algunos casos, estas colisiones automovil\u00edsticas en Miami Beach y comunidades circundantes se producen cuando el veh\u00edculo simplemente empieza a deslizarse y un mal dise\u00f1o del coche o una construcci\u00f3n demasiado pesada hacen que el coche vuelque. Los veh\u00edculos tambi\u00e9n pueden volcar o volcar si los conductores giran o se desv\u00edan a gran velocidad.  <\/p>\n<p>Usted merece una representaci\u00f3n probada y agresiva si ha sufrido lesiones graves como resultado de un accidente automovil\u00edstico. Los abogados del Grupo Legal Flaxman cuentan con m\u00e1s de seis d\u00e9cadas de experiencia manejando miles de casos de lesiones personales y accidentes automovil\u00edsticos. De hecho, nuestros abogados ya han recuperado m\u00e1s de 100 millones de d\u00f3lares en victorias judiciales y acuerdos a favor de demandantes que han sufrido lesiones catastr\u00f3ficas por negligencia. Si usted desea saber qu\u00e9 leyes de Florida se aplican a su caso y cu\u00e1les son sus opciones legales, contacte hoy mismo al Grupo Legal Flaxman llamando al 866-352-9626 o utilizando nuestro sitio web.   <\/p>\n<p><strong class=\"heading4\">\u00bfC\u00f3mo funcionan las demandas por vuelco?<\/strong><\/p>\n<p>En muchos casos, si has sido v\u00edctima de un accidente de tr\u00e1fico con vuelco por causas ajenas a tu voluntad, tendr\u00e1s que demostrar la negligencia de un gobierno municipal, un fabricante u otro conductor. Por ejemplo, si has sufrido un accidente de tr\u00e1fico de un solo veh\u00edculo en Miami Beach, en muchos casos este tipo de choques se producen debido a un dise\u00f1o deficiente de la carretera o a unas condiciones peligrosas de la misma. Si un terrapl\u00e9n estaba mal dise\u00f1ado o si hab\u00eda escombros en la carretera, podr\u00edas iniciar una reclamaci\u00f3n legal basada en estas condiciones.  <\/p>\n<p>Si tu accidente con un solo veh\u00edculo fue causado por un fallo mec\u00e1nico, un mal dise\u00f1o del coche, neum\u00e1ticos defectuosos u otro problema de responsabilidad por productos defectuosos, es posible que puedas presentar una demanda de responsabilidad por productos defectuosos en Miami Springs o en tu comunidad contra el fabricante del coche. Si en tu accidente se vieron implicados varios veh\u00edculos, el otro conductor puede tener la culpa o puede haber varias partes responsables en tu caso. <\/p>\n<p>Los accidentes por vuelco se producen por muchas razones, pero muchos de ellos se deben a otros conductores. Hay muchos tipos de conducci\u00f3n peligrosa que pueden provocar un vuelco. Los conductores pueden golpear tu veh\u00edculo con suficiente impacto como para volcarlo. Pueden empujar tu coche contra un terrapl\u00e9n o cortarte el paso, provocando un accidente de coche con vuelco. Si te ha ocurrido esto, puedes buscar soluciones mediante una reclamaci\u00f3n judicial. Sin embargo, para tener \u00e9xito, tendr\u00e1s que reunir buenas pruebas y un s\u00f3lido testimonio pericial para tu caso. Para ello, es importante trabajar con un equipo profesional y experimentado de abogados especialistas en lesiones personales que sepan c\u00f3mo resolver estos casos y conozcan bien los problemas que plantean este tipo de demandas por accidente de coche.      <\/p>\n<p><strong class=\"heading4\">Consigue una representaci\u00f3n excelente para tu reclamaci\u00f3n por accidente de tr\u00e1fico<\/strong><\/p>\n<p>Los abogados del Grupo Legal Flaxman te ofrecen la experiencia que puedes necesitar para tu caso. Nuestros abogados tienen m\u00e1s de seis d\u00e9cadas de experiencia combinada en juicios, as\u00ed como una extensa experiencia negociando con compa\u00f1\u00edas de seguros y demandantes. Ya sea que est\u00e9s buscando una oferta de compensaci\u00f3n justa o quieras saber m\u00e1s sobre tus derechos legales, siempre puedes contactar a nuestra firma de servicios integrales a cualquier hora del d\u00eda o de la noche.  <\/p>\n<\/p><\/div>\n<\/p><\/div>\n","protected":false},"excerpt":{"rendered":"<p>Sin honorarios a menos que ganemos. Llama al 866-352-9626 para una &#8230; <\/p>\n","protected":false},"author":3,"featured_media":0,"parent":0,"menu_order":0,"comment_status":"closed","ping_status":"closed","template":"template-practice-areas.php","meta":{"footnotes":""},"class_list":["post-22327","page","type-page","status-publish","hentry"],"featured_image_src":null,"featured_image_src_square":null,"_links":{"self":[{"href":"https:\/\/flaxmanlaw.com\/es\/wp-json\/wp\/v2\/pages\/22327","targetHints":{"allow":["GET"]}}],"collection":[{"href":"https:\/\/flaxmanlaw.com\/es\/wp-json\/wp\/v2\/pages"}],"about":[{"href":"https:\/\/flaxmanlaw.com\/es\/wp-json\/wp\/v2\/types\/page"}],"author":[{"embeddable":true,"href":"https:\/\/flaxmanlaw.com\/es\/wp-json\/wp\/v2\/users\/3"}],"replies":[{"embeddable":true,"href":"https:\/\/flaxmanlaw.com\/es\/wp-json\/wp\/v2\/comments?post=22327"}],"version-history":[{"count":0,"href":"https:\/\/flaxmanlaw.com\/es\/wp-json\/wp\/v2\/pages\/22327\/revisions"}],"wp:attachment":[{"href":"https:\/\/flaxmanlaw.com\/es\/wp-json\/wp\/v2\/media?parent=22327"}],"curies":[{"name":"wp","href":"https:\/\/api.w.org\/{rel}","templated":true}]}}