{"id":22328,"date":"2024-11-18T12:44:35","date_gmt":"2024-11-18T12:44:35","guid":{"rendered":"https:\/\/flaxmanlaw.wpenginepowered.com\/resbalones-y-caidas-en-miami-beach-abogados-de-responsabilidad-de-locales-en-el-condado-de-miami-dade\/"},"modified":"2024-11-18T12:44:35","modified_gmt":"2024-11-18T12:44:35","slug":"resbalones-y-caidas-en-miami-beach-abogados-de-responsabilidad-de-locales-en-el-condado-de-miami-dade","status":"publish","type":"page","link":"https:\/\/flaxmanlaw.com\/es\/resbalones-y-caidas-en-miami-beach-abogados-de-responsabilidad-de-locales-en-el-condado-de-miami-dade\/","title":{"rendered":"Resbalones y Ca\u00eddas en Miami Beach | Abogados de Responsabilidad de Locales en el Condado de Miami-Dade"},"content":{"rendered":"<div class=\"bodytext\">\n<h2>Resbal\u00f3n y ca\u00edda en Miami Beach<\/h1><\/h2>\n<div class=\"description\">\n<p>Miami Beach es famosa por sus playas y su vibrante vida nocturna. Visita Ocean drive para contemplar las playas de arena y los grupos de gente disfrutando del buen tiempo. Si te gusta el domin\u00f3, puedes ver partidas trepidantes en el Parque M\u00e1ximo G\u00f3mez. La playa, por supuesto, es la mayor atracci\u00f3n, aunque los edificios art d\u00e9co de la ciudad han hecho mundialmente famosa a la comunidad. En Miami Beach hay unos 800 edificios art d\u00e9co de las d\u00e9cadas de 1920 y 1930, lo que convierte a la ciudad en una de las mayores colecciones de este tipo de arquitectura. El museo Wolfsonian, el parque Lummus y el hermoso y antiguo ayuntamiento son destinos tur\u00edsticos populares de la ciudad y tambi\u00e9n constituyen importantes atracciones para los residentes de Miami Beach.     <\/p>\n<p>Como todas las ciudades del sur de Florida, Miami Beach sufre su buena dosis de accidentes y lesiones, incluidos <a href=\"accidentes por resbalones y ca\u00eddas.html\">los accidentes<\/a> por <a href=\"accidentes por resbalones y ca\u00eddas.html\">resbal\u00f3n y ca\u00edda<\/a> en Florida. Si has sufrido una lesi\u00f3n por resbal\u00f3n y ca\u00edda en Miami Beach, no intentes resolver el problema t\u00fa solo. Despu\u00e9s de tu accidente por resbal\u00f3n y ca\u00edda en Miami Beach, probablemente necesitar\u00e1s enfocarte en asuntos a corto plazo, como sanar y recuperarte de tus lesiones. Deje que el Grupo Legal Flaxman se encargue de la planeaci\u00f3n a largo plazo por usted. Mientras t\u00fa pasas tiempo con tu familia y te enfocas en recuperarte completamente de tus lesiones, el Grupo Legal Flaxman puede llevar tu caso, ayudarte a evaluar los costos totales de tus lesiones, y buscar la recuperaci\u00f3n para ti.    <\/p>\n<p>Las lesiones por resbal\u00f3n y ca\u00edda en Miami Beach pueden ser graves. Tanto si resbalas en una tienda como al visitar un parque p\u00fablico o de atracciones, tu ca\u00edda puede provocar f\u00e1cilmente fracturas \u00f3seas o de cadera, e incluso lesiones cerebrales graves. La fuerza de la ca\u00edda puede ser lo bastante grave como para causar una lesi\u00f3n cerebral grave en Florida, que requiera intervenci\u00f3n quir\u00fargica. Un accidente por resbal\u00f3n y ca\u00edda en Florida puede dejarte incapacitado para trabajar durante meses y puede dejarte con grandes facturas m\u00e9dicas. Si tu ca\u00edda fue causada por la negligencia o imprudencia de alguien, puedes tener derecho a m\u00e1s compensaci\u00f3n de la que crees bajo las leyes de Florida. <a href=\"contacta con nosotros.html\">Contacta<\/a> hoy mismo <a href=\"contacta con nosotros.html\">con<\/a> el Grupo Legal Flaxman para averiguar cu\u00e1les son tus derechos y opciones, antes de renunciar a ning\u00fan derecho.    <\/p>\n<p>Si has sufrido un accidente por resbal\u00f3n y ca\u00edda en Miami Beach, es probable que tengas que negociar con grandes empresas, como las compa\u00f1\u00edas de seguros. Sobre todo si tu accidente tuvo lugar en una zona propiedad de una gran empresa. Las grandes compa\u00f1\u00edas tienen investigadores privados y equipos de excelentes abogados trabajando para ellas &#8211; \u00bfno mereces t\u00fa tambi\u00e9n a alguien de tu lado? Con el Grupo Legal Flaxman, no tienes por qu\u00e9 enfrentarte solo a tu accidente. Contacta hoy mismo al <a href=\"index.html\">Grupo Legal<\/a> Flaxman para programar una consulta gratuita sobre accidentes y hablar sobre tu caso. Quiz\u00e1 te sorprenda descubrir que puedes ser elegible para recibir m\u00e1s compensaci\u00f3n de la que crees.     <\/p>\n<p>Puedes conducir desde Miami Beach hasta el despacho del Grupo Legal Flaxman en unos 18 minutos. S\u00f3lo tienes que dirigirte al este hacia A1A N por Lincoln Road y girar a la derecha en Collins Ave. Gira otra vez a la derecha en 5th St y conduce hasta la I-395 W y luego hasta la FL-836 W. Sal en la FL-959 S y gira a la derecha en Blue Lagoon Dr., donde est\u00e1n las oficinas del Grupo Legal Flaxman, en el 6303 de Blue Lagoon Drive. Recuerda: si est\u00e1s demasiado lesionado para conducir, el Grupo Legal Flaxman tambi\u00e9n estar\u00e1 encantado de organizar una consulta gratuita por accidente en tu lugar de trabajo, casa, o habitaci\u00f3n de hospital.<\/p>\n<\/p><\/div>\n<\/p><\/div>\n","protected":false},"excerpt":{"rendered":"<p>Sin honorarios a menos que ganemos. Llama al 866-352-9626 para una &#8230; <\/p>\n","protected":false},"author":3,"featured_media":0,"parent":0,"menu_order":0,"comment_status":"closed","ping_status":"closed","template":"template-practice-areas.php","meta":{"footnotes":""},"class_list":["post-22328","page","type-page","status-publish","hentry"],"featured_image_src":null,"featured_image_src_square":null,"_links":{"self":[{"href":"https:\/\/flaxmanlaw.com\/es\/wp-json\/wp\/v2\/pages\/22328","targetHints":{"allow":["GET"]}}],"collection":[{"href":"https:\/\/flaxmanlaw.com\/es\/wp-json\/wp\/v2\/pages"}],"about":[{"href":"https:\/\/flaxmanlaw.com\/es\/wp-json\/wp\/v2\/types\/page"}],"author":[{"embeddable":true,"href":"https:\/\/flaxmanlaw.com\/es\/wp-json\/wp\/v2\/users\/3"}],"replies":[{"embeddable":true,"href":"https:\/\/flaxmanlaw.com\/es\/wp-json\/wp\/v2\/comments?post=22328"}],"version-history":[{"count":0,"href":"https:\/\/flaxmanlaw.com\/es\/wp-json\/wp\/v2\/pages\/22328\/revisions"}],"wp:attachment":[{"href":"https:\/\/flaxmanlaw.com\/es\/wp-json\/wp\/v2\/media?parent=22328"}],"curies":[{"name":"wp","href":"https:\/\/api.w.org\/{rel}","templated":true}]}}