{"id":22329,"date":"2024-11-18T12:44:35","date_gmt":"2024-11-18T12:44:35","guid":{"rendered":"https:\/\/flaxmanlaw.wpenginepowered.com\/colisiones-por-girar-a-la-izquierda-en-miami-beach-abogados-de-accidentes-de-coche-en-el-condado-de-miami-dade\/"},"modified":"2024-11-18T12:44:35","modified_gmt":"2024-11-18T12:44:35","slug":"colisiones-por-girar-a-la-izquierda-en-miami-beach-abogados-de-accidentes-de-coche-en-el-condado-de-miami-dade","status":"publish","type":"page","link":"https:\/\/flaxmanlaw.com\/es\/colisiones-por-girar-a-la-izquierda-en-miami-beach-abogados-de-accidentes-de-coche-en-el-condado-de-miami-dade\/","title":{"rendered":"Colisiones por girar a la izquierda en Miami Beach | Abogados de accidentes de coche en el condado de Miami-Dade"},"content":{"rendered":"<div class=\"bodytext\">\n<h2>Colisiones por girar a la izquierda en Miami Beach<\/h1><\/h2>\n<div class=\"description\">\n<p>Las colisiones de coches y camiones que giran a la izquierda ocurren en Miami Beach porque los conductores no ceden el paso, conducen imprudentemente o conducen distra\u00eddos. En muchos casos, estos accidentes podr\u00edan evitarse si los automovilistas obedecieran las normas de circulaci\u00f3n y condujeran con cuidado. <\/p>\n<p>Si has resultado herido en una colisi\u00f3n por giro a la izquierda, tienes opciones legales. Usted puede negociar con su aseguradora una compensaci\u00f3n justa y en algunos casos puede tener una demanda legal contra las partes responsables en su caso. Para saber m\u00e1s, contacta al Grupo Legal Flaxman para una revisi\u00f3n gratuita de tu caso.  <\/p>\n<p><strong class=\"heading4\">Preguntas frecuentes sobre los accidentes por girar a la izquierda en Miami Beach y Florida<\/strong><\/p>\n<p>Los abogados del Grupo Legal Flaxman tienden a o\u00edr las mismas preguntas una y otra vez cuando se trata de colisiones de tr\u00e1fico. Estas preguntas incluyen: <\/p>\n<p><strong>1) \u00bfQu\u00e9 debo hacer tras mi accidente de tr\u00e1fico?<\/strong><\/p>\n<p>Tu primera prioridad tras un accidente de tr\u00e1fico ser\u00e1 probablemente recibir atenci\u00f3n m\u00e9dica o una evaluaci\u00f3n m\u00e9dica, aunque no tengas ning\u00fan s\u00edntoma de inmediato. Querr\u00e1s eliminar cualquier posibilidad de lesiones en la cabeza, lesiones en los tejidos blandos y otras lesiones graves que puedan derivarse de tu accidente pero que tal vez no muestren s\u00edntomas de inmediato. Tambi\u00e9n querr\u00e1s documentar cualquier prueba que haya en el lugar del accidente, como hacer fotos del lugar del accidente u obtener informaci\u00f3n de contacto de los testigos y del otro conductor. Adem\u00e1s, querr\u00e1s cuidarte bien y ponerte en contacto con un abogado de lesiones personales inmediatamente despu\u00e9s del accidente, para preservar tus derechos y poder presentar una reclamaci\u00f3n legal.   <\/p>\n<p><strong>  2) \u00bfNecesito realmente ayuda jur\u00eddica?<\/strong><\/p>\n<p>En la mayor\u00eda de los casos, es buena idea obtener al menos asesoramiento jur\u00eddico. Aunque creas que est\u00e1s cubierto por el seguro de accidentes, un abogado puede revisar contigo las ofertas del seguro o las ofertas de acuerdo y puede ayudarte a comprender si es probable que esas ofertas cubran el coste total de tus lesiones. <\/p>\n<p>Si tienes una reclamaci\u00f3n legal que pueda conseguirte una indemnizaci\u00f3n justa que te ayude a pagar la mayor parte de tus da\u00f1os, un abogado especializado en lesiones personales puede ayudarte a comprender la fuerza y el valor de tu caso. Igualmente importante, un abogado de lesiones personales tambi\u00e9n puede evitar que renuncies inadvertidamente a tus derechos y puede garantizar la protecci\u00f3n de tus derechos e intereses. Aunque no est\u00e9s seguro de si quieres presentar una reclamaci\u00f3n judicial y aunque est\u00e9s relativamente seguro de que tu aseguradora te est\u00e1 haciendo una oferta justa, es muy buena idea recabar tambi\u00e9n una opini\u00f3n jur\u00eddica. Puede protegerte a ti y a tu familia de una devastaci\u00f3n econ\u00f3mica posterior.   <\/p>\n<p>\u00bfDesea hablar con un abogado especializado en ayudar a las v\u00edctimas a defender sus derechos? Los abogados del Grupo Legal Flaxman tienen un historial de recuperar m\u00e1s de $100 millones de d\u00f3lares a favor de miles de demandantes por lesiones personales en todo Florida del Sur. Hemos manejado casos de accidentes de cami\u00f3n, casos de accidentes en intersecciones, y otros casos de accidentes automovil\u00edsticos y de cami\u00f3n en toda la regi\u00f3n. Trabajamos con un equipo de investigadores privados, ingenieros, peritos y otros profesionales. Si usted desea averiguar qu\u00e9 opciones tiene despu\u00e9s de sufrir lesiones graves, <a href=\"contacta con nosotros.html\">contacte<\/a> al Grupo Legal Flaxman al 866-352-9626 para una revisi\u00f3n de su caso gratuita y sin compromiso.    <\/p>\n<\/p><\/div>\n<\/p><\/div>\n","protected":false},"excerpt":{"rendered":"<p>Sin honorarios a menos que ganemos. Llama al 866-352-9626 para una &#8230; <\/p>\n","protected":false},"author":3,"featured_media":0,"parent":0,"menu_order":0,"comment_status":"closed","ping_status":"closed","template":"template-practice-areas.php","meta":{"footnotes":""},"class_list":["post-22329","page","type-page","status-publish","hentry"],"featured_image_src":null,"featured_image_src_square":null,"_links":{"self":[{"href":"https:\/\/flaxmanlaw.com\/es\/wp-json\/wp\/v2\/pages\/22329","targetHints":{"allow":["GET"]}}],"collection":[{"href":"https:\/\/flaxmanlaw.com\/es\/wp-json\/wp\/v2\/pages"}],"about":[{"href":"https:\/\/flaxmanlaw.com\/es\/wp-json\/wp\/v2\/types\/page"}],"author":[{"embeddable":true,"href":"https:\/\/flaxmanlaw.com\/es\/wp-json\/wp\/v2\/users\/3"}],"replies":[{"embeddable":true,"href":"https:\/\/flaxmanlaw.com\/es\/wp-json\/wp\/v2\/comments?post=22329"}],"version-history":[{"count":0,"href":"https:\/\/flaxmanlaw.com\/es\/wp-json\/wp\/v2\/pages\/22329\/revisions"}],"wp:attachment":[{"href":"https:\/\/flaxmanlaw.com\/es\/wp-json\/wp\/v2\/media?parent=22329"}],"curies":[{"name":"wp","href":"https:\/\/api.w.org\/{rel}","templated":true}]}}