{"id":22330,"date":"2024-11-18T12:44:36","date_gmt":"2024-11-18T12:44:36","guid":{"rendered":"https:\/\/flaxmanlaw.wpenginepowered.com\/averias-de-maquinaria-pesada-en-miami-gardens-abogados-de-accidentes-del-condado-de-miami-dade\/"},"modified":"2024-11-18T12:44:36","modified_gmt":"2024-11-18T12:44:36","slug":"averias-de-maquinaria-pesada-en-miami-gardens-abogados-de-accidentes-del-condado-de-miami-dade","status":"publish","type":"page","link":"https:\/\/flaxmanlaw.com\/es\/averias-de-maquinaria-pesada-en-miami-gardens-abogados-de-accidentes-del-condado-de-miami-dade\/","title":{"rendered":"Aver\u00edas de maquinaria pesada en Miami Gardens | Abogados de accidentes del condado de Miami-Dade"},"content":{"rendered":"<div class=\"bodytext\">\n<h2>Aver\u00edas de maquinaria pesada en Miami Gardens<\/h1><\/h2>\n<div class=\"description\">\n<p>No es sorprendente que los trabajadores que trabajan con maquinaria pesada tengan tambi\u00e9n los \u00edndices m\u00e1s altos de lesiones. Los equipos pesados, como carretillas elevadoras, retroexcavadoras, elevadores, excavadoras, minicargadoras, gr\u00faas y otra maquinaria, pueden funcionar mal en cualquier momento y causar lesiones graves o incluso muertes en Miami Gardens y otras regiones de Florida. <\/p>\n<p>\u00bfT\u00fa o un ser querido hab\u00e9is sufrido lesiones graves por un fallo de maquinaria pesada? Si es as\u00ed, puedes tener una demanda por lesiones personales si el accidente y las lesiones fueron causados por un defecto de la maquinaria o por negligencia. Si quieres saber si tienes un caso, puedes obtener asesor\u00eda legal sobre tu situaci\u00f3n en una cita gratuita con el Grupo Legal Flaxman. Puedes programar tu consulta llamando al 866-352-9626 o a trav\u00e9s del sitio web del Grupo Legal Flaxman.   <\/p>\n<p><strong class=\"heading4\">\u00bfQu\u00e9 puede contribuir al fallo de la maquinaria pesada?<\/strong><\/p>\n<p>En el lugar de trabajo y en otros entornos, hay muchas cosas que pueden provocar aver\u00edas en la maquinaria pesada, entre ellas:<\/p>\n<ul>\n<li>Los empresarios no proporcionan una formaci\u00f3n adecuada para el uso del equipo<\/li>\n<li>Elevada rotaci\u00f3n, que lleva a trabajadores inexpertos a utilizar equipos peligrosos<\/li>\n<li>Negligencia de otros trabajadores al manipular los equipos<\/li>\n<li>Violaci\u00f3n de los protocolos de seguridad<\/li>\n<li>Mantenimiento incorrecto<\/li>\n<li>Supervisi\u00f3n inadecuada<\/li>\n<li>Los empresarios recortan gastos al no sustituir los equipos que se han desgastado o da\u00f1ado y, por tanto, son inseguros<\/li>\n<li>Defectos de fabricaci\u00f3n del equipo<\/li>\n<li>Falta de material de seguridad adecuado para el equipo utilizado<\/li>\n<\/ul>\n<p><strong class=\"heading4\">\u00bfTengo una reclamaci\u00f3n legal?<\/strong><\/p>\n<p>Si te has lesionado en un accidente laboral, especialmente en cualquier accidente en el que est\u00e9 implicada maquinaria pesada, es probable que hayas sufrido lesiones graves. En estas situaciones, es importante consultar a un abogado de lesiones personales en Miami Gardens o en tu comunidad. Aunque tengas derecho a la indemnizaci\u00f3n por accidente laboral, ten en cuenta que la indemnizaci\u00f3n por accidente laboral en Miami Gardens puede no pagar la totalidad de los gastos m\u00e9dicos ni la totalidad de los salarios perdidos, especialmente si tus lesiones son graves o permanentes.  <\/p>\n<p>Un abogado de lesiones personales puede revisar los detalles de tu caso e investigar tus lesiones para determinar exactamente qu\u00e9 ocurri\u00f3. Dependiendo de tu situaci\u00f3n, puedes tener un caso de homicidio culposo, un caso de responsabilidad por productos defectuosos, un caso de responsabilidad de las instalaciones u otro tipo de reclamaci\u00f3n por lesiones personales. Perseguir a todas las partes responsables en tu situaci\u00f3n puede aumentar tus posibilidades de obtener una indemnizaci\u00f3n justa para que puedas centrarte en volver a una vida normal tras el accidente.  <\/p>\n<p>Por desgracia, muchos casos de aver\u00eda de maquinaria pesada y de responsabilidad por productos defectuosos se convierten en casos de homicidio culposo, porque este tipo de lesiones suelen provocar muertes. Una persona suele tener muy pocas defensas contra una pieza de maquinaria pesada que pesa muchas veces el peso de una persona. Si has perdido a un ser querido debido a un accidente en una obra de construcci\u00f3n o a un fallo de la maquinaria pesada, ponte en contacto con <a href=\"contacta con nosotros.html\">el Grupo Legal Flaxman<\/a> para hablar sobre la posibilidad de presentar una demanda por homicidio culposo y solicitar una indemnizaci\u00f3n por los gastos m\u00e9dicos finales, los gastos funerarios, la p\u00e9rdida de ingresos, el dolor y el sufrimiento, la p\u00e9rdida de compa\u00f1\u00eda y otros da\u00f1os. Por supuesto, nada puede traer de vuelta a tu ser querido, pero buscar una indemnizaci\u00f3n justa puede ayudarte a ti y a tu familia a pagar parte de la angustia financiera que puede producirse tras un accidente grave.   <\/p>\n<\/p><\/div>\n<\/p><\/div>\n","protected":false},"excerpt":{"rendered":"<p>Sin honorarios a menos que ganemos. Llama al 866-352-9626 para una &#8230; <\/p>\n","protected":false},"author":3,"featured_media":0,"parent":0,"menu_order":0,"comment_status":"closed","ping_status":"closed","template":"template-practice-areas.php","meta":{"footnotes":""},"class_list":["post-22330","page","type-page","status-publish","hentry"],"featured_image_src":null,"featured_image_src_square":null,"_links":{"self":[{"href":"https:\/\/flaxmanlaw.com\/es\/wp-json\/wp\/v2\/pages\/22330","targetHints":{"allow":["GET"]}}],"collection":[{"href":"https:\/\/flaxmanlaw.com\/es\/wp-json\/wp\/v2\/pages"}],"about":[{"href":"https:\/\/flaxmanlaw.com\/es\/wp-json\/wp\/v2\/types\/page"}],"author":[{"embeddable":true,"href":"https:\/\/flaxmanlaw.com\/es\/wp-json\/wp\/v2\/users\/3"}],"replies":[{"embeddable":true,"href":"https:\/\/flaxmanlaw.com\/es\/wp-json\/wp\/v2\/comments?post=22330"}],"version-history":[{"count":0,"href":"https:\/\/flaxmanlaw.com\/es\/wp-json\/wp\/v2\/pages\/22330\/revisions"}],"wp:attachment":[{"href":"https:\/\/flaxmanlaw.com\/es\/wp-json\/wp\/v2\/media?parent=22330"}],"curies":[{"name":"wp","href":"https:\/\/api.w.org\/{rel}","templated":true}]}}