{"id":22331,"date":"2024-11-18T12:44:36","date_gmt":"2024-11-18T12:44:36","guid":{"rendered":"https:\/\/flaxmanlaw.wpenginepowered.com\/choque-frontal-en-miami-gardens-abogados-de-accidentes-de-coche-en-el-condado-de-miami-dade\/"},"modified":"2024-11-18T12:44:36","modified_gmt":"2024-11-18T12:44:36","slug":"choque-frontal-en-miami-gardens-abogados-de-accidentes-de-coche-en-el-condado-de-miami-dade","status":"publish","type":"page","link":"https:\/\/flaxmanlaw.com\/es\/choque-frontal-en-miami-gardens-abogados-de-accidentes-de-coche-en-el-condado-de-miami-dade\/","title":{"rendered":"Choque frontal en Miami Gardens | Abogados de accidentes de coche en el condado de Miami-Dade"},"content":{"rendered":"<div class=\"bodytext\">\n<h2>Choque frontal en Miami Gardens<\/h1><\/h2>\n<div class=\"description\">\n<p>Uno de los peores tipos de accidentes de coche en Miami Gardens o en cualquier comunidad es el choque frontal. Esto se debe a que este tipo de accidentes suelen ocurrir a toda velocidad. En este tipo de accidentes, dos coches chocan frontalmente, en \u00e1ngulo o de frente. Este tipo de accidentes se producen cuando un coche circula en sentido contrario por una calle o carretera. Esto puede ocurrir por un giro equivocado o porque un coche se incorpora a un carril contrario. Las lesiones medulares, las lesiones craneales y otras lesiones graves son el resultado habitual de este tipo de colisiones de tr\u00e1fico.     <\/p>\n<p>Los abogados <a href=\"index.html\">del Grupo Legal Flaxman<\/a> han visto de primera mano el tipo de devastaci\u00f3n que puede ocurrir despu\u00e9s de un choque frontal. Este tipo de accidentes suelen aparecer en las noticias y pueden devastar las vidas de los supervivientes durante muchos a\u00f1os. Si has resultado herido en este tipo de accidente de tr\u00e1fico, nos gustar\u00eda poder ayudarte. Siempre puedes ponerte en contacto con nosotros en el 866-352-9626 para concertar una consulta gratuita sobre tu caso.   <\/p>\n<p><strong class=\"heading4\">Los choques frontales en Miami Gardens son caros: \u00bfest\u00e1s protegido?<\/strong><\/p>\n<p>Despu\u00e9s de sufrir un accidente de coche grave y lesiones, puedes pensar que est\u00e1s protegido. Al fin y al cabo, probablemente pagas cada a\u00f1o importantes cantidades de dinero por las primas del seguro del coche. Por desgracia, los accidentes frontales pueden ser muy caros y puede que no est\u00e9s tan cubierto como crees. Este tipo de accidentes conllevan costes importantes, entre otros:   <\/p>\n<ul>\n<li>Salarios perdidos<\/li>\n<li>Futuras oportunidades de ingresos perdidas<\/li>\n<li>Costes de reparaci\u00f3n y sustituci\u00f3n del coche<\/li>\n<li>Reposici\u00f3n de los bienes personales que estuvieran en el coche y resultaran da\u00f1ados durante el accidente<\/li>\n<li>Atenci\u00f3n m\u00e9dica de urgencia<\/li>\n<li>Transporte de ida y vuelta a hospitales o citas m\u00e9dicas<\/li>\n<li>Rehabilitaci\u00f3n, fisioterapia y otros tratamientos a largo plazo<\/li>\n<li>Costes quir\u00fargicos<\/li>\n<li>Aparatos m\u00e9dicos como sillas de ruedas, pr\u00f3tesis, aparatos ortop\u00e9dicos, muletas y otros art\u00edculos<\/li>\n<li>Medicaci\u00f3n<\/li>\n<li>Gastos accesorios<\/li>\n<\/ul>\n<p>Aunque las aseguradoras ayudar\u00e1n a hacerse cargo de algunos de estos gastos, especialmente el coste de un coche de alquiler y los gastos de reparaci\u00f3n del coche, el seguro no suele hacerse cargo de todos los gastos, especialmente si has sufrido una lesi\u00f3n permanente o grave. En la mayor\u00eda de los casos, las compa\u00f1\u00edas de seguros quieren resolver las reclamaciones de forma r\u00e1pida y econ\u00f3mica. Puede que no tengan en cuenta la gravedad de tus lesiones, tus oportunidades de p\u00e9rdida de ingresos a largo plazo, la atenci\u00f3n m\u00e9dica a largo plazo o toda una vida de atenci\u00f3n m\u00e9dica y cuidados a domicilio si has sufrido lesiones permanentes.  <\/p>\n<p>Las disputas sobre seguros y las dificultades econ\u00f3micas tras un accidente de coche son bastante frecuentes, incluso cuando las partes lesionadas tienen una cobertura de seguro excelente. Por esta raz\u00f3n, es muy importante consultar a un abogado de lesiones personales en Miami Gardens o en tu comunidad si has resultado herido en una colisi\u00f3n. Un abogado de lesiones personales puede ayudarte a decidir exactamente cu\u00e1nto pueden costarte tus lesiones y puede ayudarte a negociar con las compa\u00f1\u00edas de seguros para obtener una indemnizaci\u00f3n m\u00e1s justa. Si re\u00fanes los requisitos, un abogado de lesiones personales tambi\u00e9n puede ayudarte a iniciar una reclamaci\u00f3n legal contra las partes responsables en tu caso, para que puedas obtener una indemnizaci\u00f3n justa por tus lesiones y da\u00f1os.   <\/p>\n<p><strong class=\"heading4\">\u00bfNecesitas Asistencia Jur\u00eddica Tras un Accidente de Coche Grave?<\/strong><\/p>\n<p>Llama hoy mismo al Grupo Legal Flaxman al 866-352-9626 para concertar un an\u00e1lisis gratuito y sin compromiso de tu situaci\u00f3n. Si no puedes viajar debido a tus lesiones, podemos ir a visitarte para hablar sobre tu caso. Trabajaremos contigo para abordar tus preocupaciones y ayudarte a comprender tus opciones.  <\/p>\n<\/p><\/div>\n<\/p><\/div>\n","protected":false},"excerpt":{"rendered":"<p>Sin honorarios a menos que ganemos. Llama al 866-352-9626 para una &#8230; <\/p>\n","protected":false},"author":3,"featured_media":0,"parent":0,"menu_order":0,"comment_status":"closed","ping_status":"closed","template":"template-practice-areas.php","meta":{"footnotes":""},"class_list":["post-22331","page","type-page","status-publish","hentry"],"featured_image_src":null,"featured_image_src_square":null,"_links":{"self":[{"href":"https:\/\/flaxmanlaw.com\/es\/wp-json\/wp\/v2\/pages\/22331","targetHints":{"allow":["GET"]}}],"collection":[{"href":"https:\/\/flaxmanlaw.com\/es\/wp-json\/wp\/v2\/pages"}],"about":[{"href":"https:\/\/flaxmanlaw.com\/es\/wp-json\/wp\/v2\/types\/page"}],"author":[{"embeddable":true,"href":"https:\/\/flaxmanlaw.com\/es\/wp-json\/wp\/v2\/users\/3"}],"replies":[{"embeddable":true,"href":"https:\/\/flaxmanlaw.com\/es\/wp-json\/wp\/v2\/comments?post=22331"}],"version-history":[{"count":0,"href":"https:\/\/flaxmanlaw.com\/es\/wp-json\/wp\/v2\/pages\/22331\/revisions"}],"wp:attachment":[{"href":"https:\/\/flaxmanlaw.com\/es\/wp-json\/wp\/v2\/media?parent=22331"}],"curies":[{"name":"wp","href":"https:\/\/api.w.org\/{rel}","templated":true}]}}