{"id":22333,"date":"2024-11-18T12:44:36","date_gmt":"2024-11-18T12:44:36","guid":{"rendered":"https:\/\/flaxmanlaw.wpenginepowered.com\/lesiones-en-la-cabeza-en-miami-gardens-abogados-de-accidentes-en-el-condado-de-miami-dade\/"},"modified":"2024-11-18T12:44:36","modified_gmt":"2024-11-18T12:44:36","slug":"lesiones-en-la-cabeza-en-miami-gardens-abogados-de-accidentes-en-el-condado-de-miami-dade","status":"publish","type":"page","link":"https:\/\/flaxmanlaw.com\/es\/lesiones-en-la-cabeza-en-miami-gardens-abogados-de-accidentes-en-el-condado-de-miami-dade\/","title":{"rendered":"Lesiones en la cabeza en Miami Gardens | Abogados de accidentes en el condado de Miami-Dade"},"content":{"rendered":"<div class=\"bodytext\">\n<h2>Lesi\u00f3n en la cabeza en Miami Gardens<\/h1><\/h2>\n<div class=\"description\">\n<p>Como todas las ciudades de Florida, Miami Gardens ve su parte justa de accidentes graves y lesiones cerebrales traum\u00e1ticas. Una <a href=\"lesiones cerebrales.html\">lesi\u00f3n cerebral<\/a> grave no s\u00f3lo afectar\u00e1 a tu vida, sino tambi\u00e9n a la de tus amigos y familiares. En muchos casos, los amigos y la familia lloran la p\u00e9rdida de las capacidades, emociones y recuerdos de un ser querido. En muchas familias, el trastorno emocional y la p\u00e9rdida de memoria causados por una lesi\u00f3n cerebral en Miami Gardens tensan las relaciones y causan tambi\u00e9n problemas interpersonales. Los traumatismos craneoencef\u00e1licos de Miami Gardens figuran tambi\u00e9n entre las lesiones traum\u00e1ticas m\u00e1s caras de tratar. Debido a los elevados costes que conllevan, es importante consultar a un abogado experto en lesiones personales de Miami Gardens si has sufrido una lesi\u00f3n en la cabeza. Si tus lesiones fueron causadas por una negligencia o un acto il\u00edcito, podr\u00edas disponer de recursos legales que podr\u00edan ayudarte a protegerte a ti y a tu familia.      <\/p>\n<p>Si necesitas un abogado de lesiones cerebrales en Miami Gardens, necesitas al abogado de lesiones personales con m\u00e1s experiencia que puedas encontrar: alguien que haya trabajado extensamente con v\u00edctimas de lesiones cerebrales. Los casos de lesiones cerebrales en Miami Gardens suelen ser muy complejos y requieren conocimientos especializados. Por ejemplo, los abogados suelen necesitar trabajar con personal m\u00e9dico especializado: personal que entienda de lesiones cerebrales y que pueda hacer diagn\u00f3sticos correctos, as\u00ed como pron\u00f3sticos. Adem\u00e1s, los abogados de lesiones personales cualificados de Miami Gardens saben exactamente qu\u00e9 leyes afectan a los pacientes con lesiones cerebrales y comprenden exactamente c\u00f3mo llevar los casos de la manera m\u00e1s eficaz posible. Una firma de servicios integrales, como el Grupo Legal Flaxman, tambi\u00e9n tendr\u00e1 los recursos -incluyendo acceso a investigadores privados y testigos expertos- que se necesitan en una compleja demanda por lesiones cerebrales.    <\/p>\n<p>El <a href=\"index.html\">Grupo Legal Flaxman<\/a> se complace en ofrecer consultas gratuitas sobre accidentes a todos los nuevos clientes en cualquier parte de Florida del Sur. Si usted ha sufrido un <a href=\"accidentes-coche.html\">accidente de tr\u00e1fico<\/a> en Miami Gardens u <a href=\"nuestras-\u00e1reas-de-pr\u00e1ctica.html\">otro accidente<\/a> que le haya provocado una lesi\u00f3n traum\u00e1tica en la cabeza, <a href=\"contacta con nosotros.html\">contacte hoy mismo al Grupo Legal Flaxman<\/a> para programar una consulta gratuita y sin compromiso. Si usted est\u00e1 demasiado lesionado para viajar, el equipo jur\u00eddico del Grupo Legal Flaxman est\u00e1 dispuesto a trasladarse a su cuarto de hospital, lugar de trabajo, o casa para entrevistarse con usted.  <\/p>\n<p>El Grupo Legal Flaxman ha trabajado exitosamente con muchas v\u00edctimas de lesiones cerebrales en Miami Gardens que han podido llevar vidas plenas y productivas despu\u00e9s de sus lesiones. Sin embargo, a menudo se requieren considerables recursos financieros para garantizar que los pacientes de lesiones cerebrales en Miami Gardens cuenten con el apoyo y la atenci\u00f3n m\u00e9dica que necesitan para lograr la mejor recuperaci\u00f3n posible. El Grupo Legal Flaxman se ha dedicado a garantizar que las v\u00edctimas de lesiones cerebrales en Miami Gardens tengan la representaci\u00f3n legal agresiva y la asistencia que merecen para buscar toda la compensaci\u00f3n a la que puedan tener derecho seg\u00fan la ley. Esta indemnizaci\u00f3n ayuda a los pacientes a pagar los cuidados m\u00e9dicos, la terapia y otras formas de atenci\u00f3n que pueden ayudarles a afrontar un futuro mejor.   <\/p>\n<p>Obtener una indemnizaci\u00f3n justa por tus lesiones es importante si \u00e9stas fueron causadas por la imprudencia o negligencia de alguien. Los recursos econ\u00f3micos de que dispongas pueden ayudarte a recibir la mejor atenci\u00f3n m\u00e9dica posible, mejorando tus posibilidades de recuperaci\u00f3n. Tambi\u00e9n pueden ayudarte a pagar la terapia y la ayuda para que puedas reconstruir tu vida y tus relaciones. Si crees que tus lesiones cerebrales en Miami Gardens fueron causadas por la negligencia o imprudencia de alguien, <a href=\"contacta con nosotros.html\">contacta hoy mismo al Grupo Legal Flaxman<\/a> para programar una consulta gratuita y sin compromiso para hablar sobre tu caso.   <\/p>\n<\/p><\/div>\n<\/p><\/div>\n","protected":false},"excerpt":{"rendered":"<p>Sin honorarios a menos que ganemos. Llama al 866-352-9626 para una &#8230; <\/p>\n","protected":false},"author":3,"featured_media":0,"parent":0,"menu_order":0,"comment_status":"closed","ping_status":"closed","template":"template-practice-areas.php","meta":{"footnotes":""},"class_list":["post-22333","page","type-page","status-publish","hentry"],"featured_image_src":null,"featured_image_src_square":null,"_links":{"self":[{"href":"https:\/\/flaxmanlaw.com\/es\/wp-json\/wp\/v2\/pages\/22333","targetHints":{"allow":["GET"]}}],"collection":[{"href":"https:\/\/flaxmanlaw.com\/es\/wp-json\/wp\/v2\/pages"}],"about":[{"href":"https:\/\/flaxmanlaw.com\/es\/wp-json\/wp\/v2\/types\/page"}],"author":[{"embeddable":true,"href":"https:\/\/flaxmanlaw.com\/es\/wp-json\/wp\/v2\/users\/3"}],"replies":[{"embeddable":true,"href":"https:\/\/flaxmanlaw.com\/es\/wp-json\/wp\/v2\/comments?post=22333"}],"version-history":[{"count":0,"href":"https:\/\/flaxmanlaw.com\/es\/wp-json\/wp\/v2\/pages\/22333\/revisions"}],"wp:attachment":[{"href":"https:\/\/flaxmanlaw.com\/es\/wp-json\/wp\/v2\/media?parent=22333"}],"curies":[{"name":"wp","href":"https:\/\/api.w.org\/{rel}","templated":true}]}}