{"id":22334,"date":"2024-11-18T12:44:35","date_gmt":"2024-11-18T12:44:35","guid":{"rendered":"https:\/\/flaxmanlaw.wpenginepowered.com\/error-de-laboratorio-hollywood-florida-abogados-de-negligencia-medica-grupo-legal-flaxman\/"},"modified":"2024-11-18T12:44:35","modified_gmt":"2024-11-18T12:44:35","slug":"error-de-laboratorio-hollywood-florida-abogados-de-negligencia-medica-grupo-legal-flaxman","status":"publish","type":"page","link":"https:\/\/flaxmanlaw.com\/es\/error-de-laboratorio-hollywood-florida-abogados-de-negligencia-medica-grupo-legal-flaxman\/","title":{"rendered":"Error de Laboratorio | Hollywood, Florida Abogados de Negligencia M\u00e9dica Grupo Legal Flaxman"},"content":{"rendered":"<div class=\"bodytext\">\n<h2>Error de laboratorio<\/h1><\/h2>\n<div class=\"description\">\n<p>Algunas investigaciones han sugerido que entre el tres y el cinco por ciento de los resultados de las pruebas de laboratorio no son correctos. En muchos casos, los errores de laboratorio en Miami y Florida conducen a falsos negativos, lo que significa que los pacientes no reciben a tiempo los tratamientos necesarios. En otros casos, estos errores conducen a falsos positivos, de modo que se dice a los pacientes que tienen una enfermedad que no tienen y se les administran tratamientos agresivos e incluso perjudiciales para esa enfermedad.  <\/p>\n<p>Si has resultado lesionado por un error de laboratorio en Miami o en otra comunidad de Florida, la ley de Florida te protege. Usted puede presentar una demanda por negligencia m\u00e9dica en Miami o en su comunidad. Para obtener m\u00e1s informaci\u00f3n y revisar sus opciones legales, siempre puede contactar al Grupo Legal Flaxman para programar una evaluaci\u00f3n gratuita de su caso. El Grupo Legal Flaxman es una firma de servicios integrales con un historial de ayuda a v\u00edctimas de negligencia m\u00e9dica y lesiones personales en Miami y en todo Florida del Sur.   <\/p>\n<p><strong class=\"heading4\">\u00bfPor qu\u00e9 se producen errores de laboratorio en Miami y en toda Florida?<\/strong><\/p>\n<p>Hay muchas razones para que se produzcan errores de laboratorio y las consiguientes demandas por negligencia m\u00e9dica en Miami y Florida:<\/p>\n<ul>\n<li>Las pruebas, incluidas las im\u00e1genes de tomograf\u00eda computarizada (TC) o resonancia magn\u00e9tica (RM), no se toman correctamente<\/li>\n<li>Las muestras, las im\u00e1genes o los resultados de las pruebas se pierden, se extrav\u00edan o se manipulan mal<\/li>\n<li>Mezclas de diferentes muestras de prueba y papeleo<\/li>\n<li>Los resultados se malinterpretan<\/li>\n<li>Los registros son incorrectos o las muestras est\u00e1n mal etiquetadas<\/li>\n<li>Muestras o im\u00e1genes insuficientes, que conducen a un diagn\u00f3stico incorrecto<\/li>\n<li>Muestras contaminadas<\/li>\n<li>Interacciones qu\u00edmicas<\/li>\n<li>Errores t\u00e9cnicos en la manipulaci\u00f3n o interpretaci\u00f3n de las muestras o im\u00e1genes<\/li>\n<li>Procesos de prueba o an\u00e1lisis anticuados o incorrectos<\/li>\n<li>El equipo de diagn\u00f3stico o de diagn\u00f3stico por imagen presentaba alg\u00fan tipo de defecto<\/li>\n<li>Formaci\u00f3n incorrecta del personal sobre c\u00f3mo utilizar el equipo de diagn\u00f3stico por imagen u otros equipos utilizados para tomar muestras o im\u00e1genes<\/li>\n<li>Se registran y transmiten datos incorrectos<\/li>\n<li>Las muestras o im\u00e1genes no se toman correctamente<\/li>\n<\/ul>\n<p><strong class=\"heading4\">C\u00f3mo afrontar los errores de laboratorio y las lesiones que pueden causar<\/strong><\/p>\n<p>Parte de la raz\u00f3n por la que pueden producirse f\u00e1cilmente errores de laboratorio en Miami y en todo el sur de Florida es que el propio sistema de pruebas es complejo. Un m\u00e9dico o profesional sanitario ordena las pruebas y el paciente acude a un \u00e1rea separada del hospital o a una enfermera para que le tomen im\u00e1genes o muestras. A continuaci\u00f3n, las muestras y las im\u00e1genes se env\u00edan a los laboratorios de patolog\u00eda o a los de radiolog\u00eda. Los laboratorios de radiolog\u00eda son donde se procesan im\u00e1genes como las tomograf\u00edas computarizadas y las resonancias magn\u00e9ticas, mientras que los laboratorios de patolog\u00eda son donde se env\u00edan las muestras de orina, sangre y tejidos. Los laboratorios pueden estar en un edificio completamente distinto del de urgencias o del hospital. Los laboratorios tambi\u00e9n pueden ver decenas de miles de muestras o im\u00e1genes al a\u00f1o. Una vez que han evaluado tu muestra o imagen, los laboratorios devuelven los resultados al hospital o al m\u00e9dico que los pidi\u00f3. Tu m\u00e9dico puede entonces examinar la informaci\u00f3n y compartirla contigo. Por desgracia, pueden producirse errores en cualquier fase del proceso, y estos errores pueden afectar gravemente a tu salud.        <\/p>\n<p>El Grupo Legal Flaxman cuenta con los antecedentes, los recursos y los abogados de lesiones personales para levantar demandas por negligencia m\u00e9dica. El personal jur\u00eddico ya se ha enfrentado a hospitales y a sus equipos de defensa de seguros y ha recuperado con \u00e9xito indemnizaciones a favor de v\u00edctimas de lesiones personales. Para averiguar c\u00f3mo esta experiencia y trayectoria pueden ponerse a trabajar para usted,<a href=\"contacta con nosotros.html\"> contacte al Grupo Legal Flaxman<\/a> al 866-352-9626 para hablar sobre su situaci\u00f3n.  <\/p>\n<\/p><\/div>\n<div class=\"subpageslist\">\n<ul> <\/ul>\n<\/p><\/div>\n<\/p><\/div>\n","protected":false},"excerpt":{"rendered":"<p>Sin honorarios a menos que ganemos. Llama al 866-352-9626 para una &#8230; <\/p>\n","protected":false},"author":3,"featured_media":0,"parent":0,"menu_order":0,"comment_status":"closed","ping_status":"closed","template":"template-practice-areas.php","meta":{"footnotes":""},"class_list":["post-22334","page","type-page","status-publish","hentry"],"featured_image_src":null,"featured_image_src_square":null,"_links":{"self":[{"href":"https:\/\/flaxmanlaw.com\/es\/wp-json\/wp\/v2\/pages\/22334","targetHints":{"allow":["GET"]}}],"collection":[{"href":"https:\/\/flaxmanlaw.com\/es\/wp-json\/wp\/v2\/pages"}],"about":[{"href":"https:\/\/flaxmanlaw.com\/es\/wp-json\/wp\/v2\/types\/page"}],"author":[{"embeddable":true,"href":"https:\/\/flaxmanlaw.com\/es\/wp-json\/wp\/v2\/users\/3"}],"replies":[{"embeddable":true,"href":"https:\/\/flaxmanlaw.com\/es\/wp-json\/wp\/v2\/comments?post=22334"}],"version-history":[{"count":0,"href":"https:\/\/flaxmanlaw.com\/es\/wp-json\/wp\/v2\/pages\/22334\/revisions"}],"wp:attachment":[{"href":"https:\/\/flaxmanlaw.com\/es\/wp-json\/wp\/v2\/media?parent=22334"}],"curies":[{"name":"wp","href":"https:\/\/api.w.org\/{rel}","templated":true}]}}