{"id":22336,"date":"2024-11-18T12:44:36","date_gmt":"2024-11-18T12:44:36","guid":{"rendered":"https:\/\/flaxmanlaw.wpenginepowered.com\/miami-gardens-atropellado-por-un-conductor-ebrio-abogados-de-accidentes-de-trafico-del-condado-de-miami-dade\/"},"modified":"2024-11-18T12:44:36","modified_gmt":"2024-11-18T12:44:36","slug":"miami-gardens-atropellado-por-un-conductor-ebrio-abogados-de-accidentes-de-trafico-del-condado-de-miami-dade","status":"publish","type":"page","link":"https:\/\/flaxmanlaw.com\/es\/miami-gardens-atropellado-por-un-conductor-ebrio-abogados-de-accidentes-de-trafico-del-condado-de-miami-dade\/","title":{"rendered":"Miami Gardens atropellado por un conductor ebrio | Abogados de accidentes de tr\u00e1fico del condado de Miami-Dade"},"content":{"rendered":"<div class=\"bodytext\">\n<h2>Atropellado en Miami Gardens por un conductor ebrio<\/h1><\/h2>\n<div class=\"description\">\n<p>Si has resultado herido por un conductor ebrio en Miami Gardens o en cualquier lugar del sur de Florida, es importante obtener una indemnizaci\u00f3n justa por tus lesiones. Presentar una demanda judicial puede garantizar que el conductor no se libra de la acusaci\u00f3n de conducir ebrio y que tiene que afrontar las consecuencias de sus actos. Tu b\u00fasqueda de justicia puede ayudar a evitar que ese conductor vuelva a conducir ebrio. Adem\u00e1s, presentar una demanda judicial te permite reclamar una indemnizaci\u00f3n, que puede ser importante cuando busques la mejor atenci\u00f3n m\u00e9dica para tus lesiones.   <\/p>\n<p>Si est\u00e1s listo para empezar a luchar por la justicia, contacta al Grupo Legal Flaxman para una consulta gratuita sobre accidentes. Nuestros abogados est\u00e1n dispuestos a estar a su lado en cada paso del camino y a luchar agresivamente por una indemnizaci\u00f3n en su nombre. <\/p>\n<p><strong class=\"heading4\">Lesiones causadas por accidentes por conducir bajo los efectos del alcohol<\/strong><\/p>\n<p>Un accidente por conducir ebrio puede causar una serie de lesiones graves, entre ellas:<\/p>\n<ul>\n<li>Amputaciones<\/li>\n<li>Lesiones medulares<\/li>\n<li>Fracturas<\/li>\n<li>Traumatismo craneal<\/li>\n<li>Lesiones de tejidos blandos<\/li>\n<li>Lesiones cerebrales<\/li>\n<li>Fallecidos<\/li>\n<\/ul>\n<p>Estas lesiones pueden llevar meses de curaci\u00f3n y tu capacidad para obtener ingresos o realizar tareas cotidianas puede verse afectada durante todo el proceso. Si has sufrido una lesi\u00f3n permanente, puedes necesitar cuidados a domicilio de por vida, as\u00ed como fisioterapia y otras ayudas costosas. <\/p>\n<p>Si tus lesiones fueron causadas por la negligencia de alguien, la ley de Florida te permite reclamar judicialmente contra el conductor culpable. Puedes pedir una indemnizaci\u00f3n por tus lesiones, gastos m\u00e9dicos, p\u00e9rdida de ingresos y otros gastos, para no tener que pagarlos t\u00fa mismo. Si quieres conocer tus opciones, ponte en contacto con un abogado de lesiones personales en Miami Gardens o en tu comunidad para averiguar qu\u00e9 pasos puedes dar para protegerte econ\u00f3micamente tras tu accidente.  <\/p>\n<p><strong class=\"heading4\">Demandas por homicidio culposo<\/strong><\/p>\n<p>Si un conductor ebrio ha matado a un ser querido, es una situaci\u00f3n devastadora. No hay motivo para que la gente tenga que morir s\u00f3lo porque algunos automovilistas tomen malas decisiones despu\u00e9s de beber. Si esto le ha ocurrido a tu familia, tal vez puedas presentar una demanda por homicidio culposo en Miami Gardens o en tu ciudad, a fin de obtener una indemnizaci\u00f3n por los gastos m\u00e9dicos y funerarios finales, as\u00ed como por otros gastos relacionados con tu p\u00e9rdida.  <\/p>\n<p>Aunque perseguir la justicia no te devolver\u00e1 a tu ser querido, puede ayudar a llamar la atenci\u00f3n sobre los problemas de la conducci\u00f3n bajo los efectos del alcohol y puede ayudar a prevenir futuras tragedias. Recurrir a la justicia tambi\u00e9n puede ayudarte a obtener una indemnizaci\u00f3n que te ayude a ti y a tu familia a iniciar el camino hacia la recuperaci\u00f3n. <\/p>\n<p>Si usted est\u00e1 listo para obtener respuestas, contacte al Grupo Legal Flaxman. El Grupo Legal Flaxman trabaja con clientes de lesiones personales en Miami Gardens y en Florida del Sur, ayudando a las familias a buscar justicia y compensaci\u00f3n despu\u00e9s de tr\u00e1gicas lesiones. Hemos visto c\u00f3mo una compensaci\u00f3n justa y recursos financieros pueden ayudar a las v\u00edctimas de lesiones a obtener atenci\u00f3n m\u00e9dica de mayor calidad y m\u00e1s opciones de tratamiento. Estamos orgullosos de poder luchar por la justicia en nombre de las v\u00edctimas de lesiones. Para saber cu\u00e1les pueden ser las opciones en tu caso, <a href=\"contacta con nosotros.html\">ponte en contacto con nosotros<\/a> hoy mismo para una evaluaci\u00f3n gratuita de tu caso.    <\/p>\n<\/p><\/div>\n<\/p><\/div>\n","protected":false},"excerpt":{"rendered":"<p>Sin honorarios a menos que ganemos. Llama al 866-352-9626 para una &#8230; <\/p>\n","protected":false},"author":3,"featured_media":0,"parent":0,"menu_order":0,"comment_status":"closed","ping_status":"closed","template":"template-practice-areas.php","meta":{"footnotes":""},"class_list":["post-22336","page","type-page","status-publish","hentry"],"featured_image_src":null,"featured_image_src_square":null,"_links":{"self":[{"href":"https:\/\/flaxmanlaw.com\/es\/wp-json\/wp\/v2\/pages\/22336","targetHints":{"allow":["GET"]}}],"collection":[{"href":"https:\/\/flaxmanlaw.com\/es\/wp-json\/wp\/v2\/pages"}],"about":[{"href":"https:\/\/flaxmanlaw.com\/es\/wp-json\/wp\/v2\/types\/page"}],"author":[{"embeddable":true,"href":"https:\/\/flaxmanlaw.com\/es\/wp-json\/wp\/v2\/users\/3"}],"replies":[{"embeddable":true,"href":"https:\/\/flaxmanlaw.com\/es\/wp-json\/wp\/v2\/comments?post=22336"}],"version-history":[{"count":0,"href":"https:\/\/flaxmanlaw.com\/es\/wp-json\/wp\/v2\/pages\/22336\/revisions"}],"wp:attachment":[{"href":"https:\/\/flaxmanlaw.com\/es\/wp-json\/wp\/v2\/media?parent=22336"}],"curies":[{"name":"wp","href":"https:\/\/api.w.org\/{rel}","templated":true}]}}