{"id":22337,"date":"2024-11-18T12:44:36","date_gmt":"2024-11-18T12:44:36","guid":{"rendered":"https:\/\/flaxmanlaw.wpenginepowered.com\/accidentes-por-no-ceder-el-paso-en-miami-gardens-abogados-de-accidentes-de-trafico-del-condado-de-miami-dade\/"},"modified":"2024-11-18T12:44:36","modified_gmt":"2024-11-18T12:44:36","slug":"accidentes-por-no-ceder-el-paso-en-miami-gardens-abogados-de-accidentes-de-trafico-del-condado-de-miami-dade","status":"publish","type":"page","link":"https:\/\/flaxmanlaw.com\/es\/accidentes-por-no-ceder-el-paso-en-miami-gardens-abogados-de-accidentes-de-trafico-del-condado-de-miami-dade\/","title":{"rendered":"Accidentes por no ceder el paso en Miami Gardens | Abogados de accidentes de tr\u00e1fico del condado de Miami-Dade"},"content":{"rendered":"<div class=\"bodytext\">\n<h2>Accidentes por no ceder el paso en Miami Gardens<\/h1><\/h2>\n<div class=\"description\">\n<p>Sufrir un accidente por no ceder el paso en Miami Gardens o en tu comunidad puede ser muy angustioso. Puede ser frustrante saber que las malas decisiones de otro conductor han provocado tu accidente y puede ser aterrador enfrentarse a una lesi\u00f3n grave tras la colisi\u00f3n. <\/p>\n<p>No tienes que pasar por el proceso sola. Puedes contactar al Grupo Legal Flaxman en cualquier momento para recibir asesor\u00eda legal. Un miembro de nuestro bufete de servicios integrales estar\u00e1 encantado de ofrecerte una consulta gratuita sobre accidentes para revisar tu caso contigo.  <\/p>\n<p><strong class=\"heading4\">Las tres cosas que debes hacer despu\u00e9s de un accidente de tr\u00e1fico en Miami Gardens o Florida<\/strong><\/p>\n<p>Si has sufrido lesiones graves en un accidente por no ceder el paso, debes hacer tres cosas:<\/p>\n<p><strong>1) Toma las medidas correctas inmediatamente despu\u00e9s del accidente.<\/strong>  Tras un accidente, llama inmediatamente a los servicios de emergencia si alguien en el lugar del accidente ha resultado gravemente herido. Intercambia informaci\u00f3n de contacto con el otro conductor si es posible y haz fotos del lugar del accidente, as\u00ed como consigue la informaci\u00f3n de contacto de los testigos. Esfu\u00e9rzate siempre por documentar todo lo posible y conservar toda la informaci\u00f3n posible sobre el accidente. Esto te proteger\u00e1 en caso de que el otro conductor te acuse de causar la colisi\u00f3n y puede ayudarte a obtener una indemnizaci\u00f3n justa por tus lesiones. Por supuesto, si t\u00fa mismo resultas gravemente herido y te llevan al hospital, puede que no tengas la oportunidad de empezar a documentarte de inmediato. En este caso, querr\u00e1s conseguir una copia del atestado policial y del informe m\u00e9dico e iniciar el proceso de documentaci\u00f3n de tus lesiones, gastos y otros hechos relacionados con el accidente tan pronto como puedas.     <\/p>\n<p><strong>2) Informa del accidente.<\/strong>  Si el accidente ha sido grave, es importante consultar a la polic\u00eda. Adem\u00e1s, querr\u00e1s denunciar el accidente e iniciar el proceso de reclamaci\u00f3n al seguro. Ten especial cuidado con quien quiera evitar informar del accidente o no quiera intercambiar informaci\u00f3n sobre el conductor. Por desgracia, en Florida hay conductores sin seguro o con seguro insuficiente, y a veces puedes verte envuelto en una red de fraude o en disputas sobre la ley de seguros si no das los pasos adecuados.   <\/p>\n<p><strong>3) Consigue asesoramiento jur\u00eddico.<\/strong>  Si has sufrido lesiones graves y quieres obtener una indemnizaci\u00f3n por tus lesiones, siempre es importante obtener asesoramiento jur\u00eddico sobre tu situaci\u00f3n. Aunque est\u00e9s protegido por un seguro de autom\u00f3vil o por una cobertura m\u00e9dica, ten en cuenta que no hay garant\u00edas de que las compa\u00f1\u00edas de seguros paguen la cantidad total que necesitas para cubrir la p\u00e9rdida de ingresos, los da\u00f1os materiales, las facturas m\u00e9dicas y otros gastos. Un abogado de lesiones personales en Miami Gardens o en Florida puede ayudarte a revisar tus opciones y puede ayudarte a comprender cu\u00e1nto puede valer realmente tu caso. Adem\u00e1s, un abogado de lesiones personales puede ocuparse de los detalles de tu caso y buscar agresivamente una indemnizaci\u00f3n en tu nombre.   <\/p>\n<p>Si has sufrido lesiones, el Grupo Legal Flaxman est\u00e1 aqu\u00ed para responder a tus preguntas, 24 horas al d\u00eda, siete d\u00edas a la semana. <a href=\"contacta con nosotros.html\">Contacta hoy mismo con nuestro bufete de servicios integrales<\/a> si deseas una revisi\u00f3n gratuita de tu caso.<\/p>\n<\/p><\/div>\n<\/p><\/div>\n","protected":false},"excerpt":{"rendered":"<p>Sin honorarios a menos que ganemos. Llama al 866-352-9626 para una &#8230; <\/p>\n","protected":false},"author":3,"featured_media":0,"parent":0,"menu_order":0,"comment_status":"closed","ping_status":"closed","template":"template-practice-areas.php","meta":{"footnotes":""},"class_list":["post-22337","page","type-page","status-publish","hentry"],"featured_image_src":null,"featured_image_src_square":null,"_links":{"self":[{"href":"https:\/\/flaxmanlaw.com\/es\/wp-json\/wp\/v2\/pages\/22337","targetHints":{"allow":["GET"]}}],"collection":[{"href":"https:\/\/flaxmanlaw.com\/es\/wp-json\/wp\/v2\/pages"}],"about":[{"href":"https:\/\/flaxmanlaw.com\/es\/wp-json\/wp\/v2\/types\/page"}],"author":[{"embeddable":true,"href":"https:\/\/flaxmanlaw.com\/es\/wp-json\/wp\/v2\/users\/3"}],"replies":[{"embeddable":true,"href":"https:\/\/flaxmanlaw.com\/es\/wp-json\/wp\/v2\/comments?post=22337"}],"version-history":[{"count":0,"href":"https:\/\/flaxmanlaw.com\/es\/wp-json\/wp\/v2\/pages\/22337\/revisions"}],"wp:attachment":[{"href":"https:\/\/flaxmanlaw.com\/es\/wp-json\/wp\/v2\/media?parent=22337"}],"curies":[{"name":"wp","href":"https:\/\/api.w.org\/{rel}","templated":true}]}}