{"id":22339,"date":"2024-11-18T12:44:36","date_gmt":"2024-11-18T12:44:36","guid":{"rendered":"https:\/\/flaxmanlaw.wpenginepowered.com\/abuso-de-ancianos-en-miami-gardens-abogados-de-negligencia-en-residencias-de-ancianos-del-condado-de-miami-dade\/"},"modified":"2024-11-18T12:44:36","modified_gmt":"2024-11-18T12:44:36","slug":"abuso-de-ancianos-en-miami-gardens-abogados-de-negligencia-en-residencias-de-ancianos-del-condado-de-miami-dade","status":"publish","type":"page","link":"https:\/\/flaxmanlaw.com\/es\/abuso-de-ancianos-en-miami-gardens-abogados-de-negligencia-en-residencias-de-ancianos-del-condado-de-miami-dade\/","title":{"rendered":"Abuso de ancianos en Miami Gardens | Abogados de negligencia en residencias de ancianos del condado de Miami-Dade"},"content":{"rendered":"<div class=\"bodytext\">\n<h2>Abuso de ancianos en Miami Gardens<\/h1><\/h2>\n<div class=\"description\">\n<p>Los ancianos residentes en residencias de ancianos, hospicios, centros de vida asistida y otros centros suelen ser vulnerables si los cuidadores y el personal son negligentes o abusivos. Los residentes que son objeto de abusos y negligencias en residencias de ancianos de Miami Gardens o de cualquier comunidad pueden desarrollar \u00falceras por presi\u00f3n o sufrir deshidrataci\u00f3n y desnutrici\u00f3n. En algunos casos, pueden desarrollar complicaciones peligrosas debidas a errores m\u00e9dicos. En otros casos, los abusos f\u00edsicos o sexuales dejan a sus seres queridos no s\u00f3lo aislados, sino con lesiones potencialmente mortales.   <\/p>\n<p>Para programar una revisi\u00f3n de su caso gratuita y sin compromiso con uno de los abogados del Grupo Legal Flaxman, llame hoy mismo al 866-352-9626 o visite nuestro sitio web. Nuestro equipo jur\u00eddico sirve a los Condados de Miami-Dade, Palm Beach, South Miami Heights, Broward, y a todo el Sur de Florida. Si usted o un ser querido ha resultado lesionado por abuso, puede contactarnos para recibir una evaluaci\u00f3n legal minuciosa y compasiva de su caso &#8211; todo sin costo y sin compromiso.  <\/p>\n<p><strong class=\"heading4\">Abuso financiero: una forma com\u00fan de maltrato a ancianos en Miami Gardens y Florida<\/strong><\/p>\n<p>Las personas mayores son objetivo de los estafadores de muchas maneras, y el abuso financiero es una forma habitual de abuso perpetrado contra los ancianos. Hay muchos indicios de que se ha producido este tipo de abuso: <\/p>\n<ul>\n<li>Se ha modificado el poder notarial<\/li>\n<li>Se producen grandes transferencias de dinero o grandes regalos<\/li>\n<li>Una persona mayor de repente tiene menos dinero o no tiene dinero para pagar los gastos cotidianos y de manutenci\u00f3n<\/li>\n<li>A una persona mayor le dan documentos para firmar pero afirma que no los entiende<\/li>\n<li>Una persona mayor pierde bienes, como su casa o su coche<\/li>\n<\/ul>\n<p>En muchos casos, es dif\u00edcil ver cu\u00e1ndo se produce un abuso financiero. Las personas mayores pueden depender de cuidadores para pagar las facturas y esto puede significar que los cuidadores tengan acceso a las cuentas. Puede que la familia no se d\u00e9 cuenta de inmediato de las grandes retiradas de dinero, o que suponga que los regalos y el dinero se dan libremente: a veces es dif\u00edcil distinguir la l\u00ednea que separa la coacci\u00f3n de la entrega consentida. Una persona mayor puede no saber que se han aprovechado de ella o puede sentirse demasiado avergonzada para dar un paso al frente. Por todas estas razones, es importante investigar a fondo siempre que se sospeche un abuso econ\u00f3mico.    <\/p>\n<p><strong class=\"heading4\">\u00bfQu\u00e9 debes hacer si sospechas de malos tratos a ancianos?<\/strong><\/p>\n<p>Si crees que se han producido abusos econ\u00f3micos o de otro tipo, ponte en contacto con la polic\u00eda y pide asesoramiento jur\u00eddico sobre tu situaci\u00f3n. Tendr\u00e1s que iniciar una investigaci\u00f3n sobre la situaci\u00f3n y tal vez puedas perseguir a los autores ante los tribunales para recuperar parte o todo el dinero que un ser querido anciano ha perdido. <\/p>\n<p>Algo que tambi\u00e9n querr\u00e1s hacer es contactar a un abogado de lesiones personales. En <a href=\"contacta con nosotros.html\">el Grupo Legal Flaxman<\/a>, nuestros abogados de lesiones personales en Florida del Sur tienen experiencia y conocimiento litigando casos de abuso de ancianos y casos de instalaciones de vivienda asistida. Nuestro experimentado y profesional equipo de profesionales legales trabaja d\u00eda y noche para construir s\u00f3lidos casos de lesiones personales y de abuso de ancianos. Revisamos cuidadosamente los historiales m\u00e9dicos y ponemos en marcha investigaciones para poder reunir pruebas de delitos y abusos. Contratamos y trabajamos con expertos y asesores m\u00e9dicos para averiguar exactamente en qu\u00e9 casos los cuidadores incumplieron el deber de atenci\u00f3n a sus clientes. Trabajamos duro para que todas las partes responsables rindan cuentas y buscamos agresivamente justicia e indemnizaci\u00f3n en nombre de las v\u00edctimas que se han visto afectadas por abusos y negligencia. Si sospechas que un ser querido ha sido v\u00edctima de malos tratos y negligencia, no dudes en ponerte en contacto con nuestro bufete de abogados de servicios integrales para una revisi\u00f3n gratuita, personalizada y sin compromiso de tu caso.      <\/p>\n<\/p><\/div>\n<\/p><\/div>\n","protected":false},"excerpt":{"rendered":"<p>Sin honorarios a menos que ganemos. Llama al 866-352-9626 para una &#8230; <\/p>\n","protected":false},"author":3,"featured_media":0,"parent":0,"menu_order":0,"comment_status":"closed","ping_status":"closed","template":"template-practice-areas.php","meta":{"footnotes":""},"class_list":["post-22339","page","type-page","status-publish","hentry"],"featured_image_src":null,"featured_image_src_square":null,"_links":{"self":[{"href":"https:\/\/flaxmanlaw.com\/es\/wp-json\/wp\/v2\/pages\/22339","targetHints":{"allow":["GET"]}}],"collection":[{"href":"https:\/\/flaxmanlaw.com\/es\/wp-json\/wp\/v2\/pages"}],"about":[{"href":"https:\/\/flaxmanlaw.com\/es\/wp-json\/wp\/v2\/types\/page"}],"author":[{"embeddable":true,"href":"https:\/\/flaxmanlaw.com\/es\/wp-json\/wp\/v2\/users\/3"}],"replies":[{"embeddable":true,"href":"https:\/\/flaxmanlaw.com\/es\/wp-json\/wp\/v2\/comments?post=22339"}],"version-history":[{"count":0,"href":"https:\/\/flaxmanlaw.com\/es\/wp-json\/wp\/v2\/pages\/22339\/revisions"}],"wp:attachment":[{"href":"https:\/\/flaxmanlaw.com\/es\/wp-json\/wp\/v2\/media?parent=22339"}],"curies":[{"name":"wp","href":"https:\/\/api.w.org\/{rel}","templated":true}]}}