{"id":22340,"date":"2024-11-18T12:44:36","date_gmt":"2024-11-18T12:44:36","guid":{"rendered":"https:\/\/flaxmanlaw.wpenginepowered.com\/miami-gardens-dwi-dui-accidentes-de-coche-miami-dade-county-abogados-de-lesiones\/"},"modified":"2024-11-18T12:44:36","modified_gmt":"2024-11-18T12:44:36","slug":"miami-gardens-dwi-dui-accidentes-de-coche-miami-dade-county-abogados-de-lesiones","status":"publish","type":"page","link":"https:\/\/flaxmanlaw.com\/es\/miami-gardens-dwi-dui-accidentes-de-coche-miami-dade-county-abogados-de-lesiones\/","title":{"rendered":"Miami Gardens DWI\/DUI Accidentes de Coche | Miami-Dade County Abogados de Lesiones"},"content":{"rendered":"<div class=\"bodytext\">\n<h2>Accidentes de coche por DWI\/DUI en Miami Gardens<\/h1><\/h2>\n<div class=\"description\">\n<p>Por desgracia, cuando buscas en Internet un abogado de DUI en Florida o Miami Gardens, lo que encontrar\u00e1s son listados de abogados que defienden a conductores ebrios. La realidad es que muchas personas que han bebido o consumido drogas y se han visto implicadas en accidentes acuden a un abogado defensor para intentar recuperar su carn\u00e9, evitar la c\u00e1rcel o excusar sus acciones. <\/p>\n<p>Si has resultado herido por un conductor imprudente y ebrio, puede ser frustrante o\u00edr que el conductor se niega a asumir la responsabilidad de sus actos y sus malas decisiones. Afortunadamente, hay cosas que puedes hacer. Si has resultado herido, puedes presentar cargos civiles contra el conductor culpable. Para averiguar c\u00f3mo, contacta al Grupo Legal Flaxman en cualquier momento. <a href=\"index.html\">El Grupo<\/a> Legal <a href=\"index.html\">Flaxman<\/a> es una firma de servicios integrales con oficinas en Miami, Homestead, y Miami que sirven a toda el \u00e1rea del sur de Florida. Su consulta inicial con el Grupo Legal Flaxman es gratuita, as\u00ed que si usted ha resultado lesionado, cont\u00e1ctenos hoy mismo al 866-352-9626.    <\/p>\n<p><strong class=\"heading4\">Presentar cargos tras una colisi\u00f3n por DUI\/DWI<\/strong><\/p>\n<p>Los accidentes por conducir ebrio en Miami Gardens y otras comunidades pueden dar lugar a cargos civiles y penales. Dado que conducir ebrio es contrario a la ley, las fuerzas del orden pueden iniciar acciones penales contra el conductor culpable. Pero, adem\u00e1s, cualquiera que haya resultado herido por el conductor ebrio puede iniciar una demanda civil o por da\u00f1os personales contra el conductor ebrio.  <\/p>\n<p>Reclamar por la v\u00eda civil es importante, ya que puede permitir a las v\u00edctimas lesionadas obtener una indemnizaci\u00f3n para poder pagar una atenci\u00f3n m\u00e9dica de calidad, los salarios perdidos, los cuidados en casa y otros gastos que puedan tener. Tambi\u00e9n env\u00eda un mensaje muy claro al conductor culpable y a otras partes de que la conducci\u00f3n bajo los efectos del alcohol es sencillamente inaceptable. <\/p>\n<p>Aunque el conductor ebrio pueda defenderse de la acusaci\u00f3n de DUI ante un tribunal penal, una demanda civil sigue empujando al sistema judicial a responsabilizar de alg\u00fan modo al conductor ebrio de las lesiones que caus\u00f3. Si buscas justicia e indemnizaci\u00f3n, tal vez quieras obtener asesoramiento jur\u00eddico sobre las distintas opciones legales que tienes. Un abogado especializado en lesiones personales puede ayudarte a comprender si tienes una reclamaci\u00f3n legal. Es probable que el conductor ebrio tenga un abogado que le defienda: \u00bfno te mereces que alguien est\u00e9 de tu lado para relatar tu versi\u00f3n de los hechos y ayudarte a obtener justicia?   <\/p>\n<p><strong class=\"heading4\">\u00bfTienes derecho a reclamar? Ll\u00e1manos para informarte<\/strong><\/p>\n<p>Si usted ha resultado lesionado por la negligencia o imprudencia de alguien, <a href=\"contacta con nosotros.html\">contacte <\/a>al Grupo Legal Flaxman en cualquier momento para programar una consulta gratuita y sin compromiso sobre su caso. En su primera consulta, nuestros abogados pueden atender sus preguntas e inquietudes, pueden revisar cualquier opci\u00f3n legal que usted tenga, y pueden ayudarle a comprender cu\u00e1nto puede valer su caso potencial. No hay ning\u00fan riesgo, as\u00ed que obt\u00e9n asesoramiento legal hoy mismo programando tu consulta gratuita sobre accidentes. Puedes ponerte en contacto con nuestro bufete en cualquier momento a trav\u00e9s de nuestra p\u00e1gina web o llamando al 866-352-9626. Nuestras l\u00edneas telef\u00f3nicas est\u00e1n atendidas las 24 horas del d\u00eda, siete d\u00edas a la semana, por lo que siempre podr\u00e1s contactar con un operador en directo.    <\/p>\n<\/p><\/div>\n<\/p><\/div>\n","protected":false},"excerpt":{"rendered":"<p>Sin honorarios a menos que ganemos. Llama al 866-352-9626 para una &#8230; <\/p>\n","protected":false},"author":3,"featured_media":0,"parent":0,"menu_order":0,"comment_status":"closed","ping_status":"closed","template":"template-practice-areas.php","meta":{"footnotes":""},"class_list":["post-22340","page","type-page","status-publish","hentry"],"featured_image_src":null,"featured_image_src_square":null,"_links":{"self":[{"href":"https:\/\/flaxmanlaw.com\/es\/wp-json\/wp\/v2\/pages\/22340","targetHints":{"allow":["GET"]}}],"collection":[{"href":"https:\/\/flaxmanlaw.com\/es\/wp-json\/wp\/v2\/pages"}],"about":[{"href":"https:\/\/flaxmanlaw.com\/es\/wp-json\/wp\/v2\/types\/page"}],"author":[{"embeddable":true,"href":"https:\/\/flaxmanlaw.com\/es\/wp-json\/wp\/v2\/users\/3"}],"replies":[{"embeddable":true,"href":"https:\/\/flaxmanlaw.com\/es\/wp-json\/wp\/v2\/comments?post=22340"}],"version-history":[{"count":0,"href":"https:\/\/flaxmanlaw.com\/es\/wp-json\/wp\/v2\/pages\/22340\/revisions"}],"wp:attachment":[{"href":"https:\/\/flaxmanlaw.com\/es\/wp-json\/wp\/v2\/media?parent=22340"}],"curies":[{"name":"wp","href":"https:\/\/api.w.org\/{rel}","templated":true}]}}