{"id":22341,"date":"2024-11-18T12:44:36","date_gmt":"2024-11-18T12:44:36","guid":{"rendered":"https:\/\/flaxmanlaw.wpenginepowered.com\/mordeduras-de-perro-en-miami-gardens-abogados-de-lesiones-personales-en-el-condado-de-miami-dade\/"},"modified":"2024-11-18T12:44:36","modified_gmt":"2024-11-18T12:44:36","slug":"mordeduras-de-perro-en-miami-gardens-abogados-de-lesiones-personales-en-el-condado-de-miami-dade","status":"publish","type":"page","link":"https:\/\/flaxmanlaw.com\/es\/mordeduras-de-perro-en-miami-gardens-abogados-de-lesiones-personales-en-el-condado-de-miami-dade\/","title":{"rendered":"Mordeduras de perro en Miami Gardens | Abogados de lesiones personales en el condado de Miami-Dade"},"content":{"rendered":"<div class=\"bodytext\">\n<h2>Mordeduras de perro en Miami Gardens<\/h1><\/h2>\n<div class=\"description\">\n<p>\u00bfHas visto a due\u00f1os de perros desobedecer las ordenanzas sobre correas o maltratar a sus animales? Por desgracia, este tipo de comportamiento imprudente puede provocar, y de hecho provoca, mordeduras de perro y ataques de animales en Miami Gardens y en todo Florida. Tanto si los perros est\u00e1n adiestrados para ser agresivos como si muerden por otro motivo, los due\u00f1os de perros pueden ser considerados responsables si sus mascotas hieren a alguien.  <\/p>\n<p>Si has sufrido cicatrices, fracturas, lesiones cerebrales en Miami Gardens, u otras lesiones en el ataque de un animal, obt\u00e9n asesor\u00eda legal hoy mismo contactando al Grupo Legal Flaxman para una consulta gratuita por accidente. Usted puede ser elegible para una indemnizaci\u00f3n que puede ayudarle a pagar sus gastos m\u00e9dicos, salarios perdidos, y otros da\u00f1os. <\/p>\n<p><strong class=\"heading4\">Tipos de demandas por mordedura de perro en Miami Gardens y Florida<\/strong><\/p>\n<p>El art\u00edculo 767.04 del C\u00f3digo de Florida permite a las personas que han resultado heridas por la mordedura de un perro o el ataque de un animal solicitar una indemnizaci\u00f3n. Adem\u00e1s, hay una serie de reclamaciones legales que pueden producirse tras una mordedura de perro: <\/p>\n<p><strong>Negligencia.<\/strong>  El propietario del perro puede ser considerado negligente si se demuestra que no actu\u00f3 razonablemente para evitar el ataque del animal. Por ejemplo, si el propietario del perro hizo caso omiso de las se\u00f1ales de que el perro era agresivo o permiti\u00f3 que el perro vagara libremente al no asegurar su propiedad, esto puede ser un indicio de negligencia. <\/p>\n<p><strong>Negligencia per se.<\/strong>  Una v\u00edctima lesionada puede reclamar una indemnizaci\u00f3n si el propietario de un perro incumpli\u00f3 una ordenanza o estatuto destinado a mantener la seguridad de las personas. Por ejemplo, si el propietario de un perro incumple una ordenanza sobre correas, puede ser la base de la demanda. <\/p>\n<p><strong>Agravio intencionado.<\/strong>  En algunos casos, un demandante puede solicitar una indemnizaci\u00f3n alegando que el propietario oblig\u00f3 al perro a atacar o ten\u00eda la intenci\u00f3n de que atacara. En muchos casos, este tipo de demanda tambi\u00e9n puede dar lugar a cargos penales y civiles. Este tipo de demanda puede producirse si el propietario de un perro lo lanza contra un intruso. Sin embargo, este tipo de demanda requiere un buen abogado de lesiones personales en Miami Gardens o en tu comunidad, ya que el propietario puede negar la demanda o alegar que estaba defendiendo la propiedad de un intruso.   <\/p>\n<p><strong>Scienter.<\/strong>  Si un perro tiene un historial de peleas o comportamiento agresivo, las personas distintas del propietario del perro pueden ser consideradas responsables de algunos da\u00f1os si conocen el historial agresivo del perro y no toman medidas para mantener a los dem\u00e1s a salvo de las mordeduras.<\/p>\n<p>Determinar qu\u00e9 tipo de reclamaci\u00f3n puedes tener depende de las particularidades de tu caso. Es importante consultar con un abogado de lesiones personales en Miami Gardens o en tu comunidad para obtener respuestas. Si has sufrido lesiones en el ataque de un animal, consulta con los abogados de lesiones personales del Grupo Legal Flaxman.  <\/p>\n<p>Un abogado de lesiones personales del <a href=\"contacta con nosotros.html\">Grupo Legal Flaxman<\/a> puede revisar los detalles de tu caso y puede ayudarte a comprender cu\u00e1les son tus opciones legales. Si tienes derecho a una indemnizaci\u00f3n, uno de nuestros abogados luchar\u00e1 en tu nombre para asegurarse de que obtengas una compensaci\u00f3n justa, de modo que puedas recibir la mejor atenci\u00f3n m\u00e9dica posible. <\/p>\n<\/p><\/div>\n<\/p><\/div>\n","protected":false},"excerpt":{"rendered":"<p>Sin honorarios a menos que ganemos. Llama al 866-352-9626 para una &#8230; <\/p>\n","protected":false},"author":3,"featured_media":0,"parent":0,"menu_order":0,"comment_status":"closed","ping_status":"closed","template":"template-practice-areas.php","meta":{"footnotes":""},"class_list":["post-22341","page","type-page","status-publish","hentry"],"featured_image_src":null,"featured_image_src_square":null,"_links":{"self":[{"href":"https:\/\/flaxmanlaw.com\/es\/wp-json\/wp\/v2\/pages\/22341","targetHints":{"allow":["GET"]}}],"collection":[{"href":"https:\/\/flaxmanlaw.com\/es\/wp-json\/wp\/v2\/pages"}],"about":[{"href":"https:\/\/flaxmanlaw.com\/es\/wp-json\/wp\/v2\/types\/page"}],"author":[{"embeddable":true,"href":"https:\/\/flaxmanlaw.com\/es\/wp-json\/wp\/v2\/users\/3"}],"replies":[{"embeddable":true,"href":"https:\/\/flaxmanlaw.com\/es\/wp-json\/wp\/v2\/comments?post=22341"}],"version-history":[{"count":0,"href":"https:\/\/flaxmanlaw.com\/es\/wp-json\/wp\/v2\/pages\/22341\/revisions"}],"wp:attachment":[{"href":"https:\/\/flaxmanlaw.com\/es\/wp-json\/wp\/v2\/media?parent=22341"}],"curies":[{"name":"wp","href":"https:\/\/api.w.org\/{rel}","templated":true}]}}