{"id":22342,"date":"2024-11-18T12:44:36","date_gmt":"2024-11-18T12:44:36","guid":{"rendered":"https:\/\/flaxmanlaw.wpenginepowered.com\/conduccion-distraida-en-miami-gardens-abogados-de-accidentes-de-trafico-del-condado-de-miami-dade\/"},"modified":"2024-11-18T12:44:36","modified_gmt":"2024-11-18T12:44:36","slug":"conduccion-distraida-en-miami-gardens-abogados-de-accidentes-de-trafico-del-condado-de-miami-dade","status":"publish","type":"page","link":"https:\/\/flaxmanlaw.com\/es\/conduccion-distraida-en-miami-gardens-abogados-de-accidentes-de-trafico-del-condado-de-miami-dade\/","title":{"rendered":"Conducci\u00f3n distra\u00edda en Miami Gardens | Abogados de accidentes de tr\u00e1fico del condado de Miami-Dade"},"content":{"rendered":"<div class=\"bodytext\">\n<h2>Conducci\u00f3n distra\u00edda en Miami Gardens<\/h1><\/h2>\n<div class=\"description\">\n<p>Se ha demostrado que la conducci\u00f3n distra\u00edda provoca graves accidentes de tr\u00e1fico en Miami Gardens, en Florida y en todo el pa\u00eds. Los estudios han demostrado que los conductores distra\u00eddos apartan la vista de la carretera el equivalente a un campo de f\u00fatbol, aunque s\u00f3lo est\u00e9n comprobando algo durante unos segundos. Adem\u00e1s, los conductores distra\u00eddos tienen tiempos de respuesta m\u00e1s lentos y suelen cometer errores. Lo que quiz\u00e1 sea m\u00e1s aterrador es que los conductores distra\u00eddos suelen pasar por alto se\u00f1ales e informaci\u00f3n importante en la carretera -como se\u00f1ales de tr\u00e1fico, peatones y otra informaci\u00f3n- que necesitan para evitar una colisi\u00f3n.   <\/p>\n<p>\u00bfLe gustar\u00eda hablar con un abogado de conductores distra\u00eddos en Miami Gardens sobre su caso de accidente automovil\u00edstico? Si usted cree que su accidente automovil\u00edstico fue causado por un conductor distra\u00eddo o por alguien que conduc\u00eda imprudentemente o negligentemente, contacte hoy mismo al Grupo Legal Flaxman para programar una evaluaci\u00f3n gratuita y sin compromiso de su caso y hablar sobre su situaci\u00f3n con un abogado de lesiones personales. <\/p>\n<p><strong class=\"heading4\">  Los conductores de camiones distra\u00eddos provocan accidentes mortales  <\/strong><\/p>\n<p>La ley obliga a los conductores de camiones a centrar toda su atenci\u00f3n en la carretera y se les forma especialmente para que no conduzcan distra\u00eddos. A pesar de ello, todos los d\u00edas se producen accidentes de cami\u00f3n por conducir distra\u00eddo. Hay muchas razones por las que los camioneros pueden distraerse. Como pasan muchas horas en la carretera, algunos camioneros pueden tener la tentaci\u00f3n de so\u00f1ar despiertos o de consultar los mensajes del tel\u00e9fono en vez de concentrarse en la conducci\u00f3n. Cuando los camioneros son negligentes, los resultados pueden ser mortales, ya que el gran tama\u00f1o y la fuerza del veh\u00edculo comercial pueden causar lesiones devastadoras y muertes en la carretera. Cada a\u00f1o se producen accidentes de cami\u00f3n en Miami Gardens y en todo el pa\u00eds porque los conductores de camiones comerciales conducen distra\u00eddos.     <\/p>\n<p><strong class=\"heading4\">La conducci\u00f3n distra\u00edda puede ocurrir en cualquier momento<\/strong><\/p>\n<p>No s\u00f3lo los conductores de camiones son responsables. Cualquiera que conduzca un veh\u00edculo o comparta las carreteras de Miami Gardens debe mantenerse concentrado en la conducci\u00f3n, porque cualquier distracci\u00f3n puede provocar una colisi\u00f3n grave. Cuando los motoristas se distraen, por ejemplo, pueden provocar f\u00e1cilmente un accidente de moto. Los peatones y los ciclistas tambi\u00e9n pueden provocar un accidente si no prestan atenci\u00f3n. Cualquiera que est\u00e9 distra\u00eddo cuando comparte la carretera puede causar un accidente de tr\u00e1fico grave que derive en:    <\/p>\n<ul>\n<li>Quemaduras<\/li>\n<li>Fracturas<\/li>\n<li>Latigazo cervical y lesiones de tejidos blandos<\/li>\n<li>Par\u00e1lisis<\/li>\n<li>Lesiones medulares<\/li>\n<li>Fallecidos<\/li>\n<li>Lesiones en la cabeza<\/li>\n<li>Amputaciones<\/li>\n<li>Desfiguraci\u00f3n<\/li>\n<li>Hemorragias internas y otras lesiones internas<\/li>\n<\/ul>\n<p>Todos tenemos un papel que desempe\u00f1ar para detener la conducci\u00f3n distra\u00edda. Los abogados del Grupo Legal Flaxman creen que actualmente no se hace lo suficiente para ayudar a prevenir la conducci\u00f3n distra\u00edda en nuestras carreteras. Desgraciadamente, los conductores imprudentes al volante cuestan miles de vidas cada a\u00f1o y causan lesiones devastadoras cada d\u00eda porque no se toman la conducci\u00f3n lo suficientemente en serio. Nuestros abogados forman parte de la comunidad y est\u00e1n en las carreteras todos los d\u00edas, y a menudo ven a conductores que hablan por el m\u00f3vil o env\u00edan mensajes de texto en sus dispositivos m\u00f3viles en lugar de centrarse plenamente en la carretera. Es una situaci\u00f3n lamentable, que con demasiada frecuencia conduce a la tragedia.    <\/p>\n<p>Si usted desea levantar un caso de homicidio culposo o una demanda por lesiones personales contra un conductor distra\u00eddo o imprudente, contacte al Grupo Legal Flaxman para recibir asesor\u00eda compasiva, as\u00ed como una agresiva representaci\u00f3n legal. Tu consulta inicial es gratuita y no conlleva absolutamente ninguna obligaci\u00f3n. <\/p>\n<\/p><\/div>\n<\/p><\/div>\n","protected":false},"excerpt":{"rendered":"<p>Sin honorarios a menos que ganemos. Llama al 866-352-9626 para una &#8230; <\/p>\n","protected":false},"author":3,"featured_media":0,"parent":0,"menu_order":0,"comment_status":"closed","ping_status":"closed","template":"template-practice-areas.php","meta":{"footnotes":""},"class_list":["post-22342","page","type-page","status-publish","hentry"],"featured_image_src":null,"featured_image_src_square":null,"_links":{"self":[{"href":"https:\/\/flaxmanlaw.com\/es\/wp-json\/wp\/v2\/pages\/22342","targetHints":{"allow":["GET"]}}],"collection":[{"href":"https:\/\/flaxmanlaw.com\/es\/wp-json\/wp\/v2\/pages"}],"about":[{"href":"https:\/\/flaxmanlaw.com\/es\/wp-json\/wp\/v2\/types\/page"}],"author":[{"embeddable":true,"href":"https:\/\/flaxmanlaw.com\/es\/wp-json\/wp\/v2\/users\/3"}],"replies":[{"embeddable":true,"href":"https:\/\/flaxmanlaw.com\/es\/wp-json\/wp\/v2\/comments?post=22342"}],"version-history":[{"count":0,"href":"https:\/\/flaxmanlaw.com\/es\/wp-json\/wp\/v2\/pages\/22342\/revisions"}],"wp:attachment":[{"href":"https:\/\/flaxmanlaw.com\/es\/wp-json\/wp\/v2\/media?parent=22342"}],"curies":[{"name":"wp","href":"https:\/\/api.w.org\/{rel}","templated":true}]}}